{"id":662,"date":"2023-04-11T13:23:52","date_gmt":"2023-04-11T13:23:52","guid":{"rendered":"https:\/\/scandiumliving.ee\/tinymarienholm\/?page_id=662"},"modified":"2026-03-23T10:49:14","modified_gmt":"2026-03-23T10:49:14","slug":"house-rules-and-recommendations-in-haapsalu","status":"publish","type":"page","link":"https:\/\/scandiumliving.ee\/tinymarienholm\/en\/house-rules-and-recommendations-in-haapsalu\/","title":{"rendered":"House rules and recommendations in Haapsalu"},"content":{"rendered":"\n<div class=\"wp-block-cover alignfull\"><img loading=\"lazy\" decoding=\"async\" width=\"2560\" height=\"1705\" class=\"wp-block-cover__image-background wp-image-1571\" alt=\"\" src=\"https:\/\/scandiumliving.ee\/tinymarienholm\/wp-content\/uploads\/2023\/08\/minivilla-haapsalus-tiny-marienholm-1-scaled.jpg\" style=\"object-position:44% 43%\" data-object-fit=\"cover\" data-object-position=\"44% 43%\" srcset=\"https:\/\/scandiumliving.ee\/tinymarienholm\/wp-content\/uploads\/2023\/08\/minivilla-haapsalus-tiny-marienholm-1-scaled.jpg 2560w, https:\/\/scandiumliving.ee\/tinymarienholm\/wp-content\/uploads\/2023\/08\/minivilla-haapsalus-tiny-marienholm-1-300x200.jpg 300w, https:\/\/scandiumliving.ee\/tinymarienholm\/wp-content\/uploads\/2023\/08\/minivilla-haapsalus-tiny-marienholm-1-1024x682.jpg 1024w, https:\/\/scandiumliving.ee\/tinymarienholm\/wp-content\/uploads\/2023\/08\/minivilla-haapsalus-tiny-marienholm-1-768x512.jpg 768w, https:\/\/scandiumliving.ee\/tinymarienholm\/wp-content\/uploads\/2023\/08\/minivilla-haapsalus-tiny-marienholm-1-1536x1023.jpg 1536w, https:\/\/scandiumliving.ee\/tinymarienholm\/wp-content\/uploads\/2023\/08\/minivilla-haapsalus-tiny-marienholm-1-2048x1364.jpg 2048w, https:\/\/scandiumliving.ee\/tinymarienholm\/wp-content\/uploads\/2023\/08\/minivilla-haapsalus-tiny-marienholm-1-1568x1044.jpg 1568w\" sizes=\"auto, (max-width: 2560px) 100vw, 2560px\" \/><span aria-hidden=\"true\" class=\"wp-block-cover__background has-background-dim-60 has-background-dim\"><\/span><div class=\"wp-block-cover__inner-container is-layout-flow wp-block-cover-is-layout-flow\">\n<p class=\"has-text-align-center has-large-font-size\"><\/p>\n<\/div><\/div>\n\n\n\n<h2 class=\"wp-block-heading has-text-align-center has-large-font-size\" style=\"font-style:normal;font-weight:300;letter-spacing:1px\">House rules and recommendations in Haapsalu<\/h2>\n\n\n\n<p><strong>Welcome to Tiny Marienholm! <\/strong><\/p>\n\n\n\n<p>We hope that your vacation in Haapsalu will be memorable!<\/p>\n\n\n\n<p>Below, please find some house rules and tricks we would like to draw your attention to:<\/p>\n\n\n\n<ul class=\"wp-block-list\">\n<li>You can conveniently park your car in the designated <strong>parking lot <\/strong>near the houses.<\/li>\n\n\n\n<li>You can enter the room with the <strong>smart lock code<\/strong>. The code will be sent to you a couple of days before your arrival.<\/li>\n\n\n\n<li>Please keep the front <strong>door locked when leaving and at night<\/strong>, and do not leave personal belongings on the terrace. There can be strong gusts of wind on the peninsula open to the sea, and they can carry your belongings into the sea.<\/li>\n\n\n\n<li><strong>Smoking is not allowed<\/strong> in our houses. Campfires on the peninsula are also not allowed.<\/li>\n\n\n\n<li>For fire safety, there is <strong>a smoke detector<\/strong> and <strong>a fire extinguisher in <\/strong>the house. The latter is located in the cabinet under the sink.<\/li>\n\n\n\n<li>Please <strong>do not wear outdoor shoes in the room<\/strong> in order to keep the floors in good condition and clean.<\/li>\n\n\n\n<li>In the house next door, there are people staying that are most probably just as nice as you. For their sake, we ask you to keep <strong>the noise level<\/strong> between 11:00 PM and 8:00 AM to a minimum. Our houses are designed for two people. Large groups or parties are not welcomed here.<\/li>\n\n\n\n<li>However, <strong>small children<\/strong> <strong>and pets<\/strong> <strong>are<\/strong> very <strong>welcome<\/strong> with us. For small children, you can order an extra <strong>travel bed with the bed linen<\/strong>.<\/li>\n\n\n\n<li>If you have pets with you, you need to pay <strong>an additional pet fee<\/strong>. For your pets, the rules of maintaining tidiness apply on the peninsula just like elsewhere in Estonia &#8211; please clean up after your dog so that no one finds any surprises under their feet \ud83d\ude42 Pets are not allowed on the bed in our houses.<\/li>\n\n\n\n<li>We have <strong>towels <\/strong>available for all guests. Please do not take them away from the house (e.g., to the beach).<\/li>\n\n\n\n<li>Naturally, we carry out a thorough cleaning before each visit, but we kindly ask you to <strong>leave the house as clean as possible <\/strong>when you leave, with the kitchenware washed or in the dishwasher.<\/li>\n\n\n\n<li><strong>Check-out<\/strong> is until 12:00. Want an extra hour of sleep? Just in case, please ask if this is possible.<\/li>\n<\/ul>\n\n\n\n<p><\/p>\n\n\n\n<p><strong>Some tips on how to successfully operate in the house:<\/strong><\/p>\n\n\n\n<ol start=\"1\" class=\"wp-block-list\">\n<li><strong>SAUNA.\u00a0<\/strong>If you chose a house with a sauna, you will have access to a separate sauna house next to your house during your stay. Starting it is easy \u2013 it works with electricity and heats up in about an hour. In an hour, the sauna achieves the sanarium effect, where you can enjoy the view longer in the warm sauna. You can have a hot steam room in two hours. You will find the sauna instructions inside of the sauna house. Using sauna whisks is truly enjoyable, but we kindly ask you not to do it here. Otherwise, cleaning takes significantly longer than expected. \ud83d\ude42<\/li>\n\n\n\n<li><strong>INTERNET.<\/strong>&nbsp;There is free Wi-Fi in the house.<br>Name of the network: TinyMarienholmX (X is the number of your house)<br>Password: ScandiumLiving<\/li>\n\n\n\n<li><strong>SPEAKER.<\/strong>&nbsp;You have a JBL speaker at your disposal. You can connect it to your phone via Bluetooth and play your favorite music.<\/li>\n\n\n\n<li><strong>HEATING &amp; COOLING<\/strong>. The house is&nbsp;<strong>heated and cooled by a heat pump<\/strong>. You can conveniently control it from the remote according to your preferences, choose between different modes (heating, cooling, etc.), and if you wish, you can turn it off altogether.<\/li>\n\n\n\n<li><strong>DISHWASHER.&nbsp;<\/strong>You will find a small dishwasher hidden in the kitchen cupboard. The dishwasher tablets are on top of the dishwasher. You can turn on the machine when you leave and leave it running.<\/li>\n\n\n\n<li>Please bring&nbsp;<strong>the outdoor textiles<\/strong>&nbsp;in for the night.<\/li>\n\n\n\n<li><strong>SWIMMING.<\/strong>&nbsp;The closest option for swimming is the sandy beach of Vasikaholm. It is about 3 minute\u2019s walk away in the direction of the city center. We do not recommend going into the water at the mini villas. Caution! The water around the pier is shallow!<\/li>\n\n\n\n<li>If you post on Instagram, please tag us&nbsp;<strong>@tinymarienholm<\/strong>&nbsp;so we can inspire more through your experience (assumes your Instagram account is public).<\/li>\n\n\n\n<li><strong>FIREPLACE.<\/strong> Please be very careful when lighting a fire in the fireplace and pull the curtain away from the window and the fireplace. Do not add more wood than is placed in the fireplace. Open the damper on the fireplace &#8211; the holes open. Light the fire in the fireplace using the the lighter and close the door. Please do not open the door while the fire is burning. When the fire and coals in the fireplace are completely extinguished, close the damper.<\/li>\n<\/ol>\n\n\n\n<p><strong>Additional options<\/strong><\/p>\n\n\n\n<p>There are nice places in Haapsalu to visit and discover. Here are some of our favorites from this year:<\/p>\n\n\n\n<ul class=\"wp-block-list\">\n<li><strong>The best taste experiences:<\/strong>&nbsp;<strong><a href=\"https:\/\/dietrich.ee\/\" target=\"_blank\" rel=\"noreferrer noopener\">Hapsal Dietrich&nbsp;Cafe &amp; Restaurant<\/a>,&nbsp;<a href=\"https:\/\/www.facebook.com\/profile.php?id=100063900819633\" target=\"_blank\" rel=\"noreferrer noopener\">Wiigi Cafe<\/a>,&nbsp;<a href=\"https:\/\/www.muuriaare.ee\/\" target=\"_blank\" rel=\"noreferrer noopener\">M\u00fc\u00fcri\u00e4\u00e4re Cafe<\/a>,&nbsp;<a href=\"https:\/\/kuursaal.ee\/\" target=\"_blank\" rel=\"noreferrer noopener\">Haapsalu Kuursaal<\/a>,&nbsp;<a href=\"https:\/\/villafriedheim.ee\/kohvik\/\" target=\"_blank\" rel=\"noreferrer noopener\">Von Gernet Cafe<\/a>, <a href=\"https:\/\/www.facebook.com\/merakihaapsalu\/\" target=\"_blank\" rel=\"noreferrer noopener\">Meraki Haapsalu<\/a>, <a href=\"https:\/\/radorestoran.ee\/frontpage\/\" target=\"_blank\" rel=\"noreferrer noopener\">Rado Restaurant<\/a><\/strong><\/li>\n\n\n\n<li><strong>Swimming<\/strong>: Paralepa Beach, Vasikaholm Beach, V\u00e4ike Viik Beach<\/li>\n\n\n\n<li><strong>Active holiday:<\/strong>&nbsp;<strong><a href=\"https:\/\/www.spordibaasid.ee\/et\/krahviaia-tennisekeskus\" target=\"_blank\" rel=\"noreferrer noopener\">Krahviaia Tennis Centre<\/a>, <strong><a href=\"https:\/\/haapsalupadel.ee\/\" target=\"_blank\" rel=\"noreferrer noopener\">Haapsalu Padel<\/a>,<\/strong><\/strong> <strong><a href=\"https:\/\/www.haapsaluseikluspark.ee\/\" target=\"_blank\" rel=\"noreferrer noopener\">Haapsalu Adventure Park<\/a>,&nbsp;<a href=\"https:\/\/360.ee\/matkad\/haapsalus\/\" target=\"_blank\" rel=\"noreferrer noopener\">Kayak trip in Haapsalu Bay<\/a>,&nbsp;<a href=\"https:\/\/www.facebook.com\/haapsaluveetakso\/\" target=\"_blank\" rel=\"noreferrer noopener\">Water taxi to the Noaroots peninsula<\/a>,&nbsp;<a href=\"https:\/\/www.puhkaeestis.ee\/et\/paadilaenutus-haapsalu-promenaadil\" target=\"_blank\" rel=\"noreferrer noopener\">Boat rental on Haapsalu promenade<\/a>, <a href=\"https:\/\/www.spordibaasid.ee\/et\" target=\"_blank\" rel=\"noreferrer noopener\">Haapsalu Sport Centre<\/a><\/strong><\/li>\n\n\n\n<li><strong>Health<\/strong>:&nbsp;<strong><a href=\"https:\/\/www.hestiahotels.com\/haapsaluspa\/vee-ja-saunaspaa\/\" target=\"_blank\" rel=\"noreferrer noopener\">Hestia Hotel Haapsalu Spa<\/a>, <a href=\"https:\/\/www.framare.ee\/\">F<\/a><a href=\"https:\/\/www.framare.ee\/\" target=\"_blank\" rel=\"noreferrer noopener\">ra Mare Thalasso Spa<\/a><\/strong><\/li>\n\n\n\n<li><strong>Rainy day ideas:&nbsp;<a href=\"https:\/\/linnus.salm.ee\/\" target=\"_blank\" rel=\"noreferrer noopener\">Haapsalu Castle<\/a>,&nbsp;<a href=\"https:\/\/salm.ee\/haapsalu-raekoda\/\" target=\"_blank\" rel=\"noreferrer noopener\">Haapsalu Town Hall<\/a>,&nbsp;<a href=\"https:\/\/salm.ee\/iloni-imedemaa\/\" target=\"_blank\" rel=\"noreferrer noopener\">Ilon\u00b4s Wonderland<\/a>,&nbsp;<a href=\"https:\/\/www.facebook.com\/eppmariagalerii\/\" target=\"_blank\" rel=\"noreferrer noopener\">Epp Maria&#8217;s Gallery<\/a>,&nbsp;<a href=\"https:\/\/salm.ee\/raudtee-ja-sidemuuseum\/\" target=\"_blank\" rel=\"noreferrer noopener\">Railway and Communications museum<\/a><\/strong><\/li>\n<\/ul>\n\n\n\n<p><\/p>\n\n\n\n<p><strong>Breakfast options<\/strong><\/p>\n\n\n\n<ul class=\"wp-block-list\">\n<li>In your mini villa, you have a <strong>selection of cooking equipment<\/strong> at your disposal &#8211; you will find the stove and pots and pans, as well as salt, pepper, and coffee capsules with a Nespresso machine in the kitchen cupboard. Unfortunately, we don&#8217;t offer breakfast, so feel free to take your favourite ingredients with you to prepare the meal yourself!<\/li>\n\n\n\n<li>For example, Hestia Hotel or Wiigi Cafe serves a nice breakfast. We recommend calling ahead to see if they have free places and if they are open during your stay.<\/li>\n<\/ul>\n\n\n\n<p><strong>In case of fire or other accident, call 112.<\/strong><\/p>\n\n\n\n<p><strong>If you have any concerns, please call or send a message and we will try to find a solution together: +372 55680676.<\/strong><\/p>\n\n\n\n<p>Have a nice vacation!<\/p>\n\n\n\n<p><em>Tiny Marienholm!<\/em><\/p>\n","protected":false},"excerpt":{"rendered":"<p>House rules and recommendations in Haapsalu Welcome to Tiny Marienholm! We hope that your vacation in Haapsalu will be memorable! Below, please find some house rules and tricks we would like to draw your attention to: Some tips on how to successfully operate in the house: Additional options There are nice places in Haapsalu to [&hellip;]<\/p>\n","protected":false},"author":4,"featured_media":0,"parent":0,"menu_order":0,"comment_status":"closed","ping_status":"closed","template":"","meta":{"inline_featured_image":false,"footnotes":""},"class_list":["post-662","page","type-page","status-publish","hentry"],"yoast_head":"<!-- This site is optimized with the Yoast SEO plugin v26.7 - https:\/\/yoast.com\/wordpress\/plugins\/seo\/ -->\n<title>House rules and recommendations in Haapsalu - Tiny Marienholm<\/title>\n<meta name=\"robots\" content=\"index, follow, max-snippet:-1, max-image-preview:large, max-video-preview:-1\" \/>\n<link rel=\"canonical\" href=\"https:\/\/scandiumliving.ee\/tinymarienholm\/en\/house-rules-and-recommendations-in-haapsalu\/\" \/>\n<meta property=\"og:locale\" content=\"en_US\" \/>\n<meta property=\"og:type\" content=\"article\" \/>\n<meta property=\"og:title\" content=\"House rules and recommendations in Haapsalu - Tiny Marienholm\" \/>\n<meta property=\"og:description\" content=\"House rules and recommendations in Haapsalu Welcome to Tiny Marienholm! We hope that your vacation in Haapsalu will be memorable! Below, please find some house rules and tricks we would like to draw your attention to: Some tips on how to successfully operate in the house: Additional options There are nice places in Haapsalu to [&hellip;]\" \/>\n<meta property=\"og:url\" content=\"https:\/\/scandiumliving.ee\/tinymarienholm\/en\/house-rules-and-recommendations-in-haapsalu\/\" \/>\n<meta property=\"og:site_name\" content=\"Tiny Marienholm\" \/>\n<meta property=\"article:modified_time\" content=\"2026-03-23T10:49:14+00:00\" \/>\n<meta property=\"og:image\" content=\"https:\/\/scandiumliving.ee\/tinymarienholm\/wp-content\/uploads\/2023\/08\/minivilla-haapsalus-tiny-marienholm-1-scaled.jpg\" \/>\n\t<meta property=\"og:image:width\" content=\"2560\" \/>\n\t<meta property=\"og:image:height\" content=\"1705\" \/>\n\t<meta property=\"og:image:type\" content=\"image\/jpeg\" \/>\n<meta name=\"twitter:card\" content=\"summary_large_image\" \/>\n<meta name=\"twitter:label1\" content=\"Est. reading time\" \/>\n\t<meta name=\"twitter:data1\" content=\"6 minutes\" \/>\n<script type=\"application\/ld+json\" class=\"yoast-schema-graph\">{\"@context\":\"https:\/\/schema.org\",\"@graph\":[{\"@type\":\"WebPage\",\"@id\":\"https:\/\/scandiumliving.ee\/tinymarienholm\/en\/house-rules-and-recommendations-in-haapsalu\/\",\"url\":\"https:\/\/scandiumliving.ee\/tinymarienholm\/en\/house-rules-and-recommendations-in-haapsalu\/\",\"name\":\"House rules and recommendations in Haapsalu - Tiny Marienholm\",\"isPartOf\":{\"@id\":\"https:\/\/scandiumliving.ee\/tinymarienholm\/#website\"},\"primaryImageOfPage\":{\"@id\":\"https:\/\/scandiumliving.ee\/tinymarienholm\/en\/house-rules-and-recommendations-in-haapsalu\/#primaryimage\"},\"image\":{\"@id\":\"https:\/\/scandiumliving.ee\/tinymarienholm\/en\/house-rules-and-recommendations-in-haapsalu\/#primaryimage\"},\"thumbnailUrl\":\"https:\/\/scandiumliving.ee\/tinymarienholm\/wp-content\/uploads\/2023\/08\/minivilla-haapsalus-tiny-marienholm-1-scaled.jpg\",\"datePublished\":\"2023-04-11T13:23:52+00:00\",\"dateModified\":\"2026-03-23T10:49:14+00:00\",\"breadcrumb\":{\"@id\":\"https:\/\/scandiumliving.ee\/tinymarienholm\/en\/house-rules-and-recommendations-in-haapsalu\/#breadcrumb\"},\"inLanguage\":\"en-US\",\"potentialAction\":[{\"@type\":\"ReadAction\",\"target\":[\"https:\/\/scandiumliving.ee\/tinymarienholm\/en\/house-rules-and-recommendations-in-haapsalu\/\"]}]},{\"@type\":\"ImageObject\",\"inLanguage\":\"en-US\",\"@id\":\"https:\/\/scandiumliving.ee\/tinymarienholm\/en\/house-rules-and-recommendations-in-haapsalu\/#primaryimage\",\"url\":\"https:\/\/scandiumliving.ee\/tinymarienholm\/wp-content\/uploads\/2023\/08\/minivilla-haapsalus-tiny-marienholm-1-scaled.jpg\",\"contentUrl\":\"https:\/\/scandiumliving.ee\/tinymarienholm\/wp-content\/uploads\/2023\/08\/minivilla-haapsalus-tiny-marienholm-1-scaled.jpg\"},{\"@type\":\"BreadcrumbList\",\"@id\":\"https:\/\/scandiumliving.ee\/tinymarienholm\/en\/house-rules-and-recommendations-in-haapsalu\/#breadcrumb\",\"itemListElement\":[{\"@type\":\"ListItem\",\"position\":1,\"name\":\"Home\",\"item\":\"https:\/\/scandiumliving.ee\/tinymarienholm\/en\/tiny-marienholm-mini-villas-in-haapsalu\/\"},{\"@type\":\"ListItem\",\"position\":2,\"name\":\"House rules and recommendations in Haapsalu\"}]},{\"@type\":\"WebSite\",\"@id\":\"https:\/\/scandiumliving.ee\/tinymarienholm\/#website\",\"url\":\"https:\/\/scandiumliving.ee\/tinymarienholm\/\",\"name\":\"Tiny Marienholm\",\"description\":\"Minivillad Haapsalus\",\"potentialAction\":[{\"@type\":\"SearchAction\",\"target\":{\"@type\":\"EntryPoint\",\"urlTemplate\":\"https:\/\/scandiumliving.ee\/tinymarienholm\/?s={search_term_string}\"},\"query-input\":{\"@type\":\"PropertyValueSpecification\",\"valueRequired\":true,\"valueName\":\"search_term_string\"}}],\"inLanguage\":\"en-US\"}]}<\/script>\n<!-- \/ Yoast SEO plugin. -->","yoast_head_json":{"title":"House rules and recommendations in Haapsalu - Tiny Marienholm","robots":{"index":"index","follow":"follow","max-snippet":"max-snippet:-1","max-image-preview":"max-image-preview:large","max-video-preview":"max-video-preview:-1"},"canonical":"https:\/\/scandiumliving.ee\/tinymarienholm\/en\/house-rules-and-recommendations-in-haapsalu\/","og_locale":"en_US","og_type":"article","og_title":"House rules and recommendations in Haapsalu - Tiny Marienholm","og_description":"House rules and recommendations in Haapsalu Welcome to Tiny Marienholm! We hope that your vacation in Haapsalu will be memorable! Below, please find some house rules and tricks we would like to draw your attention to: Some tips on how to successfully operate in the house: Additional options There are nice places in Haapsalu to [&hellip;]","og_url":"https:\/\/scandiumliving.ee\/tinymarienholm\/en\/house-rules-and-recommendations-in-haapsalu\/","og_site_name":"Tiny Marienholm","article_modified_time":"2026-03-23T10:49:14+00:00","og_image":[{"width":2560,"height":1705,"url":"https:\/\/scandiumliving.ee\/tinymarienholm\/wp-content\/uploads\/2023\/08\/minivilla-haapsalus-tiny-marienholm-1-scaled.jpg","type":"image\/jpeg"}],"twitter_card":"summary_large_image","twitter_misc":{"Est. reading time":"6 minutes"},"schema":{"@context":"https:\/\/schema.org","@graph":[{"@type":"WebPage","@id":"https:\/\/scandiumliving.ee\/tinymarienholm\/en\/house-rules-and-recommendations-in-haapsalu\/","url":"https:\/\/scandiumliving.ee\/tinymarienholm\/en\/house-rules-and-recommendations-in-haapsalu\/","name":"House rules and recommendations in Haapsalu - Tiny Marienholm","isPartOf":{"@id":"https:\/\/scandiumliving.ee\/tinymarienholm\/#website"},"primaryImageOfPage":{"@id":"https:\/\/scandiumliving.ee\/tinymarienholm\/en\/house-rules-and-recommendations-in-haapsalu\/#primaryimage"},"image":{"@id":"https:\/\/scandiumliving.ee\/tinymarienholm\/en\/house-rules-and-recommendations-in-haapsalu\/#primaryimage"},"thumbnailUrl":"https:\/\/scandiumliving.ee\/tinymarienholm\/wp-content\/uploads\/2023\/08\/minivilla-haapsalus-tiny-marienholm-1-scaled.jpg","datePublished":"2023-04-11T13:23:52+00:00","dateModified":"2026-03-23T10:49:14+00:00","breadcrumb":{"@id":"https:\/\/scandiumliving.ee\/tinymarienholm\/en\/house-rules-and-recommendations-in-haapsalu\/#breadcrumb"},"inLanguage":"en-US","potentialAction":[{"@type":"ReadAction","target":["https:\/\/scandiumliving.ee\/tinymarienholm\/en\/house-rules-and-recommendations-in-haapsalu\/"]}]},{"@type":"ImageObject","inLanguage":"en-US","@id":"https:\/\/scandiumliving.ee\/tinymarienholm\/en\/house-rules-and-recommendations-in-haapsalu\/#primaryimage","url":"https:\/\/scandiumliving.ee\/tinymarienholm\/wp-content\/uploads\/2023\/08\/minivilla-haapsalus-tiny-marienholm-1-scaled.jpg","contentUrl":"https:\/\/scandiumliving.ee\/tinymarienholm\/wp-content\/uploads\/2023\/08\/minivilla-haapsalus-tiny-marienholm-1-scaled.jpg"},{"@type":"BreadcrumbList","@id":"https:\/\/scandiumliving.ee\/tinymarienholm\/en\/house-rules-and-recommendations-in-haapsalu\/#breadcrumb","itemListElement":[{"@type":"ListItem","position":1,"name":"Home","item":"https:\/\/scandiumliving.ee\/tinymarienholm\/en\/tiny-marienholm-mini-villas-in-haapsalu\/"},{"@type":"ListItem","position":2,"name":"House rules and recommendations in Haapsalu"}]},{"@type":"WebSite","@id":"https:\/\/scandiumliving.ee\/tinymarienholm\/#website","url":"https:\/\/scandiumliving.ee\/tinymarienholm\/","name":"Tiny Marienholm","description":"Minivillad Haapsalus","potentialAction":[{"@type":"SearchAction","target":{"@type":"EntryPoint","urlTemplate":"https:\/\/scandiumliving.ee\/tinymarienholm\/?s={search_term_string}"},"query-input":{"@type":"PropertyValueSpecification","valueRequired":true,"valueName":"search_term_string"}}],"inLanguage":"en-US"}]}},"_links":{"self":[{"href":"https:\/\/scandiumliving.ee\/tinymarienholm\/en\/wp-json\/wp\/v2\/pages\/662","targetHints":{"allow":["GET"]}}],"collection":[{"href":"https:\/\/scandiumliving.ee\/tinymarienholm\/en\/wp-json\/wp\/v2\/pages"}],"about":[{"href":"https:\/\/scandiumliving.ee\/tinymarienholm\/en\/wp-json\/wp\/v2\/types\/page"}],"author":[{"embeddable":true,"href":"https:\/\/scandiumliving.ee\/tinymarienholm\/en\/wp-json\/wp\/v2\/users\/4"}],"replies":[{"embeddable":true,"href":"https:\/\/scandiumliving.ee\/tinymarienholm\/en\/wp-json\/wp\/v2\/comments?post=662"}],"version-history":[{"count":29,"href":"https:\/\/scandiumliving.ee\/tinymarienholm\/en\/wp-json\/wp\/v2\/pages\/662\/revisions"}],"predecessor-version":[{"id":2912,"href":"https:\/\/scandiumliving.ee\/tinymarienholm\/en\/wp-json\/wp\/v2\/pages\/662\/revisions\/2912"}],"wp:attachment":[{"href":"https:\/\/scandiumliving.ee\/tinymarienholm\/en\/wp-json\/wp\/v2\/media?parent=662"}],"curies":[{"name":"wp","href":"https:\/\/api.w.org\/{rel}","templated":true}]}}