{"id":118,"date":"2022-11-07T14:13:26","date_gmt":"2022-11-07T14:13:26","guid":{"rendered":"https:\/\/scandiumliving.ee\/tinymarienholm\/?page_id=118"},"modified":"2023-08-23T11:07:39","modified_gmt":"2023-08-23T11:07:39","slug":"oobimine-haapsalus-tiny-marienholm","status":"publish","type":"page","link":"https:\/\/scandiumliving.ee\/tinymarienholm\/oobimine-haapsalus-tiny-marienholm\/","title":{"rendered":"Sinu parim uni"},"content":{"rendered":"\n<div class=\"wp-block-cover alignfull\"><span aria-hidden=\"true\" class=\"wp-block-cover__background has-background-dim-30 has-background-dim\"><\/span><img loading=\"lazy\" decoding=\"async\" width=\"1440\" height=\"1600\" class=\"wp-block-cover__image-background wp-image-1613\" alt=\"\" src=\"https:\/\/scandiumliving.ee\/tinymarienholm\/wp-content\/uploads\/2023\/08\/oobimine-haapsalus-tiny-marienholm.png\" data-object-fit=\"cover\" srcset=\"https:\/\/scandiumliving.ee\/tinymarienholm\/wp-content\/uploads\/2023\/08\/oobimine-haapsalus-tiny-marienholm.png 1440w, https:\/\/scandiumliving.ee\/tinymarienholm\/wp-content\/uploads\/2023\/08\/oobimine-haapsalus-tiny-marienholm-270x300.png 270w, https:\/\/scandiumliving.ee\/tinymarienholm\/wp-content\/uploads\/2023\/08\/oobimine-haapsalus-tiny-marienholm-922x1024.png 922w, https:\/\/scandiumliving.ee\/tinymarienholm\/wp-content\/uploads\/2023\/08\/oobimine-haapsalus-tiny-marienholm-768x853.png 768w, https:\/\/scandiumliving.ee\/tinymarienholm\/wp-content\/uploads\/2023\/08\/oobimine-haapsalus-tiny-marienholm-1382x1536.png 1382w\" sizes=\"auto, (max-width: 1440px) 100vw, 1440px\" \/><div class=\"wp-block-cover__inner-container is-layout-flow wp-block-cover-is-layout-flow\">\n<p class=\"has-text-align-center has-large-font-size\"><\/p>\n<\/div><\/div>\n\n\n\n<h2 class=\"wp-block-heading has-text-align-center has-large-font-size\" style=\"font-style:normal;font-weight:300;letter-spacing:1px\">Sinu parim uni &#8211; \u00f6\u00f6bi Haapsalus<\/h2>\n\n\n\n<p style=\"font-size:17px\">\u00d6\u00f6bimine Haapsalus on viidud uutesse k\u00f5rgustesse! Meie teame kui t\u00e4htis on kosutav \u00f6\u00f6uni! Tiny Marienholmis oleme heade unetingimuste loomisele palju m\u00f5elnud.<\/p>\n\n\n\n<p style=\"font-size:17px\">Saabumisel leiate Hea Une pakikese koos k\u00f5rvatroppide, silmaklappide ja praktiliste soovitustega unen\u00f5usataja Kene Vernikult, kuidas ise igap\u00e4evaselt unekvaliteeti soodustada. K\u00f5igil minivilladel on kvaliteetsed pimendavad kardinad ja mugavad voodid. Isegi k\u00fctet on v\u00f5imalik \u00f6\u00f6seks k\u00e4sitsi v\u00e4lja l\u00fclitada, et tagada t\u00e4ielik vaikus ja sobivam magamistemperatuur.<\/p>\n\n\n\n<p>Broneeri \u00f6\u00f6 parimat und <a href=\"https:\/\/scandiumliving.ee\/tinymarienholm\/\">Siin<\/a>.<\/p>\n\n\n\n<p style=\"font-size:17px\">Ilusaid unen\u00e4gusid!<\/p>\n\n\n\n<p><\/p>\n\n\n\n<h2 class=\"wp-block-heading has-text-align-center\">\u00d6\u00f6bimine Haapsalus \u00fcllatab m\u00f5nusalt<\/h2>\n\n\n\n<p>Haapsalus oleme harjunud hubaste puidust majade ja SPA-v\u00f5imalusi pakkuvate SPA-dega. Alates 2023. aasta suvest on aga ka t\u00e4iesti uus v\u00f5imalus, mida varem oskasime otsida vaid metsade ja laante r\u00fcpest &#8211; elegantsed peegelmajad v\u00f5rratu merevaatega! Tule koge romantilist puhkust koos l\u00e4bim\u00f5eldud detailidega Marienholmi poolsaarel ja lase end \u00fcllatada, mida Haapsalul on veel pakkuda! Vaata l\u00e4hemalt, milline Tiny Marienholm minivillade k\u00fcla endast kujutab <a href=\"https:\/\/www.youtube.com\/watch?v=cdDSkXO9gLk\">videost<\/a>.<\/p>\n\n\n\n<p>Ootame Sind nii kosutava p\u00e4ikese kui m\u00e4sleva tormiga &#8211; meie juures on alati hea!<br><br>Tiny Marienholm<\/p>\n\n\n\n<div style=\"height:25px\" aria-hidden=\"true\" class=\"wp-block-spacer\"><\/div>\n","protected":false},"excerpt":{"rendered":"<p>Sinu parim uni &#8211; \u00f6\u00f6bi Haapsalus \u00d6\u00f6bimine Haapsalus on viidud uutesse k\u00f5rgustesse! Meie teame kui t\u00e4htis on kosutav \u00f6\u00f6uni! Tiny Marienholmis oleme heade unetingimuste loomisele palju m\u00f5elnud. Saabumisel leiate Hea Une pakikese koos k\u00f5rvatroppide, silmaklappide ja praktiliste soovitustega unen\u00f5usataja Kene Vernikult, kuidas ise igap\u00e4evaselt unekvaliteeti soodustada. K\u00f5igil minivilladel on kvaliteetsed pimendavad kardinad ja mugavad voodid. [&hellip;]<\/p>\n","protected":false},"author":3,"featured_media":0,"parent":0,"menu_order":0,"comment_status":"closed","ping_status":"closed","template":"","meta":{"inline_featured_image":false,"footnotes":""},"class_list":["post-118","page","type-page","status-publish","hentry"],"yoast_head":"<!-- This site is optimized with the Yoast SEO plugin v26.7 - https:\/\/yoast.com\/wordpress\/plugins\/seo\/ -->\n<title>\u00d6\u00f6bimine Haapsalus - Tiny Marienholm<\/title>\n<meta name=\"description\" content=\"\u00d6\u00f6bimine Haapsalus otse merekaldal ootab Sind Tiny Marienholmis! Mugav voodi ja vaated, mida ei oska oodatagi!\" \/>\n<meta name=\"robots\" content=\"index, follow, max-snippet:-1, max-image-preview:large, max-video-preview:-1\" \/>\n<link rel=\"canonical\" href=\"https:\/\/scandiumliving.ee\/tinymarienholm\/oobimine-haapsalus-tiny-marienholm\/\" \/>\n<meta property=\"og:locale\" content=\"et_EE\" \/>\n<meta property=\"og:type\" content=\"article\" \/>\n<meta property=\"og:title\" content=\"\u00d6\u00f6bimine Haapsalus - Tiny Marienholm\" \/>\n<meta property=\"og:description\" content=\"\u00d6\u00f6bimine Haapsalus otse merekaldal ootab Sind Tiny Marienholmis! Mugav voodi ja vaated, mida ei oska oodatagi!\" \/>\n<meta property=\"og:url\" content=\"https:\/\/scandiumliving.ee\/tinymarienholm\/oobimine-haapsalus-tiny-marienholm\/\" \/>\n<meta property=\"og:site_name\" content=\"Tiny Marienholm\" \/>\n<meta property=\"article:modified_time\" content=\"2023-08-23T11:07:39+00:00\" \/>\n<meta property=\"og:image\" content=\"https:\/\/scandiumliving.ee\/tinymarienholm\/wp-content\/uploads\/2023\/08\/oobimine-haapsalus-tiny-marienholm.png\" \/>\n<meta name=\"twitter:card\" content=\"summary_large_image\" \/>\n<meta name=\"twitter:label1\" content=\"Est. reading time\" \/>\n\t<meta name=\"twitter:data1\" content=\"2 minutit\" \/>\n<script type=\"application\/ld+json\" class=\"yoast-schema-graph\">{\"@context\":\"https:\/\/schema.org\",\"@graph\":[{\"@type\":\"WebPage\",\"@id\":\"https:\/\/scandiumliving.ee\/tinymarienholm\/oobimine-haapsalus-tiny-marienholm\/\",\"url\":\"https:\/\/scandiumliving.ee\/tinymarienholm\/oobimine-haapsalus-tiny-marienholm\/\",\"name\":\"\u00d6\u00f6bimine Haapsalus - Tiny Marienholm\",\"isPartOf\":{\"@id\":\"https:\/\/scandiumliving.ee\/tinymarienholm\/#website\"},\"primaryImageOfPage\":{\"@id\":\"https:\/\/scandiumliving.ee\/tinymarienholm\/oobimine-haapsalus-tiny-marienholm\/#primaryimage\"},\"image\":{\"@id\":\"https:\/\/scandiumliving.ee\/tinymarienholm\/oobimine-haapsalus-tiny-marienholm\/#primaryimage\"},\"thumbnailUrl\":\"https:\/\/scandiumliving.ee\/tinymarienholm\/wp-content\/uploads\/2023\/08\/oobimine-haapsalus-tiny-marienholm.png\",\"datePublished\":\"2022-11-07T14:13:26+00:00\",\"dateModified\":\"2023-08-23T11:07:39+00:00\",\"description\":\"\u00d6\u00f6bimine Haapsalus otse merekaldal ootab Sind Tiny Marienholmis! Mugav voodi ja vaated, mida ei oska oodatagi!\",\"breadcrumb\":{\"@id\":\"https:\/\/scandiumliving.ee\/tinymarienholm\/oobimine-haapsalus-tiny-marienholm\/#breadcrumb\"},\"inLanguage\":\"et\",\"potentialAction\":[{\"@type\":\"ReadAction\",\"target\":[\"https:\/\/scandiumliving.ee\/tinymarienholm\/oobimine-haapsalus-tiny-marienholm\/\"]}]},{\"@type\":\"ImageObject\",\"inLanguage\":\"et\",\"@id\":\"https:\/\/scandiumliving.ee\/tinymarienholm\/oobimine-haapsalus-tiny-marienholm\/#primaryimage\",\"url\":\"https:\/\/scandiumliving.ee\/tinymarienholm\/wp-content\/uploads\/2023\/08\/oobimine-haapsalus-tiny-marienholm.png\",\"contentUrl\":\"https:\/\/scandiumliving.ee\/tinymarienholm\/wp-content\/uploads\/2023\/08\/oobimine-haapsalus-tiny-marienholm.png\",\"width\":1440,\"height\":1600},{\"@type\":\"BreadcrumbList\",\"@id\":\"https:\/\/scandiumliving.ee\/tinymarienholm\/oobimine-haapsalus-tiny-marienholm\/#breadcrumb\",\"itemListElement\":[{\"@type\":\"ListItem\",\"position\":1,\"name\":\"Home\",\"item\":\"https:\/\/scandiumliving.ee\/tinymarienholm\/\"},{\"@type\":\"ListItem\",\"position\":2,\"name\":\"Sinu parim uni\"}]},{\"@type\":\"WebSite\",\"@id\":\"https:\/\/scandiumliving.ee\/tinymarienholm\/#website\",\"url\":\"https:\/\/scandiumliving.ee\/tinymarienholm\/\",\"name\":\"Tiny Marienholm\",\"description\":\"Minivillad Haapsalus\",\"potentialAction\":[{\"@type\":\"SearchAction\",\"target\":{\"@type\":\"EntryPoint\",\"urlTemplate\":\"https:\/\/scandiumliving.ee\/tinymarienholm\/?s={search_term_string}\"},\"query-input\":{\"@type\":\"PropertyValueSpecification\",\"valueRequired\":true,\"valueName\":\"search_term_string\"}}],\"inLanguage\":\"et\"}]}<\/script>\n<!-- \/ Yoast SEO plugin. -->","yoast_head_json":{"title":"\u00d6\u00f6bimine Haapsalus - Tiny Marienholm","description":"\u00d6\u00f6bimine Haapsalus otse merekaldal ootab Sind Tiny Marienholmis! Mugav voodi ja vaated, mida ei oska oodatagi!","robots":{"index":"index","follow":"follow","max-snippet":"max-snippet:-1","max-image-preview":"max-image-preview:large","max-video-preview":"max-video-preview:-1"},"canonical":"https:\/\/scandiumliving.ee\/tinymarienholm\/oobimine-haapsalus-tiny-marienholm\/","og_locale":"et_EE","og_type":"article","og_title":"\u00d6\u00f6bimine Haapsalus - Tiny Marienholm","og_description":"\u00d6\u00f6bimine Haapsalus otse merekaldal ootab Sind Tiny Marienholmis! Mugav voodi ja vaated, mida ei oska oodatagi!","og_url":"https:\/\/scandiumliving.ee\/tinymarienholm\/oobimine-haapsalus-tiny-marienholm\/","og_site_name":"Tiny Marienholm","article_modified_time":"2023-08-23T11:07:39+00:00","og_image":[{"url":"https:\/\/scandiumliving.ee\/tinymarienholm\/wp-content\/uploads\/2023\/08\/oobimine-haapsalus-tiny-marienholm.png","type":"","width":"","height":""}],"twitter_card":"summary_large_image","twitter_misc":{"Est. reading time":"2 minutit"},"schema":{"@context":"https:\/\/schema.org","@graph":[{"@type":"WebPage","@id":"https:\/\/scandiumliving.ee\/tinymarienholm\/oobimine-haapsalus-tiny-marienholm\/","url":"https:\/\/scandiumliving.ee\/tinymarienholm\/oobimine-haapsalus-tiny-marienholm\/","name":"\u00d6\u00f6bimine Haapsalus - Tiny Marienholm","isPartOf":{"@id":"https:\/\/scandiumliving.ee\/tinymarienholm\/#website"},"primaryImageOfPage":{"@id":"https:\/\/scandiumliving.ee\/tinymarienholm\/oobimine-haapsalus-tiny-marienholm\/#primaryimage"},"image":{"@id":"https:\/\/scandiumliving.ee\/tinymarienholm\/oobimine-haapsalus-tiny-marienholm\/#primaryimage"},"thumbnailUrl":"https:\/\/scandiumliving.ee\/tinymarienholm\/wp-content\/uploads\/2023\/08\/oobimine-haapsalus-tiny-marienholm.png","datePublished":"2022-11-07T14:13:26+00:00","dateModified":"2023-08-23T11:07:39+00:00","description":"\u00d6\u00f6bimine Haapsalus otse merekaldal ootab Sind Tiny Marienholmis! Mugav voodi ja vaated, mida ei oska oodatagi!","breadcrumb":{"@id":"https:\/\/scandiumliving.ee\/tinymarienholm\/oobimine-haapsalus-tiny-marienholm\/#breadcrumb"},"inLanguage":"et","potentialAction":[{"@type":"ReadAction","target":["https:\/\/scandiumliving.ee\/tinymarienholm\/oobimine-haapsalus-tiny-marienholm\/"]}]},{"@type":"ImageObject","inLanguage":"et","@id":"https:\/\/scandiumliving.ee\/tinymarienholm\/oobimine-haapsalus-tiny-marienholm\/#primaryimage","url":"https:\/\/scandiumliving.ee\/tinymarienholm\/wp-content\/uploads\/2023\/08\/oobimine-haapsalus-tiny-marienholm.png","contentUrl":"https:\/\/scandiumliving.ee\/tinymarienholm\/wp-content\/uploads\/2023\/08\/oobimine-haapsalus-tiny-marienholm.png","width":1440,"height":1600},{"@type":"BreadcrumbList","@id":"https:\/\/scandiumliving.ee\/tinymarienholm\/oobimine-haapsalus-tiny-marienholm\/#breadcrumb","itemListElement":[{"@type":"ListItem","position":1,"name":"Home","item":"https:\/\/scandiumliving.ee\/tinymarienholm\/"},{"@type":"ListItem","position":2,"name":"Sinu parim uni"}]},{"@type":"WebSite","@id":"https:\/\/scandiumliving.ee\/tinymarienholm\/#website","url":"https:\/\/scandiumliving.ee\/tinymarienholm\/","name":"Tiny Marienholm","description":"Minivillad Haapsalus","potentialAction":[{"@type":"SearchAction","target":{"@type":"EntryPoint","urlTemplate":"https:\/\/scandiumliving.ee\/tinymarienholm\/?s={search_term_string}"},"query-input":{"@type":"PropertyValueSpecification","valueRequired":true,"valueName":"search_term_string"}}],"inLanguage":"et"}]}},"_links":{"self":[{"href":"https:\/\/scandiumliving.ee\/tinymarienholm\/wp-json\/wp\/v2\/pages\/118","targetHints":{"allow":["GET"]}}],"collection":[{"href":"https:\/\/scandiumliving.ee\/tinymarienholm\/wp-json\/wp\/v2\/pages"}],"about":[{"href":"https:\/\/scandiumliving.ee\/tinymarienholm\/wp-json\/wp\/v2\/types\/page"}],"author":[{"embeddable":true,"href":"https:\/\/scandiumliving.ee\/tinymarienholm\/wp-json\/wp\/v2\/users\/3"}],"replies":[{"embeddable":true,"href":"https:\/\/scandiumliving.ee\/tinymarienholm\/wp-json\/wp\/v2\/comments?post=118"}],"version-history":[{"count":17,"href":"https:\/\/scandiumliving.ee\/tinymarienholm\/wp-json\/wp\/v2\/pages\/118\/revisions"}],"predecessor-version":[{"id":1615,"href":"https:\/\/scandiumliving.ee\/tinymarienholm\/wp-json\/wp\/v2\/pages\/118\/revisions\/1615"}],"wp:attachment":[{"href":"https:\/\/scandiumliving.ee\/tinymarienholm\/wp-json\/wp\/v2\/media?parent=118"}],"curies":[{"name":"wp","href":"https:\/\/api.w.org\/{rel}","templated":true}]}}