{"id":1695,"date":"2023-09-01T07:01:59","date_gmt":"2023-09-01T07:01:59","guid":{"rendered":"https:\/\/scandiumliving.ee\/tinymarienholm\/?page_id=1695"},"modified":"2025-11-11T11:16:14","modified_gmt":"2025-11-11T11:16:14","slug":"paketid","status":"publish","type":"page","link":"https:\/\/scandiumliving.ee\/tinymarienholm\/paketid\/","title":{"rendered":"Paketid"},"content":{"rendered":"\n<div class=\"wp-block-cover alignfull is-light\"><img loading=\"lazy\" decoding=\"async\" width=\"2048\" height=\"1365\" class=\"wp-block-cover__image-background wp-image-2277\" alt=\"\" src=\"https:\/\/scandiumliving.ee\/tinymarienholm\/wp-content\/uploads\/2024\/05\/IMG-404.jpg\" data-object-fit=\"cover\" srcset=\"https:\/\/scandiumliving.ee\/tinymarienholm\/wp-content\/uploads\/2024\/05\/IMG-404.jpg 2048w, https:\/\/scandiumliving.ee\/tinymarienholm\/wp-content\/uploads\/2024\/05\/IMG-404-300x200.jpg 300w, https:\/\/scandiumliving.ee\/tinymarienholm\/wp-content\/uploads\/2024\/05\/IMG-404-1024x683.jpg 1024w, https:\/\/scandiumliving.ee\/tinymarienholm\/wp-content\/uploads\/2024\/05\/IMG-404-768x512.jpg 768w, https:\/\/scandiumliving.ee\/tinymarienholm\/wp-content\/uploads\/2024\/05\/IMG-404-1536x1024.jpg 1536w, https:\/\/scandiumliving.ee\/tinymarienholm\/wp-content\/uploads\/2024\/05\/IMG-404-1568x1045.jpg 1568w\" sizes=\"auto, (max-width: 2048px) 100vw, 2048px\" \/><span aria-hidden=\"true\" class=\"wp-block-cover__background has-background-dim-20 has-background-dim\" style=\"background-color:#929090\"><\/span><div class=\"wp-block-cover__inner-container is-layout-flow wp-block-cover-is-layout-flow\">\n<p class=\"has-text-align-center has-large-font-size\"><\/p>\n<\/div><\/div>\n\n\n\n<div style=\"height:20px\" aria-hidden=\"true\" class=\"wp-block-spacer\"><\/div>\n\n\n\n<h1 class=\"wp-block-heading has-text-align-center\" style=\"font-size:36px\">PAKETID<\/h1>\n\n\n\n<div style=\"height:20px\" aria-hidden=\"true\" class=\"wp-block-spacer\"><\/div>\n\n\n\n<div class=\"wp-block-edhotels-offers alignwide custom-three-blocks offers manual\"><div class=\"wp-offer-columns\">\t<div class=\"wp-offer-column wide\">\n\t\t<div class=\"offer-inner\">\n\t\t\t\t\t\t\t<h4>\n\t\t\t\t\t<span>al<\/span>\n\t\t\t\t\t207\u20ac\/2 \u00f6\u00f6d\t\t\t\t<\/h4>\n\t\t\t\t\t\t<a href=\"https:\/\/scandiumliving.ee\/tinymarienholm\/offer\/maaliline-kodukontor-minivillas-rannaniit-23\/\"><figure class=\"wp-block-image\"><img loading=\"lazy\" decoding=\"async\" width=\"683\" height=\"1024\" src=\"https:\/\/scandiumliving.ee\/tinymarienholm\/wp-content\/uploads\/2023\/08\/peegelmaja-haapsalus-tiny-marienholm-ajaleht-683x1024.jpg\" class=\"attachment-large size-large wp-post-image\" alt=\"\" srcset=\"https:\/\/scandiumliving.ee\/tinymarienholm\/wp-content\/uploads\/2023\/08\/peegelmaja-haapsalus-tiny-marienholm-ajaleht-683x1024.jpg 683w, https:\/\/scandiumliving.ee\/tinymarienholm\/wp-content\/uploads\/2023\/08\/peegelmaja-haapsalus-tiny-marienholm-ajaleht-200x300.jpg 200w, https:\/\/scandiumliving.ee\/tinymarienholm\/wp-content\/uploads\/2023\/08\/peegelmaja-haapsalus-tiny-marienholm-ajaleht-768x1152.jpg 768w, https:\/\/scandiumliving.ee\/tinymarienholm\/wp-content\/uploads\/2023\/08\/peegelmaja-haapsalus-tiny-marienholm-ajaleht.jpg 1024w\" sizes=\"auto, (max-width: 683px) 100vw, 683px\" \/><\/figure><\/a>\n\t\t\t<div class=\"offer-text-wrapper\">\n\t\t\t\t<h3><a href=\"https:\/\/scandiumliving.ee\/tinymarienholm\/offer\/maaliline-kodukontor-minivillas-rannaniit-23\/\">Naudi kauem- teine \u00f6\u00f6 -26% soodsamalt!<\/a><\/h3>\n\t\t\t\t<ul>\n<li>Pikem puhkus<\/li>\n<li>Kaunis merevaade ning rahu<\/li>\n<li>Hommikumantlid\u00a0<\/li>\n<\/ul>\n\t\t\t\t\t\t\t\t\t<div class=\"button-wrapper\">\n\t\t\t\t\t\t\t\t\t\t\t\t\t<div class=\"wp-block-button is-style-outline\">\n\t\t\t\t\t\t\t\t<a class=\"wp-block-button__link\" href=\"https:\/\/scandiumliving.ee\/tinymarienholm\/offer\/maaliline-kodukontor-minivillas-rannaniit-23\/\">Loe rohkem<\/a>\n\t\t\t\t\t\t\t<\/div>\n\t\t\t\t\t\t\t\t\t\t\t\t\t\t\t\t\t\t\t<div class=\"wp-block-button\">\n\t\t\t\t\t\t\t\t<a class=\"wp-block-button__link\" href=\"https:\/\/bouk.io\/booking\/tinymarienholm\/418\/rate\/7898?language=et&#038;nights=2\" target=\"_target\">Broneeri<\/a>\n\t\t\t\t\t\t\t<\/div>\n\t\t\t\t\t\t\t\t\t\t\t<\/div>\n\t\t\t\t\t\t\t<\/div>\n\t\t<\/div>\n\t<\/div>\n\n\t\n\n\t<div class=\"wp-offer-column wide\">\n\t\t<div class=\"offer-inner\">\n\t\t\t\t\t\t\t<h4>\n\t\t\t\t\t<span>alates<\/span>\n\t\t\t\t\t210\u20ac\/\u00f6\u00f6\t\t\t\t<\/h4>\n\t\t\t\t\t\t<a href=\"https:\/\/scandiumliving.ee\/tinymarienholm\/offer\/ullata-kallimat\/\"><figure class=\"wp-block-image\"><img loading=\"lazy\" decoding=\"async\" width=\"1024\" height=\"1024\" src=\"https:\/\/scandiumliving.ee\/tinymarienholm\/wp-content\/uploads\/2023\/09\/Ruut-postitused-ja-meta-reklaamid-10-1024x1024.png\" class=\"attachment-large size-large wp-post-image\" alt=\"\" srcset=\"https:\/\/scandiumliving.ee\/tinymarienholm\/wp-content\/uploads\/2023\/09\/Ruut-postitused-ja-meta-reklaamid-10-1024x1024.png 1024w, https:\/\/scandiumliving.ee\/tinymarienholm\/wp-content\/uploads\/2023\/09\/Ruut-postitused-ja-meta-reklaamid-10-300x300.png 300w, https:\/\/scandiumliving.ee\/tinymarienholm\/wp-content\/uploads\/2023\/09\/Ruut-postitused-ja-meta-reklaamid-10-150x150.png 150w, https:\/\/scandiumliving.ee\/tinymarienholm\/wp-content\/uploads\/2023\/09\/Ruut-postitused-ja-meta-reklaamid-10-768x768.png 768w, https:\/\/scandiumliving.ee\/tinymarienholm\/wp-content\/uploads\/2023\/09\/Ruut-postitused-ja-meta-reklaamid-10-1536x1536.png 1536w, https:\/\/scandiumliving.ee\/tinymarienholm\/wp-content\/uploads\/2023\/09\/Ruut-postitused-ja-meta-reklaamid-10-2048x2048.png 2048w, https:\/\/scandiumliving.ee\/tinymarienholm\/wp-content\/uploads\/2023\/09\/Ruut-postitused-ja-meta-reklaamid-10-1568x1568.png 1568w, https:\/\/scandiumliving.ee\/tinymarienholm\/wp-content\/uploads\/2023\/09\/Ruut-postitused-ja-meta-reklaamid-10-400x400.png 400w, https:\/\/scandiumliving.ee\/tinymarienholm\/wp-content\/uploads\/2023\/09\/Ruut-postitused-ja-meta-reklaamid-10-600x600.png 600w\" sizes=\"auto, (max-width: 1024px) 100vw, 1024px\" \/><\/figure><\/a>\n\t\t\t<div class=\"offer-text-wrapper\">\n\t\t\t\t<h3><a href=\"https:\/\/scandiumliving.ee\/tinymarienholm\/offer\/ullata-kallimat\/\">\u00a0\u00dcllata kallimat!<\/a><\/h3>\n\t\t\t\t<ul>\n<li>Majutus kahele Tiny Marienholm Lux<strong> kaminaga<\/strong> minivillas 1 \u00f6\u00f6<\/li>\n<li>Ainult teie p\u00e4ralt olev merevaatega <strong>saunamaja<\/strong> ja hommikumantlid<\/li>\n<li><strong>\u00dcllatuskorvike<\/strong> saabumisel minivillasse<\/li>\n<\/ul>\n\t\t\t\t\t\t\t\t\t<div class=\"button-wrapper\">\n\t\t\t\t\t\t\t\t\t\t\t\t\t<div class=\"wp-block-button is-style-outline\">\n\t\t\t\t\t\t\t\t<a class=\"wp-block-button__link\" href=\"https:\/\/scandiumliving.ee\/tinymarienholm\/offer\/ullata-kallimat\/\">Loe rohkem<\/a>\n\t\t\t\t\t\t\t<\/div>\n\t\t\t\t\t\t\t\t\t\t\t\t\t\t\t\t\t\t\t<div class=\"wp-block-button\">\n\t\t\t\t\t\t\t\t<a class=\"wp-block-button__link\" href=\"https:\/\/bouk.io\/booking\/tinymarienholm\/418\/rate\/4088?language=et&#038;adults=2&#038;skip=1&#038;nights=1\" target=\"_target\">Broneeri<\/a>\n\t\t\t\t\t\t\t<\/div>\n\t\t\t\t\t\t\t\t\t\t\t<\/div>\n\t\t\t\t\t\t\t<\/div>\n\t\t<\/div>\n\t<\/div>\n\n\t\n\n\t<div class=\"wp-offer-column wide\">\n\t\t<div class=\"offer-inner\">\n\t\t\t\t\t\t\t<h4>\n\t\t\t\t\t<span>alates<\/span>\n\t\t\t\t\t187\u20ac\/\u00f6\u00f6\t\t\t\t<\/h4>\n\t\t\t\t\t\t<a href=\"https:\/\/scandiumliving.ee\/tinymarienholm\/offer\/kahekesi-spasse\/\"><figure class=\"wp-block-image\"><img loading=\"lazy\" decoding=\"async\" width=\"1024\" height=\"576\" src=\"https:\/\/scandiumliving.ee\/tinymarienholm\/wp-content\/uploads\/2023\/09\/spa-puhkus-haapsalus-tiny-marienholm-1024x576.jpg\" class=\"attachment-large size-large wp-post-image\" alt=\"Haapsalu SPA Hestia ja Tiny Marienholm\" srcset=\"https:\/\/scandiumliving.ee\/tinymarienholm\/wp-content\/uploads\/2023\/09\/spa-puhkus-haapsalus-tiny-marienholm-1024x576.jpg 1024w, https:\/\/scandiumliving.ee\/tinymarienholm\/wp-content\/uploads\/2023\/09\/spa-puhkus-haapsalus-tiny-marienholm-300x169.jpg 300w, https:\/\/scandiumliving.ee\/tinymarienholm\/wp-content\/uploads\/2023\/09\/spa-puhkus-haapsalus-tiny-marienholm-768x432.jpg 768w, https:\/\/scandiumliving.ee\/tinymarienholm\/wp-content\/uploads\/2023\/09\/spa-puhkus-haapsalus-tiny-marienholm-1536x864.jpg 1536w, https:\/\/scandiumliving.ee\/tinymarienholm\/wp-content\/uploads\/2023\/09\/spa-puhkus-haapsalus-tiny-marienholm-1568x882.jpg 1568w, https:\/\/scandiumliving.ee\/tinymarienholm\/wp-content\/uploads\/2023\/09\/spa-puhkus-haapsalus-tiny-marienholm.jpg 1920w\" sizes=\"auto, (max-width: 1024px) 100vw, 1024px\" \/><\/figure><\/a>\n\t\t\t<div class=\"offer-text-wrapper\">\n\t\t\t\t<h3><a href=\"https:\/\/scandiumliving.ee\/tinymarienholm\/offer\/kahekesi-spasse\/\">\u00a0Kahekesi SPAsse<\/a><\/h3>\n\t\t\t\t<ul>\n<li>Majutus kahele valitud Tiny Marienholm minivillas 1 \u00f6\u00f6<\/li>\n<li>\n<p>L\u00e4hedal asuva Hestia Hotel Haapsalu vee- ja saunaspaa \u00fchekordne k\u00fclastus kahele kuni 3h<\/p>\n<\/li>\n<\/ul>\n\t\t\t\t\t\t\t\t\t<div class=\"button-wrapper\">\n\t\t\t\t\t\t\t\t\t\t\t\t\t<div class=\"wp-block-button is-style-outline\">\n\t\t\t\t\t\t\t\t<a class=\"wp-block-button__link\" href=\"https:\/\/scandiumliving.ee\/tinymarienholm\/offer\/kahekesi-spasse\/\">Loe rohkem<\/a>\n\t\t\t\t\t\t\t<\/div>\n\t\t\t\t\t\t\t\t\t\t\t\t\t\t\t\t\t\t\t<div class=\"wp-block-button\">\n\t\t\t\t\t\t\t\t<a class=\"wp-block-button__link\" href=\"https:\/\/bouk.io\/booking\/tinymarienholm\/418\/rate\/4085?language=et&#038;adults=2&#038;skip=1&#038;nights=1\" target=\"_target\">Broneeri<\/a>\n\t\t\t\t\t\t\t<\/div>\n\t\t\t\t\t\t\t\t\t\t\t<\/div>\n\t\t\t\t\t\t\t<\/div>\n\t\t<\/div>\n\t<\/div>\n\n\t<\/div><\/div>\n\n\n\n<p><\/p>\n","protected":false},"excerpt":{"rendered":"<p>PAKETID<\/p>\n","protected":false},"author":3,"featured_media":1819,"parent":0,"menu_order":0,"comment_status":"closed","ping_status":"closed","template":"","meta":{"inline_featured_image":false,"footnotes":""},"class_list":["post-1695","page","type-page","status-publish","has-post-thumbnail","hentry"],"yoast_head":"<!-- This site is optimized with the Yoast SEO plugin v26.7 - https:\/\/yoast.com\/wordpress\/plugins\/seo\/ -->\n<title>Paketid - Tiny Marienholm<\/title>\n<meta name=\"robots\" content=\"index, follow, max-snippet:-1, max-image-preview:large, max-video-preview:-1\" \/>\n<link rel=\"canonical\" href=\"https:\/\/scandiumliving.ee\/tinymarienholm\/paketid\/\" \/>\n<meta property=\"og:locale\" content=\"et_EE\" \/>\n<meta property=\"og:type\" content=\"article\" \/>\n<meta property=\"og:title\" content=\"Paketid - Tiny Marienholm\" \/>\n<meta property=\"og:description\" content=\"PAKETID\" \/>\n<meta property=\"og:url\" content=\"https:\/\/scandiumliving.ee\/tinymarienholm\/paketid\/\" \/>\n<meta property=\"og:site_name\" content=\"Tiny Marienholm\" \/>\n<meta property=\"article:modified_time\" content=\"2025-11-11T11:16:14+00:00\" \/>\n<meta property=\"og:image\" content=\"https:\/\/scandiumliving.ee\/tinymarienholm\/wp-content\/uploads\/2023\/09\/tiny-marienholm-paketid-1-1024x576.png\" \/>\n\t<meta property=\"og:image:width\" content=\"1024\" \/>\n\t<meta property=\"og:image:height\" content=\"576\" \/>\n\t<meta property=\"og:image:type\" content=\"image\/png\" \/>\n<meta name=\"twitter:card\" content=\"summary_large_image\" \/>\n<meta name=\"twitter:label1\" content=\"Est. reading time\" \/>\n\t<meta name=\"twitter:data1\" content=\"1 minut\" \/>\n<script type=\"application\/ld+json\" class=\"yoast-schema-graph\">{\"@context\":\"https:\/\/schema.org\",\"@graph\":[{\"@type\":\"WebPage\",\"@id\":\"https:\/\/scandiumliving.ee\/tinymarienholm\/paketid\/\",\"url\":\"https:\/\/scandiumliving.ee\/tinymarienholm\/paketid\/\",\"name\":\"Paketid - Tiny Marienholm\",\"isPartOf\":{\"@id\":\"https:\/\/scandiumliving.ee\/tinymarienholm\/#website\"},\"primaryImageOfPage\":{\"@id\":\"https:\/\/scandiumliving.ee\/tinymarienholm\/paketid\/#primaryimage\"},\"image\":{\"@id\":\"https:\/\/scandiumliving.ee\/tinymarienholm\/paketid\/#primaryimage\"},\"thumbnailUrl\":\"https:\/\/scandiumliving.ee\/tinymarienholm\/wp-content\/uploads\/2023\/09\/tiny-marienholm-paketid-1.png\",\"datePublished\":\"2023-09-01T07:01:59+00:00\",\"dateModified\":\"2025-11-11T11:16:14+00:00\",\"breadcrumb\":{\"@id\":\"https:\/\/scandiumliving.ee\/tinymarienholm\/paketid\/#breadcrumb\"},\"inLanguage\":\"et\",\"potentialAction\":[{\"@type\":\"ReadAction\",\"target\":[\"https:\/\/scandiumliving.ee\/tinymarienholm\/paketid\/\"]}]},{\"@type\":\"ImageObject\",\"inLanguage\":\"et\",\"@id\":\"https:\/\/scandiumliving.ee\/tinymarienholm\/paketid\/#primaryimage\",\"url\":\"https:\/\/scandiumliving.ee\/tinymarienholm\/wp-content\/uploads\/2023\/09\/tiny-marienholm-paketid-1.png\",\"contentUrl\":\"https:\/\/scandiumliving.ee\/tinymarienholm\/wp-content\/uploads\/2023\/09\/tiny-marienholm-paketid-1.png\",\"width\":1920,\"height\":1080},{\"@type\":\"BreadcrumbList\",\"@id\":\"https:\/\/scandiumliving.ee\/tinymarienholm\/paketid\/#breadcrumb\",\"itemListElement\":[{\"@type\":\"ListItem\",\"position\":1,\"name\":\"Home\",\"item\":\"https:\/\/scandiumliving.ee\/tinymarienholm\/\"},{\"@type\":\"ListItem\",\"position\":2,\"name\":\"Paketid\"}]},{\"@type\":\"WebSite\",\"@id\":\"https:\/\/scandiumliving.ee\/tinymarienholm\/#website\",\"url\":\"https:\/\/scandiumliving.ee\/tinymarienholm\/\",\"name\":\"Tiny Marienholm\",\"description\":\"Minivillad Haapsalus\",\"potentialAction\":[{\"@type\":\"SearchAction\",\"target\":{\"@type\":\"EntryPoint\",\"urlTemplate\":\"https:\/\/scandiumliving.ee\/tinymarienholm\/?s={search_term_string}\"},\"query-input\":{\"@type\":\"PropertyValueSpecification\",\"valueRequired\":true,\"valueName\":\"search_term_string\"}}],\"inLanguage\":\"et\"}]}<\/script>\n<!-- \/ Yoast SEO plugin. -->","yoast_head_json":{"title":"Paketid - Tiny Marienholm","robots":{"index":"index","follow":"follow","max-snippet":"max-snippet:-1","max-image-preview":"max-image-preview:large","max-video-preview":"max-video-preview:-1"},"canonical":"https:\/\/scandiumliving.ee\/tinymarienholm\/paketid\/","og_locale":"et_EE","og_type":"article","og_title":"Paketid - Tiny Marienholm","og_description":"PAKETID","og_url":"https:\/\/scandiumliving.ee\/tinymarienholm\/paketid\/","og_site_name":"Tiny Marienholm","article_modified_time":"2025-11-11T11:16:14+00:00","og_image":[{"width":1024,"height":576,"url":"https:\/\/scandiumliving.ee\/tinymarienholm\/wp-content\/uploads\/2023\/09\/tiny-marienholm-paketid-1-1024x576.png","type":"image\/png"}],"twitter_card":"summary_large_image","twitter_misc":{"Est. reading time":"1 minut"},"schema":{"@context":"https:\/\/schema.org","@graph":[{"@type":"WebPage","@id":"https:\/\/scandiumliving.ee\/tinymarienholm\/paketid\/","url":"https:\/\/scandiumliving.ee\/tinymarienholm\/paketid\/","name":"Paketid - Tiny Marienholm","isPartOf":{"@id":"https:\/\/scandiumliving.ee\/tinymarienholm\/#website"},"primaryImageOfPage":{"@id":"https:\/\/scandiumliving.ee\/tinymarienholm\/paketid\/#primaryimage"},"image":{"@id":"https:\/\/scandiumliving.ee\/tinymarienholm\/paketid\/#primaryimage"},"thumbnailUrl":"https:\/\/scandiumliving.ee\/tinymarienholm\/wp-content\/uploads\/2023\/09\/tiny-marienholm-paketid-1.png","datePublished":"2023-09-01T07:01:59+00:00","dateModified":"2025-11-11T11:16:14+00:00","breadcrumb":{"@id":"https:\/\/scandiumliving.ee\/tinymarienholm\/paketid\/#breadcrumb"},"inLanguage":"et","potentialAction":[{"@type":"ReadAction","target":["https:\/\/scandiumliving.ee\/tinymarienholm\/paketid\/"]}]},{"@type":"ImageObject","inLanguage":"et","@id":"https:\/\/scandiumliving.ee\/tinymarienholm\/paketid\/#primaryimage","url":"https:\/\/scandiumliving.ee\/tinymarienholm\/wp-content\/uploads\/2023\/09\/tiny-marienholm-paketid-1.png","contentUrl":"https:\/\/scandiumliving.ee\/tinymarienholm\/wp-content\/uploads\/2023\/09\/tiny-marienholm-paketid-1.png","width":1920,"height":1080},{"@type":"BreadcrumbList","@id":"https:\/\/scandiumliving.ee\/tinymarienholm\/paketid\/#breadcrumb","itemListElement":[{"@type":"ListItem","position":1,"name":"Home","item":"https:\/\/scandiumliving.ee\/tinymarienholm\/"},{"@type":"ListItem","position":2,"name":"Paketid"}]},{"@type":"WebSite","@id":"https:\/\/scandiumliving.ee\/tinymarienholm\/#website","url":"https:\/\/scandiumliving.ee\/tinymarienholm\/","name":"Tiny Marienholm","description":"Minivillad Haapsalus","potentialAction":[{"@type":"SearchAction","target":{"@type":"EntryPoint","urlTemplate":"https:\/\/scandiumliving.ee\/tinymarienholm\/?s={search_term_string}"},"query-input":{"@type":"PropertyValueSpecification","valueRequired":true,"valueName":"search_term_string"}}],"inLanguage":"et"}]}},"_links":{"self":[{"href":"https:\/\/scandiumliving.ee\/tinymarienholm\/wp-json\/wp\/v2\/pages\/1695","targetHints":{"allow":["GET"]}}],"collection":[{"href":"https:\/\/scandiumliving.ee\/tinymarienholm\/wp-json\/wp\/v2\/pages"}],"about":[{"href":"https:\/\/scandiumliving.ee\/tinymarienholm\/wp-json\/wp\/v2\/types\/page"}],"author":[{"embeddable":true,"href":"https:\/\/scandiumliving.ee\/tinymarienholm\/wp-json\/wp\/v2\/users\/3"}],"replies":[{"embeddable":true,"href":"https:\/\/scandiumliving.ee\/tinymarienholm\/wp-json\/wp\/v2\/comments?post=1695"}],"version-history":[{"count":14,"href":"https:\/\/scandiumliving.ee\/tinymarienholm\/wp-json\/wp\/v2\/pages\/1695\/revisions"}],"predecessor-version":[{"id":2717,"href":"https:\/\/scandiumliving.ee\/tinymarienholm\/wp-json\/wp\/v2\/pages\/1695\/revisions\/2717"}],"wp:featuredmedia":[{"embeddable":true,"href":"https:\/\/scandiumliving.ee\/tinymarienholm\/wp-json\/wp\/v2\/media\/1819"}],"wp:attachment":[{"href":"https:\/\/scandiumliving.ee\/tinymarienholm\/wp-json\/wp\/v2\/media?parent=1695"}],"curies":[{"name":"wp","href":"https:\/\/api.w.org\/{rel}","templated":true}]}}