{"id":1761,"date":"2023-09-04T13:18:27","date_gmt":"2023-09-04T13:18:27","guid":{"rendered":"https:\/\/scandiumliving.ee\/tinymarienholm\/?page_id=1761"},"modified":"2024-06-17T11:53:05","modified_gmt":"2024-06-17T11:53:05","slug":"blogi","status":"publish","type":"page","link":"https:\/\/scandiumliving.ee\/tinymarienholm\/blogi\/","title":{"rendered":"Blogi"},"content":{"rendered":"\n<div class=\"wp-block-cover alignfull is-light\"><span aria-hidden=\"true\" class=\"wp-block-cover__background has-background-dim-20 has-background-dim\"><\/span><img loading=\"lazy\" decoding=\"async\" width=\"2560\" height=\"1600\" class=\"wp-block-cover__image-background wp-image-2218\" alt=\"\" src=\"https:\/\/scandiumliving.ee\/tinymarienholm\/wp-content\/uploads\/2024\/02\/blogi-tiny-marienholm.jpg\" style=\"object-position:49% 32%\" data-object-fit=\"cover\" data-object-position=\"49% 32%\" srcset=\"https:\/\/scandiumliving.ee\/tinymarienholm\/wp-content\/uploads\/2024\/02\/blogi-tiny-marienholm.jpg 2560w, https:\/\/scandiumliving.ee\/tinymarienholm\/wp-content\/uploads\/2024\/02\/blogi-tiny-marienholm-300x188.jpg 300w, https:\/\/scandiumliving.ee\/tinymarienholm\/wp-content\/uploads\/2024\/02\/blogi-tiny-marienholm-1024x640.jpg 1024w, https:\/\/scandiumliving.ee\/tinymarienholm\/wp-content\/uploads\/2024\/02\/blogi-tiny-marienholm-768x480.jpg 768w, https:\/\/scandiumliving.ee\/tinymarienholm\/wp-content\/uploads\/2024\/02\/blogi-tiny-marienholm-1536x960.jpg 1536w, https:\/\/scandiumliving.ee\/tinymarienholm\/wp-content\/uploads\/2024\/02\/blogi-tiny-marienholm-2048x1280.jpg 2048w, https:\/\/scandiumliving.ee\/tinymarienholm\/wp-content\/uploads\/2024\/02\/blogi-tiny-marienholm-1568x980.jpg 1568w\" sizes=\"auto, (max-width: 2560px) 100vw, 2560px\" \/><div class=\"wp-block-cover__inner-container is-layout-flow wp-block-cover-is-layout-flow\">\n<p class=\"has-text-align-center has-large-font-size\"><\/p>\n<\/div><\/div>\n\n\n\n<div style=\"height:20px\" aria-hidden=\"true\" class=\"wp-block-spacer\"><\/div>\n\n\n\n<h1 class=\"wp-block-heading has-text-align-center\" style=\"font-size:36px\">BLOGI<\/h1>\n\n\n\n<div style=\"height:20px\" aria-hidden=\"true\" class=\"wp-block-spacer\"><\/div>\n\n\n\n<div class=\"wp-block-edhotels-news-block alignfull custom-three-blocks offers manual\"><div class=\"wp-offer-columns\">\t<div class=\"wp-news-column \">\n\t\t<div class=\"news-inner\" style=\"background-color: #12121200;\">\n\t\t\t\t\t\t<h4>\n\t\t\t\t<span>24. m\u00e4rts 2026<\/span>\n\t\t\t\t\n\t\t\t<\/h4>\n\t\t\t<a href=\"https:\/\/scandiumliving.ee\/tinymarienholm\/mida-teha-suvel-haapsalus-2\/\">\n\t\t\t\t<figure class=\"wp-block-image\" style=\"height: 250px;\">\n\t\t\t\t\t<img loading=\"lazy\" decoding=\"async\" width=\"1024\" height=\"683\" src=\"https:\/\/scandiumliving.ee\/tinymarienholm\/wp-content\/uploads\/2024\/06\/mida-teha-suvel-haapsalus-1.jpg\" class=\"attachment- size- wp-post-image\" alt=\"\" style=\"object-position: 50% 50%;\" srcset=\"https:\/\/scandiumliving.ee\/tinymarienholm\/wp-content\/uploads\/2024\/06\/mida-teha-suvel-haapsalus-1.jpg 1024w, https:\/\/scandiumliving.ee\/tinymarienholm\/wp-content\/uploads\/2024\/06\/mida-teha-suvel-haapsalus-1-300x200.jpg 300w, https:\/\/scandiumliving.ee\/tinymarienholm\/wp-content\/uploads\/2024\/06\/mida-teha-suvel-haapsalus-1-768x512.jpg 768w\" sizes=\"auto, (max-width: 1024px) 100vw, 1024px\" \/>\t\t\t\t<\/figure>\n\t\t\t<\/a>\n\t\t\t<div class=\"news-text-wrapper\">\n\t\t\t\t<h3><a href=\"https:\/\/scandiumliving.ee\/tinymarienholm\/mida-teha-suvel-haapsalus-2\/\">Mida teha suvel Haapsalus?<\/a><\/h3>\n\t\t\t\t<p>Suvine Haapsalu toob kokku inimesed \u00fcle Eesti kui ka v\u00e4ljamaalt. Tegevusi on siin igale maitsele \u2013 olgu selleks kas m\u00f5ne suurs\u00fcndmuse k\u00fclastamine v\u00f5i hoopis rahulik olesklemine. Vaata, mida teha suvel Haapsalus.<\/p>\n\t\t\t\t\t\t\t\t\t<div class=\"button-wrapper\">\n\t\t\t\t\t\t\t\t\t\t\t\t\t<div class=\"wp-block-button\">\n\t\t\t\t\t\t\t\t<a class=\"wp-block-button__link\" href=\"https:\/\/scandiumliving.ee\/tinymarienholm\/mida-teha-suvel-haapsalus-2\/\">Loe rohkem<\/a>\n\t\t\t\t\t\t\t<\/div>\n\t\t\t\t\t\t\t\t\t\t\t<\/div>\n\t\t\t\t\t\t\t<\/div>\n\t\t<\/div>\n\t<\/div>\n\n\t\n\n\t<div class=\"wp-news-column \">\n\t\t<div class=\"news-inner\" style=\"background-color: #12121200;\">\n\t\t\t\t\t\t<h4>\n\t\t\t\t<span>18. dets. 2025<\/span>\n\t\t\t\t\n\t\t\t<\/h4>\n\t\t\t<a href=\"https:\/\/scandiumliving.ee\/tinymarienholm\/mida-teha-talvel-haapsalus\/\">\n\t\t\t\t<figure class=\"wp-block-image\" style=\"height: 250px;\">\n\t\t\t\t\t<img loading=\"lazy\" decoding=\"async\" width=\"2560\" height=\"1707\" src=\"https:\/\/scandiumliving.ee\/tinymarienholm\/wp-content\/uploads\/2023\/12\/peegelmaja-minivilla-haapsalus-tiny-marienholm-14-scaled.jpg\" class=\"attachment- size- wp-post-image\" alt=\"talvel haapsalus\" style=\"object-position: 50% 50%;\" srcset=\"https:\/\/scandiumliving.ee\/tinymarienholm\/wp-content\/uploads\/2023\/12\/peegelmaja-minivilla-haapsalus-tiny-marienholm-14-scaled.jpg 2560w, https:\/\/scandiumliving.ee\/tinymarienholm\/wp-content\/uploads\/2023\/12\/peegelmaja-minivilla-haapsalus-tiny-marienholm-14-300x200.jpg 300w, https:\/\/scandiumliving.ee\/tinymarienholm\/wp-content\/uploads\/2023\/12\/peegelmaja-minivilla-haapsalus-tiny-marienholm-14-1024x683.jpg 1024w, https:\/\/scandiumliving.ee\/tinymarienholm\/wp-content\/uploads\/2023\/12\/peegelmaja-minivilla-haapsalus-tiny-marienholm-14-768x512.jpg 768w, https:\/\/scandiumliving.ee\/tinymarienholm\/wp-content\/uploads\/2023\/12\/peegelmaja-minivilla-haapsalus-tiny-marienholm-14-1536x1024.jpg 1536w, https:\/\/scandiumliving.ee\/tinymarienholm\/wp-content\/uploads\/2023\/12\/peegelmaja-minivilla-haapsalus-tiny-marienholm-14-2048x1365.jpg 2048w, https:\/\/scandiumliving.ee\/tinymarienholm\/wp-content\/uploads\/2023\/12\/peegelmaja-minivilla-haapsalus-tiny-marienholm-14-1568x1045.jpg 1568w\" sizes=\"auto, (max-width: 2560px) 100vw, 2560px\" \/>\t\t\t\t<\/figure>\n\t\t\t<\/a>\n\t\t\t<div class=\"news-text-wrapper\">\n\t\t\t\t<h3><a href=\"https:\/\/scandiumliving.ee\/tinymarienholm\/mida-teha-talvel-haapsalus\/\">Mida teha talvel Haapsalus?<\/a><\/h3>\n\t\t\t\t<p>Haapsalu on k\u00fcll tuntud suviste \u00fcrituste ja promenaadi poolest, kuid ka talvel ootab siin ees lai valik m\u00f5nusaid tegevusi. Vaatame l\u00e4hemalt, mida talvel Haapsalus teha.<\/p>\n\t\t\t\t\t\t\t\t\t<div class=\"button-wrapper\">\n\t\t\t\t\t\t\t\t\t\t\t\t\t<div class=\"wp-block-button\">\n\t\t\t\t\t\t\t\t<a class=\"wp-block-button__link\" href=\"https:\/\/scandiumliving.ee\/tinymarienholm\/mida-teha-talvel-haapsalus\/\">Loe rohkem<\/a>\n\t\t\t\t\t\t\t<\/div>\n\t\t\t\t\t\t\t\t\t\t\t<\/div>\n\t\t\t\t\t\t\t<\/div>\n\t\t<\/div>\n\t<\/div>\n\n\t\n\n\t<div class=\"wp-news-column \">\n\t\t<div class=\"news-inner\" style=\"background-color: #12121200;\">\n\t\t\t\t\t\t<h4>\n\t\t\t\t<span>27. okt. 2025<\/span>\n\t\t\t\t\n\t\t\t<\/h4>\n\t\t\t<a href=\"https:\/\/scandiumliving.ee\/tinymarienholm\/haapsalu-spa-tiny-marienholm\/\">\n\t\t\t\t<figure class=\"wp-block-image\" style=\"height: 250px;\">\n\t\t\t\t\t<img loading=\"lazy\" decoding=\"async\" width=\"1920\" height=\"1080\" src=\"https:\/\/scandiumliving.ee\/tinymarienholm\/wp-content\/uploads\/2023\/09\/spa-puhkus-haapsalus-tiny-marienholm.jpg\" class=\"attachment- size- wp-post-image\" alt=\"Haapsalu SPA Hestia ja Tiny Marienholm\" style=\"object-position: 50% 50%;\" srcset=\"https:\/\/scandiumliving.ee\/tinymarienholm\/wp-content\/uploads\/2023\/09\/spa-puhkus-haapsalus-tiny-marienholm.jpg 1920w, https:\/\/scandiumliving.ee\/tinymarienholm\/wp-content\/uploads\/2023\/09\/spa-puhkus-haapsalus-tiny-marienholm-300x169.jpg 300w, https:\/\/scandiumliving.ee\/tinymarienholm\/wp-content\/uploads\/2023\/09\/spa-puhkus-haapsalus-tiny-marienholm-1024x576.jpg 1024w, https:\/\/scandiumliving.ee\/tinymarienholm\/wp-content\/uploads\/2023\/09\/spa-puhkus-haapsalus-tiny-marienholm-768x432.jpg 768w, https:\/\/scandiumliving.ee\/tinymarienholm\/wp-content\/uploads\/2023\/09\/spa-puhkus-haapsalus-tiny-marienholm-1536x864.jpg 1536w, https:\/\/scandiumliving.ee\/tinymarienholm\/wp-content\/uploads\/2023\/09\/spa-puhkus-haapsalus-tiny-marienholm-1568x882.jpg 1568w\" sizes=\"auto, (max-width: 1920px) 100vw, 1920px\" \/>\t\t\t\t<\/figure>\n\t\t\t<\/a>\n\t\t\t<div class=\"news-text-wrapper\">\n\t\t\t\t<h3><a href=\"https:\/\/scandiumliving.ee\/tinymarienholm\/haapsalu-spa-tiny-marienholm\/\">Haapsalu SPA<\/a><\/h3>\n\t\t\t\t<p>Tiny Marienholmis pakume talvisel hooajal mugavat SPA-paketti. Naudi elegantset majutust ja k\u00fclasta meie l\u00e4hedal asuvat kaunist Hestia SPA-kompleksi!<\/p>\n<p>&nbsp;<\/p>\n<p><!-- wp:button \/--><\/p>\n\t\t\t\t\t\t\t\t\t<div class=\"button-wrapper\">\n\t\t\t\t\t\t\t\t\t\t\t\t\t<div class=\"wp-block-button\">\n\t\t\t\t\t\t\t\t<a class=\"wp-block-button__link\" href=\"https:\/\/scandiumliving.ee\/tinymarienholm\/haapsalu-spa-tiny-marienholm\/\">Loe rohkem<\/a>\n\t\t\t\t\t\t\t<\/div>\n\t\t\t\t\t\t\t\t\t\t\t<\/div>\n\t\t\t\t\t\t\t<\/div>\n\t\t<\/div>\n\t<\/div>\n\n\t\n\n\t<div class=\"wp-news-column \">\n\t\t<div class=\"news-inner\" style=\"background-color: #12121200;\">\n\t\t\t\t\t\t<h4>\n\t\t\t\t<span>24. m\u00e4rts 2026<\/span>\n\t\t\t\t\n\t\t\t<\/h4>\n\t\t\t<a href=\"https:\/\/scandiumliving.ee\/tinymarienholm\/majutus-haapsalus\/\">\n\t\t\t\t<figure class=\"wp-block-image\" style=\"height: 250px;\">\n\t\t\t\t\t<img loading=\"lazy\" decoding=\"async\" width=\"2560\" height=\"1707\" src=\"https:\/\/scandiumliving.ee\/tinymarienholm\/wp-content\/uploads\/2022\/10\/majutus-haapsalus-tiny-marienholm-scaled.jpg\" class=\"attachment- size- wp-post-image\" alt=\"\" style=\"object-position: 50% 50%;\" srcset=\"https:\/\/scandiumliving.ee\/tinymarienholm\/wp-content\/uploads\/2022\/10\/majutus-haapsalus-tiny-marienholm-scaled.jpg 2560w, https:\/\/scandiumliving.ee\/tinymarienholm\/wp-content\/uploads\/2022\/10\/majutus-haapsalus-tiny-marienholm-300x200.jpg 300w, https:\/\/scandiumliving.ee\/tinymarienholm\/wp-content\/uploads\/2022\/10\/majutus-haapsalus-tiny-marienholm-1024x683.jpg 1024w, https:\/\/scandiumliving.ee\/tinymarienholm\/wp-content\/uploads\/2022\/10\/majutus-haapsalus-tiny-marienholm-768x512.jpg 768w, https:\/\/scandiumliving.ee\/tinymarienholm\/wp-content\/uploads\/2022\/10\/majutus-haapsalus-tiny-marienholm-1536x1024.jpg 1536w, https:\/\/scandiumliving.ee\/tinymarienholm\/wp-content\/uploads\/2022\/10\/majutus-haapsalus-tiny-marienholm-2048x1365.jpg 2048w, https:\/\/scandiumliving.ee\/tinymarienholm\/wp-content\/uploads\/2022\/10\/majutus-haapsalus-tiny-marienholm-1568x1045.jpg 1568w\" sizes=\"auto, (max-width: 2560px) 100vw, 2560px\" \/>\t\t\t\t<\/figure>\n\t\t\t<\/a>\n\t\t\t<div class=\"news-text-wrapper\">\n\t\t\t\t<h3><a href=\"https:\/\/scandiumliving.ee\/tinymarienholm\/majutus-haapsalus\/\">Majutus Haapsalus<\/a><\/h3>\n\t\t\t\t<p>Majutuse leidmine Haapsalus v\u00f5ib olla imelihtne v\u00f5i v\u00f5imatult keeruline \u2013 k\u00f5ik oleneb kuup\u00e4evast ja ajastuest! Suvised n\u00e4dalavahetused kipuvad aegsasti t\u00e4is minema kuna linn ei ole kummist, kuid kuulub uhkusega Eesti kahe populaarseima kuurortlinna sekka.<\/p>\n\t\t\t\t\t\t\t\t\t<div class=\"button-wrapper\">\n\t\t\t\t\t\t\t\t\t\t\t\t\t<div class=\"wp-block-button\">\n\t\t\t\t\t\t\t\t<a class=\"wp-block-button__link\" href=\"https:\/\/scandiumliving.ee\/tinymarienholm\/majutus-haapsalus\/\">Loe rohkem<\/a>\n\t\t\t\t\t\t\t<\/div>\n\t\t\t\t\t\t\t\t\t\t\t<\/div>\n\t\t\t\t\t\t\t<\/div>\n\t\t<\/div>\n\t<\/div>\n\n\t\n\n\t<div class=\"wp-news-column \">\n\t\t<div class=\"news-inner\" style=\"background-color: #12121200;\">\n\t\t\t\t\t\t<h4>\n\t\t\t\t<span>30. okt. 2023<\/span>\n\t\t\t\t\n\t\t\t<\/h4>\n\t\t\t<a href=\"https:\/\/scandiumliving.ee\/tinymarienholm\/peegelmaja-laanemaal\/\">\n\t\t\t\t<figure class=\"wp-block-image\" style=\"height: 250px;\">\n\t\t\t\t\t<img loading=\"lazy\" decoding=\"async\" width=\"2560\" height=\"1707\" src=\"https:\/\/scandiumliving.ee\/tinymarienholm\/wp-content\/uploads\/2022\/10\/peegelmajad-laanemaal-tiny-marienholm-scaled.jpg\" class=\"attachment- size- wp-post-image\" alt=\"\" style=\"object-position: 50% 50%;\" srcset=\"https:\/\/scandiumliving.ee\/tinymarienholm\/wp-content\/uploads\/2022\/10\/peegelmajad-laanemaal-tiny-marienholm-scaled.jpg 2560w, https:\/\/scandiumliving.ee\/tinymarienholm\/wp-content\/uploads\/2022\/10\/peegelmajad-laanemaal-tiny-marienholm-300x200.jpg 300w, https:\/\/scandiumliving.ee\/tinymarienholm\/wp-content\/uploads\/2022\/10\/peegelmajad-laanemaal-tiny-marienholm-1024x683.jpg 1024w, https:\/\/scandiumliving.ee\/tinymarienholm\/wp-content\/uploads\/2022\/10\/peegelmajad-laanemaal-tiny-marienholm-768x512.jpg 768w, https:\/\/scandiumliving.ee\/tinymarienholm\/wp-content\/uploads\/2022\/10\/peegelmajad-laanemaal-tiny-marienholm-1536x1024.jpg 1536w, https:\/\/scandiumliving.ee\/tinymarienholm\/wp-content\/uploads\/2022\/10\/peegelmajad-laanemaal-tiny-marienholm-2048x1365.jpg 2048w, https:\/\/scandiumliving.ee\/tinymarienholm\/wp-content\/uploads\/2022\/10\/peegelmajad-laanemaal-tiny-marienholm-1568x1045.jpg 1568w\" sizes=\"auto, (max-width: 2560px) 100vw, 2560px\" \/>\t\t\t\t<\/figure>\n\t\t\t<\/a>\n\t\t\t<div class=\"news-text-wrapper\">\n\t\t\t\t<h3><a href=\"https:\/\/scandiumliving.ee\/tinymarienholm\/peegelmaja-laanemaal\/\">Peegelmaja L\u00e4\u00e4nemaal<\/a><\/h3>\n\t\t\t\t<p>Kauni peegelmaja leidmine L\u00e4\u00e4nemaal v\u00f5is veel aasta tagasi olla t\u00f5eline v\u00e4ljakutse. Viimase poole aastaga on neid siia piirkonda kerkinud aga mitu \u2013 k\u00f5ik oma kaunite eelistega.<\/p>\n\t\t\t\t\t\t\t\t\t<div class=\"button-wrapper\">\n\t\t\t\t\t\t\t\t\t\t\t\t\t<div class=\"wp-block-button\">\n\t\t\t\t\t\t\t\t<a class=\"wp-block-button__link\" href=\"https:\/\/scandiumliving.ee\/tinymarienholm\/peegelmaja-laanemaal\/\">Loe rohkem<\/a>\n\t\t\t\t\t\t\t<\/div>\n\t\t\t\t\t\t\t\t\t\t\t<\/div>\n\t\t\t\t\t\t\t<\/div>\n\t\t<\/div>\n\t<\/div>\n\n\t<\/div><\/div>\n\n\n\n<div style=\"height:20px\" aria-hidden=\"true\" class=\"wp-block-spacer\"><\/div>\n\n\n\n<div class=\"wp-block-edhotels-news-block alignfull custom-three-blocks offers manual\"><div class=\"wp-offer-columns\"><\/div><\/div>\n","protected":false},"excerpt":{"rendered":"<p>BLOGI<\/p>\n","protected":false},"author":3,"featured_media":0,"parent":0,"menu_order":0,"comment_status":"closed","ping_status":"closed","template":"","meta":{"inline_featured_image":false,"footnotes":""},"class_list":["post-1761","page","type-page","status-publish","hentry"],"yoast_head":"<!-- This site is optimized with the Yoast SEO plugin v26.7 - https:\/\/yoast.com\/wordpress\/plugins\/seo\/ -->\n<title>Blogi - Tiny Marienholm<\/title>\n<meta name=\"description\" content=\"Majutus Haapsalus Tiny Marienholm minivillades ja peegelmajades. Broneeri majutus otse kodulehelt.\" \/>\n<meta name=\"robots\" content=\"index, follow, max-snippet:-1, max-image-preview:large, max-video-preview:-1\" \/>\n<link rel=\"canonical\" href=\"https:\/\/scandiumliving.ee\/tinymarienholm\/blogi\/\" \/>\n<meta property=\"og:locale\" content=\"et_EE\" \/>\n<meta property=\"og:type\" content=\"article\" \/>\n<meta property=\"og:title\" content=\"Blogi - Tiny Marienholm\" \/>\n<meta property=\"og:description\" content=\"Majutus Haapsalus Tiny Marienholm minivillades ja peegelmajades. Broneeri majutus otse kodulehelt.\" \/>\n<meta property=\"og:url\" content=\"https:\/\/scandiumliving.ee\/tinymarienholm\/blogi\/\" \/>\n<meta property=\"og:site_name\" content=\"Tiny Marienholm\" \/>\n<meta property=\"article:modified_time\" content=\"2024-06-17T11:53:05+00:00\" \/>\n<meta property=\"og:image\" content=\"https:\/\/scandiumliving.ee\/tinymarienholm\/wp-content\/uploads\/2024\/02\/blogi-tiny-marienholm.jpg\" \/>\n<meta name=\"twitter:card\" content=\"summary_large_image\" \/>\n<meta name=\"twitter:label1\" content=\"Est. reading time\" \/>\n\t<meta name=\"twitter:data1\" content=\"1 minut\" \/>\n<script type=\"application\/ld+json\" class=\"yoast-schema-graph\">{\"@context\":\"https:\/\/schema.org\",\"@graph\":[{\"@type\":\"WebPage\",\"@id\":\"https:\/\/scandiumliving.ee\/tinymarienholm\/blogi\/\",\"url\":\"https:\/\/scandiumliving.ee\/tinymarienholm\/blogi\/\",\"name\":\"Blogi - Tiny Marienholm\",\"isPartOf\":{\"@id\":\"https:\/\/scandiumliving.ee\/tinymarienholm\/#website\"},\"primaryImageOfPage\":{\"@id\":\"https:\/\/scandiumliving.ee\/tinymarienholm\/blogi\/#primaryimage\"},\"image\":{\"@id\":\"https:\/\/scandiumliving.ee\/tinymarienholm\/blogi\/#primaryimage\"},\"thumbnailUrl\":\"https:\/\/scandiumliving.ee\/tinymarienholm\/wp-content\/uploads\/2024\/02\/blogi-tiny-marienholm.jpg\",\"datePublished\":\"2023-09-04T13:18:27+00:00\",\"dateModified\":\"2024-06-17T11:53:05+00:00\",\"description\":\"Majutus Haapsalus Tiny Marienholm minivillades ja peegelmajades. Broneeri majutus otse kodulehelt.\",\"breadcrumb\":{\"@id\":\"https:\/\/scandiumliving.ee\/tinymarienholm\/blogi\/#breadcrumb\"},\"inLanguage\":\"et\",\"potentialAction\":[{\"@type\":\"ReadAction\",\"target\":[\"https:\/\/scandiumliving.ee\/tinymarienholm\/blogi\/\"]}]},{\"@type\":\"ImageObject\",\"inLanguage\":\"et\",\"@id\":\"https:\/\/scandiumliving.ee\/tinymarienholm\/blogi\/#primaryimage\",\"url\":\"https:\/\/scandiumliving.ee\/tinymarienholm\/wp-content\/uploads\/2024\/02\/blogi-tiny-marienholm.jpg\",\"contentUrl\":\"https:\/\/scandiumliving.ee\/tinymarienholm\/wp-content\/uploads\/2024\/02\/blogi-tiny-marienholm.jpg\",\"width\":2560,\"height\":1600},{\"@type\":\"BreadcrumbList\",\"@id\":\"https:\/\/scandiumliving.ee\/tinymarienholm\/blogi\/#breadcrumb\",\"itemListElement\":[{\"@type\":\"ListItem\",\"position\":1,\"name\":\"Home\",\"item\":\"https:\/\/scandiumliving.ee\/tinymarienholm\/\"},{\"@type\":\"ListItem\",\"position\":2,\"name\":\"Blogi\"}]},{\"@type\":\"WebSite\",\"@id\":\"https:\/\/scandiumliving.ee\/tinymarienholm\/#website\",\"url\":\"https:\/\/scandiumliving.ee\/tinymarienholm\/\",\"name\":\"Tiny Marienholm\",\"description\":\"Minivillad Haapsalus\",\"potentialAction\":[{\"@type\":\"SearchAction\",\"target\":{\"@type\":\"EntryPoint\",\"urlTemplate\":\"https:\/\/scandiumliving.ee\/tinymarienholm\/?s={search_term_string}\"},\"query-input\":{\"@type\":\"PropertyValueSpecification\",\"valueRequired\":true,\"valueName\":\"search_term_string\"}}],\"inLanguage\":\"et\"}]}<\/script>\n<!-- \/ Yoast SEO plugin. -->","yoast_head_json":{"title":"Blogi - Tiny Marienholm","description":"Majutus Haapsalus Tiny Marienholm minivillades ja peegelmajades. Broneeri majutus otse kodulehelt.","robots":{"index":"index","follow":"follow","max-snippet":"max-snippet:-1","max-image-preview":"max-image-preview:large","max-video-preview":"max-video-preview:-1"},"canonical":"https:\/\/scandiumliving.ee\/tinymarienholm\/blogi\/","og_locale":"et_EE","og_type":"article","og_title":"Blogi - Tiny Marienholm","og_description":"Majutus Haapsalus Tiny Marienholm minivillades ja peegelmajades. Broneeri majutus otse kodulehelt.","og_url":"https:\/\/scandiumliving.ee\/tinymarienholm\/blogi\/","og_site_name":"Tiny Marienholm","article_modified_time":"2024-06-17T11:53:05+00:00","og_image":[{"url":"https:\/\/scandiumliving.ee\/tinymarienholm\/wp-content\/uploads\/2024\/02\/blogi-tiny-marienholm.jpg","type":"","width":"","height":""}],"twitter_card":"summary_large_image","twitter_misc":{"Est. reading time":"1 minut"},"schema":{"@context":"https:\/\/schema.org","@graph":[{"@type":"WebPage","@id":"https:\/\/scandiumliving.ee\/tinymarienholm\/blogi\/","url":"https:\/\/scandiumliving.ee\/tinymarienholm\/blogi\/","name":"Blogi - Tiny Marienholm","isPartOf":{"@id":"https:\/\/scandiumliving.ee\/tinymarienholm\/#website"},"primaryImageOfPage":{"@id":"https:\/\/scandiumliving.ee\/tinymarienholm\/blogi\/#primaryimage"},"image":{"@id":"https:\/\/scandiumliving.ee\/tinymarienholm\/blogi\/#primaryimage"},"thumbnailUrl":"https:\/\/scandiumliving.ee\/tinymarienholm\/wp-content\/uploads\/2024\/02\/blogi-tiny-marienholm.jpg","datePublished":"2023-09-04T13:18:27+00:00","dateModified":"2024-06-17T11:53:05+00:00","description":"Majutus Haapsalus Tiny Marienholm minivillades ja peegelmajades. Broneeri majutus otse kodulehelt.","breadcrumb":{"@id":"https:\/\/scandiumliving.ee\/tinymarienholm\/blogi\/#breadcrumb"},"inLanguage":"et","potentialAction":[{"@type":"ReadAction","target":["https:\/\/scandiumliving.ee\/tinymarienholm\/blogi\/"]}]},{"@type":"ImageObject","inLanguage":"et","@id":"https:\/\/scandiumliving.ee\/tinymarienholm\/blogi\/#primaryimage","url":"https:\/\/scandiumliving.ee\/tinymarienholm\/wp-content\/uploads\/2024\/02\/blogi-tiny-marienholm.jpg","contentUrl":"https:\/\/scandiumliving.ee\/tinymarienholm\/wp-content\/uploads\/2024\/02\/blogi-tiny-marienholm.jpg","width":2560,"height":1600},{"@type":"BreadcrumbList","@id":"https:\/\/scandiumliving.ee\/tinymarienholm\/blogi\/#breadcrumb","itemListElement":[{"@type":"ListItem","position":1,"name":"Home","item":"https:\/\/scandiumliving.ee\/tinymarienholm\/"},{"@type":"ListItem","position":2,"name":"Blogi"}]},{"@type":"WebSite","@id":"https:\/\/scandiumliving.ee\/tinymarienholm\/#website","url":"https:\/\/scandiumliving.ee\/tinymarienholm\/","name":"Tiny Marienholm","description":"Minivillad Haapsalus","potentialAction":[{"@type":"SearchAction","target":{"@type":"EntryPoint","urlTemplate":"https:\/\/scandiumliving.ee\/tinymarienholm\/?s={search_term_string}"},"query-input":{"@type":"PropertyValueSpecification","valueRequired":true,"valueName":"search_term_string"}}],"inLanguage":"et"}]}},"_links":{"self":[{"href":"https:\/\/scandiumliving.ee\/tinymarienholm\/wp-json\/wp\/v2\/pages\/1761","targetHints":{"allow":["GET"]}}],"collection":[{"href":"https:\/\/scandiumliving.ee\/tinymarienholm\/wp-json\/wp\/v2\/pages"}],"about":[{"href":"https:\/\/scandiumliving.ee\/tinymarienholm\/wp-json\/wp\/v2\/types\/page"}],"author":[{"embeddable":true,"href":"https:\/\/scandiumliving.ee\/tinymarienholm\/wp-json\/wp\/v2\/users\/3"}],"replies":[{"embeddable":true,"href":"https:\/\/scandiumliving.ee\/tinymarienholm\/wp-json\/wp\/v2\/comments?post=1761"}],"version-history":[{"count":12,"href":"https:\/\/scandiumliving.ee\/tinymarienholm\/wp-json\/wp\/v2\/pages\/1761\/revisions"}],"predecessor-version":[{"id":2531,"href":"https:\/\/scandiumliving.ee\/tinymarienholm\/wp-json\/wp\/v2\/pages\/1761\/revisions\/2531"}],"wp:attachment":[{"href":"https:\/\/scandiumliving.ee\/tinymarienholm\/wp-json\/wp\/v2\/media?parent=1761"}],"curies":[{"name":"wp","href":"https:\/\/api.w.org\/{rel}","templated":true}]}}