{"id":1784,"date":"2023-09-05T09:32:58","date_gmt":"2023-09-05T09:32:58","guid":{"rendered":"https:\/\/scandiumliving.ee\/tinymarienholm\/?page_id=1784"},"modified":"2025-10-13T11:13:52","modified_gmt":"2025-10-13T11:13:52","slug":"meie-vaartused","status":"publish","type":"page","link":"https:\/\/scandiumliving.ee\/tinymarienholm\/meie-vaartused\/","title":{"rendered":"Meie v\u00e4\u00e4rtused"},"content":{"rendered":"\n<div class=\"wp-block-cover alignfull is-light\"><img loading=\"lazy\" decoding=\"async\" width=\"2560\" height=\"1705\" class=\"wp-block-cover__image-background wp-image-1570\" alt=\"\" src=\"https:\/\/scandiumliving.ee\/tinymarienholm\/wp-content\/uploads\/2023\/08\/minivilla-haapsalus-tiny-marienholm-1-scaled.jpg\" style=\"object-position:59% 42%\" data-object-fit=\"cover\" data-object-position=\"59% 42%\" srcset=\"https:\/\/scandiumliving.ee\/tinymarienholm\/wp-content\/uploads\/2023\/08\/minivilla-haapsalus-tiny-marienholm-1-scaled.jpg 2560w, https:\/\/scandiumliving.ee\/tinymarienholm\/wp-content\/uploads\/2023\/08\/minivilla-haapsalus-tiny-marienholm-1-300x200.jpg 300w, https:\/\/scandiumliving.ee\/tinymarienholm\/wp-content\/uploads\/2023\/08\/minivilla-haapsalus-tiny-marienholm-1-1024x682.jpg 1024w, https:\/\/scandiumliving.ee\/tinymarienholm\/wp-content\/uploads\/2023\/08\/minivilla-haapsalus-tiny-marienholm-1-768x512.jpg 768w, https:\/\/scandiumliving.ee\/tinymarienholm\/wp-content\/uploads\/2023\/08\/minivilla-haapsalus-tiny-marienholm-1-1536x1023.jpg 1536w, https:\/\/scandiumliving.ee\/tinymarienholm\/wp-content\/uploads\/2023\/08\/minivilla-haapsalus-tiny-marienholm-1-2048x1364.jpg 2048w, https:\/\/scandiumliving.ee\/tinymarienholm\/wp-content\/uploads\/2023\/08\/minivilla-haapsalus-tiny-marienholm-1-1568x1044.jpg 1568w\" sizes=\"auto, (max-width: 2560px) 100vw, 2560px\" \/><span aria-hidden=\"true\" class=\"wp-block-cover__background has-background-dim-20 has-background-dim\"><\/span><div class=\"wp-block-cover__inner-container is-layout-flow wp-block-cover-is-layout-flow\">\n<p class=\"has-text-align-center has-large-font-size\"><\/p>\n<\/div><\/div>\n\n\n\n<div style=\"height:20px\" aria-hidden=\"true\" class=\"wp-block-spacer\"><\/div>\n\n\n\n<h1 class=\"wp-block-heading has-text-align-center has-large-font-size\">Meie v\u00e4\u00e4rtused: peegelmaja ja minivillad<\/h1>\n\n\n\n<div class=\"wp-block-columns alignfull is-layout-flex wp-container-core-columns-is-layout-c6bc58be wp-block-columns-is-layout-flex\" style=\"padding-top:0px;padding-right:0px;padding-bottom:0px;padding-left:0px\">\n<div class=\"wp-block-column is-layout-flow wp-block-column-is-layout-flow\">\n<div class=\"wp-block-cover\" style=\"min-height:430px;aspect-ratio:unset;\"><img loading=\"lazy\" decoding=\"async\" width=\"1440\" height=\"1600\" class=\"wp-block-cover__image-background wp-image-1503\" alt=\"\" src=\"https:\/\/scandiumliving.ee\/tinymarienholm\/wp-content\/uploads\/2023\/08\/peegelmaja-haapsalus-tiny-marienholm-uni.png\" data-object-fit=\"cover\" srcset=\"https:\/\/scandiumliving.ee\/tinymarienholm\/wp-content\/uploads\/2023\/08\/peegelmaja-haapsalus-tiny-marienholm-uni.png 1440w, https:\/\/scandiumliving.ee\/tinymarienholm\/wp-content\/uploads\/2023\/08\/peegelmaja-haapsalus-tiny-marienholm-uni-270x300.png 270w, https:\/\/scandiumliving.ee\/tinymarienholm\/wp-content\/uploads\/2023\/08\/peegelmaja-haapsalus-tiny-marienholm-uni-922x1024.png 922w, https:\/\/scandiumliving.ee\/tinymarienholm\/wp-content\/uploads\/2023\/08\/peegelmaja-haapsalus-tiny-marienholm-uni-768x853.png 768w, https:\/\/scandiumliving.ee\/tinymarienholm\/wp-content\/uploads\/2023\/08\/peegelmaja-haapsalus-tiny-marienholm-uni-1382x1536.png 1382w\" sizes=\"auto, (max-width: 1440px) 100vw, 1440px\" \/><span aria-hidden=\"true\" class=\"wp-block-cover__background has-background-dim\"><\/span><div class=\"wp-block-cover__inner-container is-layout-flow wp-block-cover-is-layout-flow\">\n<h3 class=\"wp-block-heading has-text-align-center has-white-color has-text-color has-large-font-size\" style=\"font-style:normal;font-weight:500;letter-spacing:1px\"><a href=\"https:\/\/scandiumliving.ee\/tinymarienholm\/sinu-parim-uni\/\"><mark style=\"background-color:rgba(0, 0, 0, 0);color:#ffffff\" class=\"has-inline-color\">Sinu parim uni<\/mark><\/a><\/h3>\n\n\n\n<div class=\"wp-block-buttons is-content-justification-center is-layout-flex wp-container-core-buttons-is-layout-a89b3969 wp-block-buttons-is-layout-flex\">\n<div class=\"wp-block-button aligncenter is-style-fill\"><a class=\"wp-block-button__link has-white-color has-text-color has-background wp-element-button\" href=\"https:\/\/scandiumliving.ee\/tinymarienholm\/oobimine-haapsalus-tiny-marienholm\/\" style=\"background-color:#d99a71\">LOE EDASI<\/a><\/div>\n<\/div>\n<\/div><\/div>\n<\/div>\n\n\n\n<div class=\"wp-block-column is-layout-flow wp-block-column-is-layout-flow\">\n<div class=\"wp-block-cover is-light\"><img loading=\"lazy\" decoding=\"async\" width=\"2560\" height=\"1917\" class=\"wp-block-cover__image-background wp-image-1505\" alt=\"\" src=\"https:\/\/scandiumliving.ee\/tinymarienholm\/wp-content\/uploads\/2023\/08\/peegelmaja-haapsalus-tiny-marienholm-poolsaar-scaled.jpg\" data-object-fit=\"cover\" srcset=\"https:\/\/scandiumliving.ee\/tinymarienholm\/wp-content\/uploads\/2023\/08\/peegelmaja-haapsalus-tiny-marienholm-poolsaar-scaled.jpg 2560w, https:\/\/scandiumliving.ee\/tinymarienholm\/wp-content\/uploads\/2023\/08\/peegelmaja-haapsalus-tiny-marienholm-poolsaar-300x225.jpg 300w, https:\/\/scandiumliving.ee\/tinymarienholm\/wp-content\/uploads\/2023\/08\/peegelmaja-haapsalus-tiny-marienholm-poolsaar-1024x767.jpg 1024w, https:\/\/scandiumliving.ee\/tinymarienholm\/wp-content\/uploads\/2023\/08\/peegelmaja-haapsalus-tiny-marienholm-poolsaar-768x575.jpg 768w, https:\/\/scandiumliving.ee\/tinymarienholm\/wp-content\/uploads\/2023\/08\/peegelmaja-haapsalus-tiny-marienholm-poolsaar-1536x1150.jpg 1536w, https:\/\/scandiumliving.ee\/tinymarienholm\/wp-content\/uploads\/2023\/08\/peegelmaja-haapsalus-tiny-marienholm-poolsaar-2048x1534.jpg 2048w, https:\/\/scandiumliving.ee\/tinymarienholm\/wp-content\/uploads\/2023\/08\/peegelmaja-haapsalus-tiny-marienholm-poolsaar-1568x1174.jpg 1568w\" sizes=\"auto, (max-width: 2560px) 100vw, 2560px\" \/><span aria-hidden=\"true\" class=\"wp-block-cover__background has-background-dim-20 has-background-dim\"><\/span><div class=\"wp-block-cover__inner-container is-layout-flow wp-block-cover-is-layout-flow\">\n<h3 class=\"wp-block-heading has-text-align-center has-white-color has-text-color has-large-font-size\" style=\"font-style:normal;font-weight:500;letter-spacing:1px\"><a href=\"https:\/\/scandiumliving.ee\/tinymarienholm\/unikaalne-asukoht\/\"><mark style=\"background-color:rgba(0, 0, 0, 0);color:#ffffff\" class=\"has-inline-color\">Unikaalne asukoht<\/mark><\/a><\/h3>\n\n\n\n<div class=\"wp-block-buttons is-content-justification-center is-layout-flex wp-container-core-buttons-is-layout-a89b3969 wp-block-buttons-is-layout-flex\">\n<div class=\"wp-block-button aligncenter is-style-fill\"><a class=\"wp-block-button__link has-white-color has-text-color has-background wp-element-button\" href=\"https:\/\/scandiumliving.ee\/tinymarienholm\/unikaalne-asukoht\/\" style=\"background-color:#d99a71\">LOE EDASI<\/a><\/div>\n<\/div>\n<\/div><\/div>\n<\/div>\n\n\n\n<div class=\"wp-block-column is-layout-flow wp-block-column-is-layout-flow\">\n<div class=\"wp-block-cover\"><img loading=\"lazy\" decoding=\"async\" width=\"2560\" height=\"1706\" class=\"wp-block-cover__image-background wp-image-1507\" alt=\"\" src=\"https:\/\/scandiumliving.ee\/tinymarienholm\/wp-content\/uploads\/2023\/08\/peegelmaja-haapsalus-tiny-marienholm-roheteema-scaled.jpg\" data-object-fit=\"cover\" srcset=\"https:\/\/scandiumliving.ee\/tinymarienholm\/wp-content\/uploads\/2023\/08\/peegelmaja-haapsalus-tiny-marienholm-roheteema-scaled.jpg 2560w, https:\/\/scandiumliving.ee\/tinymarienholm\/wp-content\/uploads\/2023\/08\/peegelmaja-haapsalus-tiny-marienholm-roheteema-300x200.jpg 300w, https:\/\/scandiumliving.ee\/tinymarienholm\/wp-content\/uploads\/2023\/08\/peegelmaja-haapsalus-tiny-marienholm-roheteema-1024x683.jpg 1024w, https:\/\/scandiumliving.ee\/tinymarienholm\/wp-content\/uploads\/2023\/08\/peegelmaja-haapsalus-tiny-marienholm-roheteema-768x512.jpg 768w, https:\/\/scandiumliving.ee\/tinymarienholm\/wp-content\/uploads\/2023\/08\/peegelmaja-haapsalus-tiny-marienholm-roheteema-1536x1024.jpg 1536w, https:\/\/scandiumliving.ee\/tinymarienholm\/wp-content\/uploads\/2023\/08\/peegelmaja-haapsalus-tiny-marienholm-roheteema-2048x1365.jpg 2048w, https:\/\/scandiumliving.ee\/tinymarienholm\/wp-content\/uploads\/2023\/08\/peegelmaja-haapsalus-tiny-marienholm-roheteema-1568x1045.jpg 1568w\" sizes=\"auto, (max-width: 2560px) 100vw, 2560px\" \/><span aria-hidden=\"true\" class=\"wp-block-cover__background has-background-dim\"><\/span><div class=\"wp-block-cover__inner-container is-layout-flow wp-block-cover-is-layout-flow\">\n<h2 class=\"wp-block-heading has-text-align-center has-white-color has-text-color has-large-font-size\" style=\"font-style:normal;font-weight:500;letter-spacing:1px\"><a href=\"https:\/\/scandiumliving.ee\/tinymarienholm\/rohetiiger\/\"><mark style=\"background-color:rgba(0, 0, 0, 0);color:#ffffff\" class=\"has-inline-color\">Rohetiiger<\/mark><\/a><\/h2>\n\n\n\n<div class=\"wp-block-buttons is-content-justification-center is-layout-flex wp-container-core-buttons-is-layout-a89b3969 wp-block-buttons-is-layout-flex\">\n<div class=\"wp-block-button\"><a class=\"wp-block-button__link has-white-color has-text-color wp-element-button\" href=\"https:\/\/scandiumliving.ee\/tinymarienholm\/keskkonnasobralik-majutus-haapsalus\/\">LOE EDASI<\/a><\/div>\n<\/div>\n<\/div><\/div>\n<\/div>\n<\/div>\n\n\n\n<div style=\"height:20px\" aria-hidden=\"true\" class=\"wp-block-spacer\"><\/div>\n","protected":false},"excerpt":{"rendered":"<p>Meie v\u00e4\u00e4rtused: peegelmaja ja minivillad<\/p>\n","protected":false},"author":3,"featured_media":0,"parent":0,"menu_order":0,"comment_status":"closed","ping_status":"closed","template":"","meta":{"inline_featured_image":false,"footnotes":""},"class_list":["post-1784","page","type-page","status-publish","hentry"],"yoast_head":"<!-- This site is optimized with the Yoast SEO plugin v26.7 - https:\/\/yoast.com\/wordpress\/plugins\/seo\/ -->\n<title>Meie v\u00e4\u00e4rtused - Tiny Marienholm<\/title>\n<meta name=\"robots\" content=\"index, follow, max-snippet:-1, max-image-preview:large, max-video-preview:-1\" \/>\n<link rel=\"canonical\" href=\"https:\/\/scandiumliving.ee\/tinymarienholm\/meie-vaartused\/\" \/>\n<meta property=\"og:locale\" content=\"et_EE\" \/>\n<meta property=\"og:type\" content=\"article\" \/>\n<meta property=\"og:title\" content=\"Meie v\u00e4\u00e4rtused - Tiny Marienholm\" \/>\n<meta property=\"og:description\" content=\"Meie v\u00e4\u00e4rtused: peegelmaja ja minivillad\" \/>\n<meta property=\"og:url\" content=\"https:\/\/scandiumliving.ee\/tinymarienholm\/meie-vaartused\/\" \/>\n<meta property=\"og:site_name\" content=\"Tiny Marienholm\" \/>\n<meta property=\"article:modified_time\" content=\"2025-10-13T11:13:52+00:00\" \/>\n<meta property=\"og:image\" content=\"https:\/\/scandiumliving.ee\/tinymarienholm\/wp-content\/uploads\/2023\/08\/minivilla-haapsalus-tiny-marienholm-1-scaled.jpg\" \/>\n\t<meta property=\"og:image:width\" content=\"2560\" \/>\n\t<meta property=\"og:image:height\" content=\"1705\" \/>\n\t<meta property=\"og:image:type\" content=\"image\/jpeg\" \/>\n<meta name=\"twitter:card\" content=\"summary_large_image\" \/>\n<meta name=\"twitter:label1\" content=\"Est. reading time\" \/>\n\t<meta name=\"twitter:data1\" content=\"1 minut\" \/>\n<script type=\"application\/ld+json\" class=\"yoast-schema-graph\">{\"@context\":\"https:\/\/schema.org\",\"@graph\":[{\"@type\":\"WebPage\",\"@id\":\"https:\/\/scandiumliving.ee\/tinymarienholm\/meie-vaartused\/\",\"url\":\"https:\/\/scandiumliving.ee\/tinymarienholm\/meie-vaartused\/\",\"name\":\"Meie v\u00e4\u00e4rtused - Tiny Marienholm\",\"isPartOf\":{\"@id\":\"https:\/\/scandiumliving.ee\/tinymarienholm\/#website\"},\"primaryImageOfPage\":{\"@id\":\"https:\/\/scandiumliving.ee\/tinymarienholm\/meie-vaartused\/#primaryimage\"},\"image\":{\"@id\":\"https:\/\/scandiumliving.ee\/tinymarienholm\/meie-vaartused\/#primaryimage\"},\"thumbnailUrl\":\"https:\/\/scandiumliving.ee\/tinymarienholm\/wp-content\/uploads\/2023\/08\/minivilla-haapsalus-tiny-marienholm-1-scaled.jpg\",\"datePublished\":\"2023-09-05T09:32:58+00:00\",\"dateModified\":\"2025-10-13T11:13:52+00:00\",\"breadcrumb\":{\"@id\":\"https:\/\/scandiumliving.ee\/tinymarienholm\/meie-vaartused\/#breadcrumb\"},\"inLanguage\":\"et\",\"potentialAction\":[{\"@type\":\"ReadAction\",\"target\":[\"https:\/\/scandiumliving.ee\/tinymarienholm\/meie-vaartused\/\"]}]},{\"@type\":\"ImageObject\",\"inLanguage\":\"et\",\"@id\":\"https:\/\/scandiumliving.ee\/tinymarienholm\/meie-vaartused\/#primaryimage\",\"url\":\"https:\/\/scandiumliving.ee\/tinymarienholm\/wp-content\/uploads\/2023\/08\/minivilla-haapsalus-tiny-marienholm-1-scaled.jpg\",\"contentUrl\":\"https:\/\/scandiumliving.ee\/tinymarienholm\/wp-content\/uploads\/2023\/08\/minivilla-haapsalus-tiny-marienholm-1-scaled.jpg\",\"width\":2560,\"height\":1705},{\"@type\":\"BreadcrumbList\",\"@id\":\"https:\/\/scandiumliving.ee\/tinymarienholm\/meie-vaartused\/#breadcrumb\",\"itemListElement\":[{\"@type\":\"ListItem\",\"position\":1,\"name\":\"Home\",\"item\":\"https:\/\/scandiumliving.ee\/tinymarienholm\/\"},{\"@type\":\"ListItem\",\"position\":2,\"name\":\"Meie v\u00e4\u00e4rtused\"}]},{\"@type\":\"WebSite\",\"@id\":\"https:\/\/scandiumliving.ee\/tinymarienholm\/#website\",\"url\":\"https:\/\/scandiumliving.ee\/tinymarienholm\/\",\"name\":\"Tiny Marienholm\",\"description\":\"Minivillad Haapsalus\",\"potentialAction\":[{\"@type\":\"SearchAction\",\"target\":{\"@type\":\"EntryPoint\",\"urlTemplate\":\"https:\/\/scandiumliving.ee\/tinymarienholm\/?s={search_term_string}\"},\"query-input\":{\"@type\":\"PropertyValueSpecification\",\"valueRequired\":true,\"valueName\":\"search_term_string\"}}],\"inLanguage\":\"et\"}]}<\/script>\n<!-- \/ Yoast SEO plugin. -->","yoast_head_json":{"title":"Meie v\u00e4\u00e4rtused - Tiny Marienholm","robots":{"index":"index","follow":"follow","max-snippet":"max-snippet:-1","max-image-preview":"max-image-preview:large","max-video-preview":"max-video-preview:-1"},"canonical":"https:\/\/scandiumliving.ee\/tinymarienholm\/meie-vaartused\/","og_locale":"et_EE","og_type":"article","og_title":"Meie v\u00e4\u00e4rtused - Tiny Marienholm","og_description":"Meie v\u00e4\u00e4rtused: peegelmaja ja minivillad","og_url":"https:\/\/scandiumliving.ee\/tinymarienholm\/meie-vaartused\/","og_site_name":"Tiny Marienholm","article_modified_time":"2025-10-13T11:13:52+00:00","og_image":[{"width":2560,"height":1705,"url":"https:\/\/scandiumliving.ee\/tinymarienholm\/wp-content\/uploads\/2023\/08\/minivilla-haapsalus-tiny-marienholm-1-scaled.jpg","type":"image\/jpeg"}],"twitter_card":"summary_large_image","twitter_misc":{"Est. reading time":"1 minut"},"schema":{"@context":"https:\/\/schema.org","@graph":[{"@type":"WebPage","@id":"https:\/\/scandiumliving.ee\/tinymarienholm\/meie-vaartused\/","url":"https:\/\/scandiumliving.ee\/tinymarienholm\/meie-vaartused\/","name":"Meie v\u00e4\u00e4rtused - Tiny Marienholm","isPartOf":{"@id":"https:\/\/scandiumliving.ee\/tinymarienholm\/#website"},"primaryImageOfPage":{"@id":"https:\/\/scandiumliving.ee\/tinymarienholm\/meie-vaartused\/#primaryimage"},"image":{"@id":"https:\/\/scandiumliving.ee\/tinymarienholm\/meie-vaartused\/#primaryimage"},"thumbnailUrl":"https:\/\/scandiumliving.ee\/tinymarienholm\/wp-content\/uploads\/2023\/08\/minivilla-haapsalus-tiny-marienholm-1-scaled.jpg","datePublished":"2023-09-05T09:32:58+00:00","dateModified":"2025-10-13T11:13:52+00:00","breadcrumb":{"@id":"https:\/\/scandiumliving.ee\/tinymarienholm\/meie-vaartused\/#breadcrumb"},"inLanguage":"et","potentialAction":[{"@type":"ReadAction","target":["https:\/\/scandiumliving.ee\/tinymarienholm\/meie-vaartused\/"]}]},{"@type":"ImageObject","inLanguage":"et","@id":"https:\/\/scandiumliving.ee\/tinymarienholm\/meie-vaartused\/#primaryimage","url":"https:\/\/scandiumliving.ee\/tinymarienholm\/wp-content\/uploads\/2023\/08\/minivilla-haapsalus-tiny-marienholm-1-scaled.jpg","contentUrl":"https:\/\/scandiumliving.ee\/tinymarienholm\/wp-content\/uploads\/2023\/08\/minivilla-haapsalus-tiny-marienholm-1-scaled.jpg","width":2560,"height":1705},{"@type":"BreadcrumbList","@id":"https:\/\/scandiumliving.ee\/tinymarienholm\/meie-vaartused\/#breadcrumb","itemListElement":[{"@type":"ListItem","position":1,"name":"Home","item":"https:\/\/scandiumliving.ee\/tinymarienholm\/"},{"@type":"ListItem","position":2,"name":"Meie v\u00e4\u00e4rtused"}]},{"@type":"WebSite","@id":"https:\/\/scandiumliving.ee\/tinymarienholm\/#website","url":"https:\/\/scandiumliving.ee\/tinymarienholm\/","name":"Tiny Marienholm","description":"Minivillad Haapsalus","potentialAction":[{"@type":"SearchAction","target":{"@type":"EntryPoint","urlTemplate":"https:\/\/scandiumliving.ee\/tinymarienholm\/?s={search_term_string}"},"query-input":{"@type":"PropertyValueSpecification","valueRequired":true,"valueName":"search_term_string"}}],"inLanguage":"et"}]}},"_links":{"self":[{"href":"https:\/\/scandiumliving.ee\/tinymarienholm\/wp-json\/wp\/v2\/pages\/1784","targetHints":{"allow":["GET"]}}],"collection":[{"href":"https:\/\/scandiumliving.ee\/tinymarienholm\/wp-json\/wp\/v2\/pages"}],"about":[{"href":"https:\/\/scandiumliving.ee\/tinymarienholm\/wp-json\/wp\/v2\/types\/page"}],"author":[{"embeddable":true,"href":"https:\/\/scandiumliving.ee\/tinymarienholm\/wp-json\/wp\/v2\/users\/3"}],"replies":[{"embeddable":true,"href":"https:\/\/scandiumliving.ee\/tinymarienholm\/wp-json\/wp\/v2\/comments?post=1784"}],"version-history":[{"count":6,"href":"https:\/\/scandiumliving.ee\/tinymarienholm\/wp-json\/wp\/v2\/pages\/1784\/revisions"}],"predecessor-version":[{"id":2657,"href":"https:\/\/scandiumliving.ee\/tinymarienholm\/wp-json\/wp\/v2\/pages\/1784\/revisions\/2657"}],"wp:attachment":[{"href":"https:\/\/scandiumliving.ee\/tinymarienholm\/wp-json\/wp\/v2\/media?parent=1784"}],"curies":[{"name":"wp","href":"https:\/\/api.w.org\/{rel}","templated":true}]}}