{"id":183,"date":"2022-11-09T11:17:10","date_gmt":"2022-11-09T11:17:10","guid":{"rendered":"https:\/\/scandiumliving.ee\/tinymarienholm\/?page_id=183"},"modified":"2024-10-18T09:03:29","modified_gmt":"2024-10-18T09:03:29","slug":"unikaalne-asukoht","status":"publish","type":"page","link":"https:\/\/scandiumliving.ee\/tinymarienholm\/unikaalne-asukoht\/","title":{"rendered":"Unikaalne asukoht"},"content":{"rendered":"\n<div class=\"wp-block-cover alignfull is-light\"><span aria-hidden=\"true\" class=\"wp-block-cover__background has-background-dim-0 has-background-dim\" style=\"background-color:#a79c92\"><\/span><img loading=\"lazy\" decoding=\"async\" width=\"2560\" height=\"1706\" class=\"wp-block-cover__image-background wp-image-1301\" alt=\"\" src=\"https:\/\/scandiumliving.ee\/tinymarienholm\/wp-content\/uploads\/2023\/07\/tiny-marienholm-minimajad-scandium-living-18-scaled.jpg\" style=\"object-position:83% 37%\" data-object-fit=\"cover\" data-object-position=\"83% 37%\" srcset=\"https:\/\/scandiumliving.ee\/tinymarienholm\/wp-content\/uploads\/2023\/07\/tiny-marienholm-minimajad-scandium-living-18-scaled.jpg 2560w, https:\/\/scandiumliving.ee\/tinymarienholm\/wp-content\/uploads\/2023\/07\/tiny-marienholm-minimajad-scandium-living-18-300x200.jpg 300w, https:\/\/scandiumliving.ee\/tinymarienholm\/wp-content\/uploads\/2023\/07\/tiny-marienholm-minimajad-scandium-living-18-1024x682.jpg 1024w, https:\/\/scandiumliving.ee\/tinymarienholm\/wp-content\/uploads\/2023\/07\/tiny-marienholm-minimajad-scandium-living-18-768x512.jpg 768w, https:\/\/scandiumliving.ee\/tinymarienholm\/wp-content\/uploads\/2023\/07\/tiny-marienholm-minimajad-scandium-living-18-1536x1023.jpg 1536w, https:\/\/scandiumliving.ee\/tinymarienholm\/wp-content\/uploads\/2023\/07\/tiny-marienholm-minimajad-scandium-living-18-2048x1364.jpg 2048w, https:\/\/scandiumliving.ee\/tinymarienholm\/wp-content\/uploads\/2023\/07\/tiny-marienholm-minimajad-scandium-living-18-1568x1045.jpg 1568w\" sizes=\"auto, (max-width: 2560px) 100vw, 2560px\" \/><div class=\"wp-block-cover__inner-container is-layout-flow wp-block-cover-is-layout-flow\">\n<p class=\"has-text-align-center has-large-font-size\"><\/p>\n<\/div><\/div>\n\n\n\n<div style=\"height:25px\" aria-hidden=\"true\" class=\"wp-block-spacer\"><\/div>\n\n\n\n<h2 class=\"wp-block-heading has-text-align-center has-large-font-size\" style=\"font-style:normal;font-weight:300;letter-spacing:1px\">Unikaalne asukoht<\/h2>\n\n\n\n<p style=\"font-size:17px\">Marienholmi poolsaar asub Suure Viigi vasakul kaldal \u2013 otse Haapsalu linnas. See on unikaalne asukoht kogu L\u00e4\u00e4nemere regioonis.<\/p>\n\n\n\n<p style=\"font-size:17px\">Poolsaare tipus asus 19. saj alguses&nbsp;<strong>v\u00e4\u00e4rikas sadam<\/strong>, mis v\u00f5\u00f5rustas juba toona prominentseid riigip\u00e4id ja k\u00f5rgeid k\u00fclalisi. 21. sajandi keskel asus siin v\u00f5imas&nbsp;<strong>kalat\u00f6\u00f6stus<\/strong>, mis 90ndate alguses uksed sulges. 2022. aasta kevadel sai poolsaare vision\u00e4riks Scandium Kinnisvara, kelle k\u00e4e all kalat\u00f6\u00f6stuse varemed lammutati, et rajade teed uuele Marienholmi elukeskkonnale.<\/p>\n\n\n\n<p style=\"font-size:17px\">Tiny Marienholmi minivillad on esimene v\u00f5imalus uuesti avatud piirkonda privaatselt kogeda ja avastada! 2025 kevadel valmivad siin esimesed uued madalad kortermajad, et rajada siia p\u00fcsiv merevaadetega suvituslik elukeskkond. Viimase kohta saab l\u00e4hemalt lugeda aadressil <strong><a href=\"http:\/\/www.marienholm.com\" target=\"_blank\" rel=\"noreferrer noopener\">www.marienholm.com<\/a><\/strong>.<\/p>\n\n\n\n<figure class=\"wp-block-image size-large\"><img loading=\"lazy\" decoding=\"async\" width=\"1024\" height=\"654\" src=\"https:\/\/scandiumliving.ee\/tinymarienholm\/wp-content\/uploads\/2024\/05\/Firefly-20240529123318-e1716975318471-1024x654.png\" alt=\"\" class=\"wp-image-2286\" srcset=\"https:\/\/scandiumliving.ee\/tinymarienholm\/wp-content\/uploads\/2024\/05\/Firefly-20240529123318-e1716975318471-1024x654.png 1024w, https:\/\/scandiumliving.ee\/tinymarienholm\/wp-content\/uploads\/2024\/05\/Firefly-20240529123318-e1716975318471-300x191.png 300w, https:\/\/scandiumliving.ee\/tinymarienholm\/wp-content\/uploads\/2024\/05\/Firefly-20240529123318-e1716975318471-768x490.png 768w, https:\/\/scandiumliving.ee\/tinymarienholm\/wp-content\/uploads\/2024\/05\/Firefly-20240529123318-e1716975318471-1536x980.png 1536w, https:\/\/scandiumliving.ee\/tinymarienholm\/wp-content\/uploads\/2024\/05\/Firefly-20240529123318-e1716975318471-2048x1307.png 2048w, https:\/\/scandiumliving.ee\/tinymarienholm\/wp-content\/uploads\/2024\/05\/Firefly-20240529123318-e1716975318471-1568x1001.png 1568w\" sizes=\"auto, (max-width: 1024px) 100vw, 1024px\" \/><\/figure>\n\n\n\n<div style=\"height:25px\" aria-hidden=\"true\" class=\"wp-block-spacer\"><\/div>\n\n\n\n<div class=\"wp-block-columns alignwide is-layout-flex wp-container-core-columns-is-layout-28f84493 wp-block-columns-is-layout-flex\">\n<div class=\"wp-block-column is-layout-flow wp-block-column-is-layout-flow\">\n<div class=\"wp-block-webfactory-map alignfull google-map-edhotels\"><div class=\"wp-block-webfactory-map\"><iframe loading=\"lazy\" width=\"100%\" height=\"489px\" src=\"https:\/\/www.google.com\/maps\/embed\/v1\/place?q=Tiny%20Marienholm&amp;maptype=roadmap&amp;zoom=14&amp;key=AIzaSyDu21TpfU-MuEwU2kFMxIuyEP8nP1tAj4I\" frameborder=\"0\"><\/iframe><\/div><\/div>\n<\/div>\n<\/div>\n\n\n\n<div style=\"height:25px\" aria-hidden=\"true\" class=\"wp-block-spacer\"><\/div>\n","protected":false},"excerpt":{"rendered":"<p>Unikaalne asukoht Marienholmi poolsaar asub Suure Viigi vasakul kaldal \u2013 otse Haapsalu linnas. See on unikaalne asukoht kogu L\u00e4\u00e4nemere regioonis. Poolsaare tipus asus 19. saj alguses&nbsp;v\u00e4\u00e4rikas sadam, mis v\u00f5\u00f5rustas juba toona prominentseid riigip\u00e4id ja k\u00f5rgeid k\u00fclalisi. 21. sajandi keskel asus siin v\u00f5imas&nbsp;kalat\u00f6\u00f6stus, mis 90ndate alguses uksed sulges. 2022. aasta kevadel sai poolsaare vision\u00e4riks Scandium Kinnisvara, [&hellip;]<\/p>\n","protected":false},"author":3,"featured_media":0,"parent":0,"menu_order":0,"comment_status":"closed","ping_status":"closed","template":"","meta":{"inline_featured_image":false,"footnotes":""},"class_list":["post-183","page","type-page","status-publish","hentry"],"yoast_head":"<!-- This site is optimized with the Yoast SEO plugin v26.7 - https:\/\/yoast.com\/wordpress\/plugins\/seo\/ -->\n<title>Unikaalne asukoht - Tiny Marienholm<\/title>\n<meta name=\"description\" content=\"Tiny Marienholmi unikaalne asukoht otse merekaldal pakub unustamatuid vaateid Haapsalu laguunile. Kas tavainimesest saab siin hobi-ornitoloog\" \/>\n<meta name=\"robots\" content=\"index, follow, max-snippet:-1, max-image-preview:large, max-video-preview:-1\" \/>\n<link rel=\"canonical\" href=\"https:\/\/scandiumliving.ee\/tinymarienholm\/unikaalne-asukoht\/\" \/>\n<meta property=\"og:locale\" content=\"et_EE\" \/>\n<meta property=\"og:type\" content=\"article\" \/>\n<meta property=\"og:title\" content=\"Unikaalne asukoht - Tiny Marienholm\" \/>\n<meta property=\"og:description\" content=\"Tiny Marienholmi unikaalne asukoht otse merekaldal pakub unustamatuid vaateid Haapsalu laguunile. Kas tavainimesest saab siin hobi-ornitoloog\" \/>\n<meta property=\"og:url\" content=\"https:\/\/scandiumliving.ee\/tinymarienholm\/unikaalne-asukoht\/\" \/>\n<meta property=\"og:site_name\" content=\"Tiny Marienholm\" \/>\n<meta property=\"article:modified_time\" content=\"2024-10-18T09:03:29+00:00\" \/>\n<meta property=\"og:image\" content=\"https:\/\/scandiumliving.ee\/tinymarienholm\/wp-content\/uploads\/2023\/07\/tiny-marienholm-minimajad-scandium-living-18-scaled.jpg\" \/>\n<meta name=\"twitter:card\" content=\"summary_large_image\" \/>\n<script type=\"application\/ld+json\" class=\"yoast-schema-graph\">{\"@context\":\"https:\/\/schema.org\",\"@graph\":[{\"@type\":\"WebPage\",\"@id\":\"https:\/\/scandiumliving.ee\/tinymarienholm\/unikaalne-asukoht\/\",\"url\":\"https:\/\/scandiumliving.ee\/tinymarienholm\/unikaalne-asukoht\/\",\"name\":\"Unikaalne asukoht - Tiny Marienholm\",\"isPartOf\":{\"@id\":\"https:\/\/scandiumliving.ee\/tinymarienholm\/#website\"},\"primaryImageOfPage\":{\"@id\":\"https:\/\/scandiumliving.ee\/tinymarienholm\/unikaalne-asukoht\/#primaryimage\"},\"image\":{\"@id\":\"https:\/\/scandiumliving.ee\/tinymarienholm\/unikaalne-asukoht\/#primaryimage\"},\"thumbnailUrl\":\"https:\/\/scandiumliving.ee\/tinymarienholm\/wp-content\/uploads\/2023\/07\/tiny-marienholm-minimajad-scandium-living-18-scaled.jpg\",\"datePublished\":\"2022-11-09T11:17:10+00:00\",\"dateModified\":\"2024-10-18T09:03:29+00:00\",\"description\":\"Tiny Marienholmi unikaalne asukoht otse merekaldal pakub unustamatuid vaateid Haapsalu laguunile. Kas tavainimesest saab siin hobi-ornitoloog\",\"breadcrumb\":{\"@id\":\"https:\/\/scandiumliving.ee\/tinymarienholm\/unikaalne-asukoht\/#breadcrumb\"},\"inLanguage\":\"et\",\"potentialAction\":[{\"@type\":\"ReadAction\",\"target\":[\"https:\/\/scandiumliving.ee\/tinymarienholm\/unikaalne-asukoht\/\"]}]},{\"@type\":\"ImageObject\",\"inLanguage\":\"et\",\"@id\":\"https:\/\/scandiumliving.ee\/tinymarienholm\/unikaalne-asukoht\/#primaryimage\",\"url\":\"https:\/\/scandiumliving.ee\/tinymarienholm\/wp-content\/uploads\/2023\/07\/tiny-marienholm-minimajad-scandium-living-18-scaled.jpg\",\"contentUrl\":\"https:\/\/scandiumliving.ee\/tinymarienholm\/wp-content\/uploads\/2023\/07\/tiny-marienholm-minimajad-scandium-living-18-scaled.jpg\"},{\"@type\":\"BreadcrumbList\",\"@id\":\"https:\/\/scandiumliving.ee\/tinymarienholm\/unikaalne-asukoht\/#breadcrumb\",\"itemListElement\":[{\"@type\":\"ListItem\",\"position\":1,\"name\":\"Home\",\"item\":\"https:\/\/scandiumliving.ee\/tinymarienholm\/\"},{\"@type\":\"ListItem\",\"position\":2,\"name\":\"Unikaalne asukoht\"}]},{\"@type\":\"WebSite\",\"@id\":\"https:\/\/scandiumliving.ee\/tinymarienholm\/#website\",\"url\":\"https:\/\/scandiumliving.ee\/tinymarienholm\/\",\"name\":\"Tiny Marienholm\",\"description\":\"Minivillad Haapsalus\",\"potentialAction\":[{\"@type\":\"SearchAction\",\"target\":{\"@type\":\"EntryPoint\",\"urlTemplate\":\"https:\/\/scandiumliving.ee\/tinymarienholm\/?s={search_term_string}\"},\"query-input\":{\"@type\":\"PropertyValueSpecification\",\"valueRequired\":true,\"valueName\":\"search_term_string\"}}],\"inLanguage\":\"et\"}]}<\/script>\n<!-- \/ Yoast SEO plugin. -->","yoast_head_json":{"title":"Unikaalne asukoht - Tiny Marienholm","description":"Tiny Marienholmi unikaalne asukoht otse merekaldal pakub unustamatuid vaateid Haapsalu laguunile. Kas tavainimesest saab siin hobi-ornitoloog","robots":{"index":"index","follow":"follow","max-snippet":"max-snippet:-1","max-image-preview":"max-image-preview:large","max-video-preview":"max-video-preview:-1"},"canonical":"https:\/\/scandiumliving.ee\/tinymarienholm\/unikaalne-asukoht\/","og_locale":"et_EE","og_type":"article","og_title":"Unikaalne asukoht - Tiny Marienholm","og_description":"Tiny Marienholmi unikaalne asukoht otse merekaldal pakub unustamatuid vaateid Haapsalu laguunile. Kas tavainimesest saab siin hobi-ornitoloog","og_url":"https:\/\/scandiumliving.ee\/tinymarienholm\/unikaalne-asukoht\/","og_site_name":"Tiny Marienholm","article_modified_time":"2024-10-18T09:03:29+00:00","og_image":[{"url":"https:\/\/scandiumliving.ee\/tinymarienholm\/wp-content\/uploads\/2023\/07\/tiny-marienholm-minimajad-scandium-living-18-scaled.jpg","type":"","width":"","height":""}],"twitter_card":"summary_large_image","schema":{"@context":"https:\/\/schema.org","@graph":[{"@type":"WebPage","@id":"https:\/\/scandiumliving.ee\/tinymarienholm\/unikaalne-asukoht\/","url":"https:\/\/scandiumliving.ee\/tinymarienholm\/unikaalne-asukoht\/","name":"Unikaalne asukoht - Tiny Marienholm","isPartOf":{"@id":"https:\/\/scandiumliving.ee\/tinymarienholm\/#website"},"primaryImageOfPage":{"@id":"https:\/\/scandiumliving.ee\/tinymarienholm\/unikaalne-asukoht\/#primaryimage"},"image":{"@id":"https:\/\/scandiumliving.ee\/tinymarienholm\/unikaalne-asukoht\/#primaryimage"},"thumbnailUrl":"https:\/\/scandiumliving.ee\/tinymarienholm\/wp-content\/uploads\/2023\/07\/tiny-marienholm-minimajad-scandium-living-18-scaled.jpg","datePublished":"2022-11-09T11:17:10+00:00","dateModified":"2024-10-18T09:03:29+00:00","description":"Tiny Marienholmi unikaalne asukoht otse merekaldal pakub unustamatuid vaateid Haapsalu laguunile. Kas tavainimesest saab siin hobi-ornitoloog","breadcrumb":{"@id":"https:\/\/scandiumliving.ee\/tinymarienholm\/unikaalne-asukoht\/#breadcrumb"},"inLanguage":"et","potentialAction":[{"@type":"ReadAction","target":["https:\/\/scandiumliving.ee\/tinymarienholm\/unikaalne-asukoht\/"]}]},{"@type":"ImageObject","inLanguage":"et","@id":"https:\/\/scandiumliving.ee\/tinymarienholm\/unikaalne-asukoht\/#primaryimage","url":"https:\/\/scandiumliving.ee\/tinymarienholm\/wp-content\/uploads\/2023\/07\/tiny-marienholm-minimajad-scandium-living-18-scaled.jpg","contentUrl":"https:\/\/scandiumliving.ee\/tinymarienholm\/wp-content\/uploads\/2023\/07\/tiny-marienholm-minimajad-scandium-living-18-scaled.jpg"},{"@type":"BreadcrumbList","@id":"https:\/\/scandiumliving.ee\/tinymarienholm\/unikaalne-asukoht\/#breadcrumb","itemListElement":[{"@type":"ListItem","position":1,"name":"Home","item":"https:\/\/scandiumliving.ee\/tinymarienholm\/"},{"@type":"ListItem","position":2,"name":"Unikaalne asukoht"}]},{"@type":"WebSite","@id":"https:\/\/scandiumliving.ee\/tinymarienholm\/#website","url":"https:\/\/scandiumliving.ee\/tinymarienholm\/","name":"Tiny Marienholm","description":"Minivillad Haapsalus","potentialAction":[{"@type":"SearchAction","target":{"@type":"EntryPoint","urlTemplate":"https:\/\/scandiumliving.ee\/tinymarienholm\/?s={search_term_string}"},"query-input":{"@type":"PropertyValueSpecification","valueRequired":true,"valueName":"search_term_string"}}],"inLanguage":"et"}]}},"_links":{"self":[{"href":"https:\/\/scandiumliving.ee\/tinymarienholm\/wp-json\/wp\/v2\/pages\/183","targetHints":{"allow":["GET"]}}],"collection":[{"href":"https:\/\/scandiumliving.ee\/tinymarienholm\/wp-json\/wp\/v2\/pages"}],"about":[{"href":"https:\/\/scandiumliving.ee\/tinymarienholm\/wp-json\/wp\/v2\/types\/page"}],"author":[{"embeddable":true,"href":"https:\/\/scandiumliving.ee\/tinymarienholm\/wp-json\/wp\/v2\/users\/3"}],"replies":[{"embeddable":true,"href":"https:\/\/scandiumliving.ee\/tinymarienholm\/wp-json\/wp\/v2\/comments?post=183"}],"version-history":[{"count":29,"href":"https:\/\/scandiumliving.ee\/tinymarienholm\/wp-json\/wp\/v2\/pages\/183\/revisions"}],"predecessor-version":[{"id":2484,"href":"https:\/\/scandiumliving.ee\/tinymarienholm\/wp-json\/wp\/v2\/pages\/183\/revisions\/2484"}],"wp:attachment":[{"href":"https:\/\/scandiumliving.ee\/tinymarienholm\/wp-json\/wp\/v2\/media?parent=183"}],"curies":[{"name":"wp","href":"https:\/\/api.w.org\/{rel}","templated":true}]}}