{"id":189,"date":"2022-11-09T11:25:59","date_gmt":"2022-11-09T11:25:59","guid":{"rendered":"https:\/\/scandiumliving.ee\/tinymarienholm\/?page_id=189"},"modified":"2023-08-23T11:06:38","modified_gmt":"2023-08-23T11:06:38","slug":"keskkonnasobralik-majutus-haapsalus","status":"publish","type":"page","link":"https:\/\/scandiumliving.ee\/tinymarienholm\/keskkonnasobralik-majutus-haapsalus\/","title":{"rendered":"Rohetiiger"},"content":{"rendered":"\n<div class=\"wp-block-cover alignfull\" style=\"min-height:428px;aspect-ratio:unset;\"><span aria-hidden=\"true\" class=\"wp-block-cover__background has-background-dim-30 has-background-dim\"><\/span><img loading=\"lazy\" decoding=\"async\" width=\"2560\" height=\"1706\" class=\"wp-block-cover__image-background wp-image-1610\" alt=\"\" src=\"https:\/\/scandiumliving.ee\/tinymarienholm\/wp-content\/uploads\/2023\/08\/keskkonnasobralik-majutus-haapsalus-tiny-marienholm-scaled.jpg\" data-object-fit=\"cover\" srcset=\"https:\/\/scandiumliving.ee\/tinymarienholm\/wp-content\/uploads\/2023\/08\/keskkonnasobralik-majutus-haapsalus-tiny-marienholm-scaled.jpg 2560w, https:\/\/scandiumliving.ee\/tinymarienholm\/wp-content\/uploads\/2023\/08\/keskkonnasobralik-majutus-haapsalus-tiny-marienholm-300x200.jpg 300w, https:\/\/scandiumliving.ee\/tinymarienholm\/wp-content\/uploads\/2023\/08\/keskkonnasobralik-majutus-haapsalus-tiny-marienholm-1024x683.jpg 1024w, https:\/\/scandiumliving.ee\/tinymarienholm\/wp-content\/uploads\/2023\/08\/keskkonnasobralik-majutus-haapsalus-tiny-marienholm-768x512.jpg 768w, https:\/\/scandiumliving.ee\/tinymarienholm\/wp-content\/uploads\/2023\/08\/keskkonnasobralik-majutus-haapsalus-tiny-marienholm-1536x1024.jpg 1536w, https:\/\/scandiumliving.ee\/tinymarienholm\/wp-content\/uploads\/2023\/08\/keskkonnasobralik-majutus-haapsalus-tiny-marienholm-2048x1365.jpg 2048w, https:\/\/scandiumliving.ee\/tinymarienholm\/wp-content\/uploads\/2023\/08\/keskkonnasobralik-majutus-haapsalus-tiny-marienholm-1568x1045.jpg 1568w\" sizes=\"auto, (max-width: 2560px) 100vw, 2560px\" \/><div class=\"wp-block-cover__inner-container is-layout-flow wp-block-cover-is-layout-flow\">\n<p class=\"has-text-align-center has-large-font-size\"><\/p>\n<\/div><\/div>\n\n\n\n<h2 class=\"wp-block-heading has-text-align-center has-large-font-size\" style=\"font-style:normal;font-weight:300;letter-spacing:1px\">Rohetiiger ja keskkonnas\u00f5bralik majutus<\/h2>\n\n\n\n<p style=\"font-size:17px\">Keskkonnas\u00f5bralik majutus Haapsalus &#8211; see on meie \u00fcks eesm\u00e4rke, mis meil s\u00fcdame kiiremini p\u00f5ksuma paneb.<\/p>\n\n\n\n<p style=\"font-size:17px\">Tiny Marienholmi looja Scandium Living on tulihingeline roheliste v\u00e4\u00e4rtuste edendaja. Nii on ka minivillades t\u00e4helepanu v\u00e4iksemal tarbimisel, j\u00e4\u00e4tmete sorteerimisel, plastiku v\u00e4hendamisel meie keskkonnas ja veel k\u00fcmnetele detailidele, mida majas m\u00e4rkate. Meie missioon on voolida k\u00fclalissektorist keskkonda austav valdkond, mis l\u00e4bi nutikate tegude annab ka oma k\u00fclalistele ideid, kuidas keskkonnale pai teha.<\/p>\n\n\n\n<p><\/p>\n\n\n\n<div style=\"height:25px\" aria-hidden=\"true\" class=\"wp-block-spacer\"><\/div>\n","protected":false},"excerpt":{"rendered":"<p>Rohetiiger ja keskkonnas\u00f5bralik majutus Keskkonnas\u00f5bralik majutus Haapsalus &#8211; see on meie \u00fcks eesm\u00e4rke, mis meil s\u00fcdame kiiremini p\u00f5ksuma paneb. Tiny Marienholmi looja Scandium Living on tulihingeline roheliste v\u00e4\u00e4rtuste edendaja. Nii on ka minivillades t\u00e4helepanu v\u00e4iksemal tarbimisel, j\u00e4\u00e4tmete sorteerimisel, plastiku v\u00e4hendamisel meie keskkonnas ja veel k\u00fcmnetele detailidele, mida majas m\u00e4rkate. Meie missioon on voolida k\u00fclalissektorist keskkonda [&hellip;]<\/p>\n","protected":false},"author":3,"featured_media":0,"parent":0,"menu_order":0,"comment_status":"closed","ping_status":"closed","template":"","meta":{"inline_featured_image":false,"footnotes":""},"class_list":["post-189","page","type-page","status-publish","hentry"],"yoast_head":"<!-- This site is optimized with the Yoast SEO plugin v26.7 - https:\/\/yoast.com\/wordpress\/plugins\/seo\/ -->\n<title>Keskkonnas\u00f5bralik majutus Haapsalus<\/title>\n<meta name=\"description\" content=\"Keskkonnas\u00f5bralik majutus ootab Sind Tiny Marienholm minivillades Haapsalus. V\u00e4iksem tarbimine, taaskasutus ning loodusega koosk\u00f5la.\" \/>\n<meta name=\"robots\" content=\"index, follow, max-snippet:-1, max-image-preview:large, max-video-preview:-1\" \/>\n<link rel=\"canonical\" href=\"https:\/\/scandiumliving.ee\/tinymarienholm\/keskkonnasobralik-majutus-haapsalus\/\" \/>\n<meta property=\"og:locale\" content=\"et_EE\" \/>\n<meta property=\"og:type\" content=\"article\" \/>\n<meta property=\"og:title\" content=\"Keskkonnas\u00f5bralik majutus Haapsalus\" \/>\n<meta property=\"og:description\" content=\"Keskkonnas\u00f5bralik majutus ootab Sind Tiny Marienholm minivillades Haapsalus. V\u00e4iksem tarbimine, taaskasutus ning loodusega koosk\u00f5la.\" \/>\n<meta property=\"og:url\" content=\"https:\/\/scandiumliving.ee\/tinymarienholm\/keskkonnasobralik-majutus-haapsalus\/\" \/>\n<meta property=\"og:site_name\" content=\"Tiny Marienholm\" \/>\n<meta property=\"article:modified_time\" content=\"2023-08-23T11:06:38+00:00\" \/>\n<meta property=\"og:image\" content=\"https:\/\/scandiumliving.ee\/tinymarienholm\/wp-content\/uploads\/2023\/08\/keskkonnasobralik-majutus-haapsalus-tiny-marienholm-scaled.jpg\" \/>\n<meta name=\"twitter:card\" content=\"summary_large_image\" \/>\n<meta name=\"twitter:label1\" content=\"Est. reading time\" \/>\n\t<meta name=\"twitter:data1\" content=\"1 minut\" \/>\n<script type=\"application\/ld+json\" class=\"yoast-schema-graph\">{\"@context\":\"https:\/\/schema.org\",\"@graph\":[{\"@type\":\"WebPage\",\"@id\":\"https:\/\/scandiumliving.ee\/tinymarienholm\/keskkonnasobralik-majutus-haapsalus\/\",\"url\":\"https:\/\/scandiumliving.ee\/tinymarienholm\/keskkonnasobralik-majutus-haapsalus\/\",\"name\":\"Keskkonnas\u00f5bralik majutus Haapsalus\",\"isPartOf\":{\"@id\":\"https:\/\/scandiumliving.ee\/tinymarienholm\/#website\"},\"primaryImageOfPage\":{\"@id\":\"https:\/\/scandiumliving.ee\/tinymarienholm\/keskkonnasobralik-majutus-haapsalus\/#primaryimage\"},\"image\":{\"@id\":\"https:\/\/scandiumliving.ee\/tinymarienholm\/keskkonnasobralik-majutus-haapsalus\/#primaryimage\"},\"thumbnailUrl\":\"https:\/\/scandiumliving.ee\/tinymarienholm\/wp-content\/uploads\/2023\/08\/keskkonnasobralik-majutus-haapsalus-tiny-marienholm-scaled.jpg\",\"datePublished\":\"2022-11-09T11:25:59+00:00\",\"dateModified\":\"2023-08-23T11:06:38+00:00\",\"description\":\"Keskkonnas\u00f5bralik majutus ootab Sind Tiny Marienholm minivillades Haapsalus. V\u00e4iksem tarbimine, taaskasutus ning loodusega koosk\u00f5la.\",\"breadcrumb\":{\"@id\":\"https:\/\/scandiumliving.ee\/tinymarienholm\/keskkonnasobralik-majutus-haapsalus\/#breadcrumb\"},\"inLanguage\":\"et\",\"potentialAction\":[{\"@type\":\"ReadAction\",\"target\":[\"https:\/\/scandiumliving.ee\/tinymarienholm\/keskkonnasobralik-majutus-haapsalus\/\"]}]},{\"@type\":\"ImageObject\",\"inLanguage\":\"et\",\"@id\":\"https:\/\/scandiumliving.ee\/tinymarienholm\/keskkonnasobralik-majutus-haapsalus\/#primaryimage\",\"url\":\"https:\/\/scandiumliving.ee\/tinymarienholm\/wp-content\/uploads\/2023\/08\/keskkonnasobralik-majutus-haapsalus-tiny-marienholm-scaled.jpg\",\"contentUrl\":\"https:\/\/scandiumliving.ee\/tinymarienholm\/wp-content\/uploads\/2023\/08\/keskkonnasobralik-majutus-haapsalus-tiny-marienholm-scaled.jpg\",\"width\":2560,\"height\":1706},{\"@type\":\"BreadcrumbList\",\"@id\":\"https:\/\/scandiumliving.ee\/tinymarienholm\/keskkonnasobralik-majutus-haapsalus\/#breadcrumb\",\"itemListElement\":[{\"@type\":\"ListItem\",\"position\":1,\"name\":\"Home\",\"item\":\"https:\/\/scandiumliving.ee\/tinymarienholm\/\"},{\"@type\":\"ListItem\",\"position\":2,\"name\":\"Rohetiiger\"}]},{\"@type\":\"WebSite\",\"@id\":\"https:\/\/scandiumliving.ee\/tinymarienholm\/#website\",\"url\":\"https:\/\/scandiumliving.ee\/tinymarienholm\/\",\"name\":\"Tiny Marienholm\",\"description\":\"Minivillad Haapsalus\",\"potentialAction\":[{\"@type\":\"SearchAction\",\"target\":{\"@type\":\"EntryPoint\",\"urlTemplate\":\"https:\/\/scandiumliving.ee\/tinymarienholm\/?s={search_term_string}\"},\"query-input\":{\"@type\":\"PropertyValueSpecification\",\"valueRequired\":true,\"valueName\":\"search_term_string\"}}],\"inLanguage\":\"et\"}]}<\/script>\n<!-- \/ Yoast SEO plugin. -->","yoast_head_json":{"title":"Keskkonnas\u00f5bralik majutus Haapsalus","description":"Keskkonnas\u00f5bralik majutus ootab Sind Tiny Marienholm minivillades Haapsalus. V\u00e4iksem tarbimine, taaskasutus ning loodusega koosk\u00f5la.","robots":{"index":"index","follow":"follow","max-snippet":"max-snippet:-1","max-image-preview":"max-image-preview:large","max-video-preview":"max-video-preview:-1"},"canonical":"https:\/\/scandiumliving.ee\/tinymarienholm\/keskkonnasobralik-majutus-haapsalus\/","og_locale":"et_EE","og_type":"article","og_title":"Keskkonnas\u00f5bralik majutus Haapsalus","og_description":"Keskkonnas\u00f5bralik majutus ootab Sind Tiny Marienholm minivillades Haapsalus. V\u00e4iksem tarbimine, taaskasutus ning loodusega koosk\u00f5la.","og_url":"https:\/\/scandiumliving.ee\/tinymarienholm\/keskkonnasobralik-majutus-haapsalus\/","og_site_name":"Tiny Marienholm","article_modified_time":"2023-08-23T11:06:38+00:00","og_image":[{"url":"https:\/\/scandiumliving.ee\/tinymarienholm\/wp-content\/uploads\/2023\/08\/keskkonnasobralik-majutus-haapsalus-tiny-marienholm-scaled.jpg","type":"","width":"","height":""}],"twitter_card":"summary_large_image","twitter_misc":{"Est. reading time":"1 minut"},"schema":{"@context":"https:\/\/schema.org","@graph":[{"@type":"WebPage","@id":"https:\/\/scandiumliving.ee\/tinymarienholm\/keskkonnasobralik-majutus-haapsalus\/","url":"https:\/\/scandiumliving.ee\/tinymarienholm\/keskkonnasobralik-majutus-haapsalus\/","name":"Keskkonnas\u00f5bralik majutus Haapsalus","isPartOf":{"@id":"https:\/\/scandiumliving.ee\/tinymarienholm\/#website"},"primaryImageOfPage":{"@id":"https:\/\/scandiumliving.ee\/tinymarienholm\/keskkonnasobralik-majutus-haapsalus\/#primaryimage"},"image":{"@id":"https:\/\/scandiumliving.ee\/tinymarienholm\/keskkonnasobralik-majutus-haapsalus\/#primaryimage"},"thumbnailUrl":"https:\/\/scandiumliving.ee\/tinymarienholm\/wp-content\/uploads\/2023\/08\/keskkonnasobralik-majutus-haapsalus-tiny-marienholm-scaled.jpg","datePublished":"2022-11-09T11:25:59+00:00","dateModified":"2023-08-23T11:06:38+00:00","description":"Keskkonnas\u00f5bralik majutus ootab Sind Tiny Marienholm minivillades Haapsalus. V\u00e4iksem tarbimine, taaskasutus ning loodusega koosk\u00f5la.","breadcrumb":{"@id":"https:\/\/scandiumliving.ee\/tinymarienholm\/keskkonnasobralik-majutus-haapsalus\/#breadcrumb"},"inLanguage":"et","potentialAction":[{"@type":"ReadAction","target":["https:\/\/scandiumliving.ee\/tinymarienholm\/keskkonnasobralik-majutus-haapsalus\/"]}]},{"@type":"ImageObject","inLanguage":"et","@id":"https:\/\/scandiumliving.ee\/tinymarienholm\/keskkonnasobralik-majutus-haapsalus\/#primaryimage","url":"https:\/\/scandiumliving.ee\/tinymarienholm\/wp-content\/uploads\/2023\/08\/keskkonnasobralik-majutus-haapsalus-tiny-marienholm-scaled.jpg","contentUrl":"https:\/\/scandiumliving.ee\/tinymarienholm\/wp-content\/uploads\/2023\/08\/keskkonnasobralik-majutus-haapsalus-tiny-marienholm-scaled.jpg","width":2560,"height":1706},{"@type":"BreadcrumbList","@id":"https:\/\/scandiumliving.ee\/tinymarienholm\/keskkonnasobralik-majutus-haapsalus\/#breadcrumb","itemListElement":[{"@type":"ListItem","position":1,"name":"Home","item":"https:\/\/scandiumliving.ee\/tinymarienholm\/"},{"@type":"ListItem","position":2,"name":"Rohetiiger"}]},{"@type":"WebSite","@id":"https:\/\/scandiumliving.ee\/tinymarienholm\/#website","url":"https:\/\/scandiumliving.ee\/tinymarienholm\/","name":"Tiny Marienholm","description":"Minivillad Haapsalus","potentialAction":[{"@type":"SearchAction","target":{"@type":"EntryPoint","urlTemplate":"https:\/\/scandiumliving.ee\/tinymarienholm\/?s={search_term_string}"},"query-input":{"@type":"PropertyValueSpecification","valueRequired":true,"valueName":"search_term_string"}}],"inLanguage":"et"}]}},"_links":{"self":[{"href":"https:\/\/scandiumliving.ee\/tinymarienholm\/wp-json\/wp\/v2\/pages\/189","targetHints":{"allow":["GET"]}}],"collection":[{"href":"https:\/\/scandiumliving.ee\/tinymarienholm\/wp-json\/wp\/v2\/pages"}],"about":[{"href":"https:\/\/scandiumliving.ee\/tinymarienholm\/wp-json\/wp\/v2\/types\/page"}],"author":[{"embeddable":true,"href":"https:\/\/scandiumliving.ee\/tinymarienholm\/wp-json\/wp\/v2\/users\/3"}],"replies":[{"embeddable":true,"href":"https:\/\/scandiumliving.ee\/tinymarienholm\/wp-json\/wp\/v2\/comments?post=189"}],"version-history":[{"count":7,"href":"https:\/\/scandiumliving.ee\/tinymarienholm\/wp-json\/wp\/v2\/pages\/189\/revisions"}],"predecessor-version":[{"id":1612,"href":"https:\/\/scandiumliving.ee\/tinymarienholm\/wp-json\/wp\/v2\/pages\/189\/revisions\/1612"}],"wp:attachment":[{"href":"https:\/\/scandiumliving.ee\/tinymarienholm\/wp-json\/wp\/v2\/media?parent=189"}],"curies":[{"name":"wp","href":"https:\/\/api.w.org\/{rel}","templated":true}]}}