{"id":2954,"date":"2026-03-24T12:03:59","date_gmt":"2026-03-24T12:03:59","guid":{"rendered":"https:\/\/scandiumliving.ee\/tinymarienholm\/?page_id=2954"},"modified":"2026-03-24T12:03:59","modified_gmt":"2026-03-24T12:03:59","slug":"jaga-kaunist-puhkust-tagi-ja-voida","status":"publish","type":"page","link":"https:\/\/scandiumliving.ee\/tinymarienholm\/jaga-kaunist-puhkust-tagi-ja-voida\/","title":{"rendered":"Jaga kaunist puhkust, tagi ja v\u00f5ida!"},"content":{"rendered":"\n<div class=\"wp-block-cover alignfull is-light\"><img loading=\"lazy\" decoding=\"async\" width=\"1024\" height=\"574\" class=\"wp-block-cover__image-background wp-image-2796 size-large\" alt=\"\" src=\"https:\/\/scandiumliving.ee\/tinymarienholm\/wp-content\/uploads\/2025\/12\/tiny-marienholm-nr6-4-1024x574.png\" style=\"object-position:68% 61%\" data-object-fit=\"cover\" data-object-position=\"68% 61%\" srcset=\"https:\/\/scandiumliving.ee\/tinymarienholm\/wp-content\/uploads\/2025\/12\/tiny-marienholm-nr6-4-1024x574.png 1024w, https:\/\/scandiumliving.ee\/tinymarienholm\/wp-content\/uploads\/2025\/12\/tiny-marienholm-nr6-4-300x168.png 300w, https:\/\/scandiumliving.ee\/tinymarienholm\/wp-content\/uploads\/2025\/12\/tiny-marienholm-nr6-4-768x430.png 768w, https:\/\/scandiumliving.ee\/tinymarienholm\/wp-content\/uploads\/2025\/12\/tiny-marienholm-nr6-4-1536x861.png 1536w, https:\/\/scandiumliving.ee\/tinymarienholm\/wp-content\/uploads\/2025\/12\/tiny-marienholm-nr6-4-2048x1148.png 2048w, https:\/\/scandiumliving.ee\/tinymarienholm\/wp-content\/uploads\/2025\/12\/tiny-marienholm-nr6-4-1568x879.png 1568w\" sizes=\"auto, (max-width: 1024px) 100vw, 1024px\" \/><span aria-hidden=\"true\" class=\"wp-block-cover__background has-background-dim-60 has-background-dim\" style=\"background-color:#949689\"><\/span><div class=\"wp-block-cover__inner-container is-layout-flow wp-block-cover-is-layout-flow\">\n<p class=\"has-text-align-center has-large-font-size\"><mark style=\"background-color:rgba(0, 0, 0, 0);color:#ffffff\" class=\"has-inline-color\">V\u00d5IDA tasuta \u00f6\u00f6bimine Tiny Marienholmis!<\/mark><\/p>\n<\/div><\/div>\n\n\n\n<p>Tee enda puhkusest Tiny Marienholmis Instagrammi story, tagi @TinyMarienholm ning v\u00f5idki v\u00f5ita! \u2728<\/p>\n\n\n\n<p>Kord kvartalis loosime k\u00f5igi storytajate vahel v\u00e4lja \u00fche tasuta \u00f6\u00f6bimise!<\/p>\n\n\n\n<figure class=\"wp-block-gallery has-nested-images columns-default is-cropped wp-block-gallery-1 is-layout-flex wp-block-gallery-is-layout-flex\">\n<figure class=\"wp-block-image size-large\"><img loading=\"lazy\" decoding=\"async\" width=\"819\" height=\"1024\" data-id=\"2963\" src=\"https:\/\/scandiumliving.ee\/tinymarienholm\/wp-content\/uploads\/2026\/03\/Facebook-ja-Insta-vertikaal-2026-03-09T134326.525-1-819x1024.png\" alt=\"\" class=\"wp-image-2963\" srcset=\"https:\/\/scandiumliving.ee\/tinymarienholm\/wp-content\/uploads\/2026\/03\/Facebook-ja-Insta-vertikaal-2026-03-09T134326.525-1-819x1024.png 819w, https:\/\/scandiumliving.ee\/tinymarienholm\/wp-content\/uploads\/2026\/03\/Facebook-ja-Insta-vertikaal-2026-03-09T134326.525-1-240x300.png 240w, https:\/\/scandiumliving.ee\/tinymarienholm\/wp-content\/uploads\/2026\/03\/Facebook-ja-Insta-vertikaal-2026-03-09T134326.525-1-768x960.png 768w, https:\/\/scandiumliving.ee\/tinymarienholm\/wp-content\/uploads\/2026\/03\/Facebook-ja-Insta-vertikaal-2026-03-09T134326.525-1-1229x1536.png 1229w, https:\/\/scandiumliving.ee\/tinymarienholm\/wp-content\/uploads\/2026\/03\/Facebook-ja-Insta-vertikaal-2026-03-09T134326.525-1-1638x2048.png 1638w, https:\/\/scandiumliving.ee\/tinymarienholm\/wp-content\/uploads\/2026\/03\/Facebook-ja-Insta-vertikaal-2026-03-09T134326.525-1-1568x1960.png 1568w, https:\/\/scandiumliving.ee\/tinymarienholm\/wp-content\/uploads\/2026\/03\/Facebook-ja-Insta-vertikaal-2026-03-09T134326.525-1-scaled.png 2048w\" sizes=\"auto, (max-width: 819px) 100vw, 819px\" \/><\/figure>\n\n\n\n<figure class=\"wp-block-image size-large\"><img loading=\"lazy\" decoding=\"async\" width=\"683\" height=\"1024\" data-id=\"2955\" src=\"https:\/\/scandiumliving.ee\/tinymarienholm\/wp-content\/uploads\/2026\/03\/DSC08635-Enhanced-NR-1-683x1024.jpg\" alt=\"\" class=\"wp-image-2955\" srcset=\"https:\/\/scandiumliving.ee\/tinymarienholm\/wp-content\/uploads\/2026\/03\/DSC08635-Enhanced-NR-1-683x1024.jpg 683w, https:\/\/scandiumliving.ee\/tinymarienholm\/wp-content\/uploads\/2026\/03\/DSC08635-Enhanced-NR-1-200x300.jpg 200w, https:\/\/scandiumliving.ee\/tinymarienholm\/wp-content\/uploads\/2026\/03\/DSC08635-Enhanced-NR-1-768x1152.jpg 768w, https:\/\/scandiumliving.ee\/tinymarienholm\/wp-content\/uploads\/2026\/03\/DSC08635-Enhanced-NR-1-1024x1536.jpg 1024w, https:\/\/scandiumliving.ee\/tinymarienholm\/wp-content\/uploads\/2026\/03\/DSC08635-Enhanced-NR-1-1365x2048.jpg 1365w, https:\/\/scandiumliving.ee\/tinymarienholm\/wp-content\/uploads\/2026\/03\/DSC08635-Enhanced-NR-1-1568x2352.jpg 1568w, https:\/\/scandiumliving.ee\/tinymarienholm\/wp-content\/uploads\/2026\/03\/DSC08635-Enhanced-NR-1-scaled.jpg 1707w\" sizes=\"auto, (max-width: 683px) 100vw, 683px\" \/><\/figure>\n\n\n\n<figure class=\"wp-block-image size-large\"><img loading=\"lazy\" decoding=\"async\" width=\"819\" height=\"1024\" data-id=\"2961\" src=\"https:\/\/scandiumliving.ee\/tinymarienholm\/wp-content\/uploads\/2026\/03\/Facebook-ja-Insta-vertikaal-2025-11-11T114212.589-1-819x1024.png\" alt=\"\" class=\"wp-image-2961\" srcset=\"https:\/\/scandiumliving.ee\/tinymarienholm\/wp-content\/uploads\/2026\/03\/Facebook-ja-Insta-vertikaal-2025-11-11T114212.589-1-819x1024.png 819w, https:\/\/scandiumliving.ee\/tinymarienholm\/wp-content\/uploads\/2026\/03\/Facebook-ja-Insta-vertikaal-2025-11-11T114212.589-1-240x300.png 240w, https:\/\/scandiumliving.ee\/tinymarienholm\/wp-content\/uploads\/2026\/03\/Facebook-ja-Insta-vertikaal-2025-11-11T114212.589-1-768x960.png 768w, https:\/\/scandiumliving.ee\/tinymarienholm\/wp-content\/uploads\/2026\/03\/Facebook-ja-Insta-vertikaal-2025-11-11T114212.589-1.png 1080w\" sizes=\"auto, (max-width: 819px) 100vw, 819px\" \/><\/figure>\n\n\n\n<figure class=\"wp-block-image size-large\"><img loading=\"lazy\" decoding=\"async\" width=\"819\" height=\"1024\" data-id=\"2959\" src=\"https:\/\/scandiumliving.ee\/tinymarienholm\/wp-content\/uploads\/2026\/03\/Facebook-ja-Insta-vertikaal-2025-11-11T111459.920-1-819x1024.png\" alt=\"\" class=\"wp-image-2959\" srcset=\"https:\/\/scandiumliving.ee\/tinymarienholm\/wp-content\/uploads\/2026\/03\/Facebook-ja-Insta-vertikaal-2025-11-11T111459.920-1-819x1024.png 819w, https:\/\/scandiumliving.ee\/tinymarienholm\/wp-content\/uploads\/2026\/03\/Facebook-ja-Insta-vertikaal-2025-11-11T111459.920-1-240x300.png 240w, https:\/\/scandiumliving.ee\/tinymarienholm\/wp-content\/uploads\/2026\/03\/Facebook-ja-Insta-vertikaal-2025-11-11T111459.920-1-768x960.png 768w, https:\/\/scandiumliving.ee\/tinymarienholm\/wp-content\/uploads\/2026\/03\/Facebook-ja-Insta-vertikaal-2025-11-11T111459.920-1.png 1080w\" sizes=\"auto, (max-width: 819px) 100vw, 819px\" \/><\/figure>\n\n\n\n<figure class=\"wp-block-image size-large\"><img loading=\"lazy\" decoding=\"async\" width=\"740\" height=\"1024\" data-id=\"2956\" src=\"https:\/\/scandiumliving.ee\/tinymarienholm\/wp-content\/uploads\/2026\/03\/tiny-marienholm-majutus-haapsalus-scandium-living-27-3-740x1024.jpg\" alt=\"\" class=\"wp-image-2956\" srcset=\"https:\/\/scandiumliving.ee\/tinymarienholm\/wp-content\/uploads\/2026\/03\/tiny-marienholm-majutus-haapsalus-scandium-living-27-3-740x1024.jpg 740w, https:\/\/scandiumliving.ee\/tinymarienholm\/wp-content\/uploads\/2026\/03\/tiny-marienholm-majutus-haapsalus-scandium-living-27-3-217x300.jpg 217w, https:\/\/scandiumliving.ee\/tinymarienholm\/wp-content\/uploads\/2026\/03\/tiny-marienholm-majutus-haapsalus-scandium-living-27-3-768x1063.jpg 768w, https:\/\/scandiumliving.ee\/tinymarienholm\/wp-content\/uploads\/2026\/03\/tiny-marienholm-majutus-haapsalus-scandium-living-27-3.jpg 1024w\" sizes=\"auto, (max-width: 740px) 100vw, 740px\" \/><\/figure>\n<\/figure>\n","protected":false},"excerpt":{"rendered":"<p>Tee enda puhkusest Tiny Marienholmis Instagrammi story, tagi @TinyMarienholm ning v\u00f5idki v\u00f5ita! \u2728 Kord kvartalis loosime k\u00f5igi storytajate vahel v\u00e4lja \u00fche tasuta \u00f6\u00f6bimise!<\/p>\n","protected":false},"author":8,"featured_media":0,"parent":0,"menu_order":0,"comment_status":"closed","ping_status":"closed","template":"","meta":{"inline_featured_image":false,"footnotes":""},"class_list":["post-2954","page","type-page","status-publish","hentry"],"yoast_head":"<!-- This site is optimized with the Yoast SEO plugin v26.7 - https:\/\/yoast.com\/wordpress\/plugins\/seo\/ -->\n<title>Jaga kaunist puhkust, tagi ja v\u00f5ida! - Tiny Marienholm<\/title>\n<meta name=\"robots\" content=\"index, follow, max-snippet:-1, max-image-preview:large, max-video-preview:-1\" \/>\n<link rel=\"canonical\" href=\"https:\/\/scandiumliving.ee\/tinymarienholm\/jaga-kaunist-puhkust-tagi-ja-voida\/\" \/>\n<meta property=\"og:locale\" content=\"et_EE\" \/>\n<meta property=\"og:type\" content=\"article\" \/>\n<meta property=\"og:title\" content=\"Jaga kaunist puhkust, tagi ja v\u00f5ida! - Tiny Marienholm\" \/>\n<meta property=\"og:description\" content=\"Tee enda puhkusest Tiny Marienholmis Instagrammi story, tagi @TinyMarienholm ning v\u00f5idki v\u00f5ita! \u2728 Kord kvartalis loosime k\u00f5igi storytajate vahel v\u00e4lja \u00fche tasuta \u00f6\u00f6bimise!\" \/>\n<meta property=\"og:url\" content=\"https:\/\/scandiumliving.ee\/tinymarienholm\/jaga-kaunist-puhkust-tagi-ja-voida\/\" \/>\n<meta property=\"og:site_name\" content=\"Tiny Marienholm\" \/>\n<meta property=\"og:image\" content=\"https:\/\/scandiumliving.ee\/tinymarienholm\/wp-content\/uploads\/2025\/12\/tiny-marienholm-nr6-4-scaled.png\" \/>\n\t<meta property=\"og:image:width\" content=\"2560\" \/>\n\t<meta property=\"og:image:height\" content=\"1435\" \/>\n\t<meta property=\"og:image:type\" content=\"image\/png\" \/>\n<meta name=\"twitter:card\" content=\"summary_large_image\" \/>\n<meta name=\"twitter:label1\" content=\"Est. reading time\" \/>\n\t<meta name=\"twitter:data1\" content=\"2 minutit\" \/>\n<script type=\"application\/ld+json\" class=\"yoast-schema-graph\">{\"@context\":\"https:\/\/schema.org\",\"@graph\":[{\"@type\":\"WebPage\",\"@id\":\"https:\/\/scandiumliving.ee\/tinymarienholm\/jaga-kaunist-puhkust-tagi-ja-voida\/\",\"url\":\"https:\/\/scandiumliving.ee\/tinymarienholm\/jaga-kaunist-puhkust-tagi-ja-voida\/\",\"name\":\"Jaga kaunist puhkust, tagi ja v\u00f5ida! - Tiny Marienholm\",\"isPartOf\":{\"@id\":\"https:\/\/scandiumliving.ee\/tinymarienholm\/#website\"},\"primaryImageOfPage\":{\"@id\":\"https:\/\/scandiumliving.ee\/tinymarienholm\/jaga-kaunist-puhkust-tagi-ja-voida\/#primaryimage\"},\"image\":{\"@id\":\"https:\/\/scandiumliving.ee\/tinymarienholm\/jaga-kaunist-puhkust-tagi-ja-voida\/#primaryimage\"},\"thumbnailUrl\":\"https:\/\/scandiumliving.ee\/tinymarienholm\/wp-content\/uploads\/2025\/12\/tiny-marienholm-nr6-4-1024x574.png\",\"datePublished\":\"2026-03-24T12:03:59+00:00\",\"breadcrumb\":{\"@id\":\"https:\/\/scandiumliving.ee\/tinymarienholm\/jaga-kaunist-puhkust-tagi-ja-voida\/#breadcrumb\"},\"inLanguage\":\"et\",\"potentialAction\":[{\"@type\":\"ReadAction\",\"target\":[\"https:\/\/scandiumliving.ee\/tinymarienholm\/jaga-kaunist-puhkust-tagi-ja-voida\/\"]}]},{\"@type\":\"ImageObject\",\"inLanguage\":\"et\",\"@id\":\"https:\/\/scandiumliving.ee\/tinymarienholm\/jaga-kaunist-puhkust-tagi-ja-voida\/#primaryimage\",\"url\":\"https:\/\/scandiumliving.ee\/tinymarienholm\/wp-content\/uploads\/2025\/12\/tiny-marienholm-nr6-4-scaled.png\",\"contentUrl\":\"https:\/\/scandiumliving.ee\/tinymarienholm\/wp-content\/uploads\/2025\/12\/tiny-marienholm-nr6-4-scaled.png\",\"width\":2560,\"height\":1435},{\"@type\":\"BreadcrumbList\",\"@id\":\"https:\/\/scandiumliving.ee\/tinymarienholm\/jaga-kaunist-puhkust-tagi-ja-voida\/#breadcrumb\",\"itemListElement\":[{\"@type\":\"ListItem\",\"position\":1,\"name\":\"Home\",\"item\":\"https:\/\/scandiumliving.ee\/tinymarienholm\/\"},{\"@type\":\"ListItem\",\"position\":2,\"name\":\"Jaga kaunist puhkust, tagi ja v\u00f5ida!\"}]},{\"@type\":\"WebSite\",\"@id\":\"https:\/\/scandiumliving.ee\/tinymarienholm\/#website\",\"url\":\"https:\/\/scandiumliving.ee\/tinymarienholm\/\",\"name\":\"Tiny Marienholm\",\"description\":\"Minivillad Haapsalus\",\"potentialAction\":[{\"@type\":\"SearchAction\",\"target\":{\"@type\":\"EntryPoint\",\"urlTemplate\":\"https:\/\/scandiumliving.ee\/tinymarienholm\/?s={search_term_string}\"},\"query-input\":{\"@type\":\"PropertyValueSpecification\",\"valueRequired\":true,\"valueName\":\"search_term_string\"}}],\"inLanguage\":\"et\"}]}<\/script>\n<!-- \/ Yoast SEO plugin. -->","yoast_head_json":{"title":"Jaga kaunist puhkust, tagi ja v\u00f5ida! - Tiny Marienholm","robots":{"index":"index","follow":"follow","max-snippet":"max-snippet:-1","max-image-preview":"max-image-preview:large","max-video-preview":"max-video-preview:-1"},"canonical":"https:\/\/scandiumliving.ee\/tinymarienholm\/jaga-kaunist-puhkust-tagi-ja-voida\/","og_locale":"et_EE","og_type":"article","og_title":"Jaga kaunist puhkust, tagi ja v\u00f5ida! - Tiny Marienholm","og_description":"Tee enda puhkusest Tiny Marienholmis Instagrammi story, tagi @TinyMarienholm ning v\u00f5idki v\u00f5ita! \u2728 Kord kvartalis loosime k\u00f5igi storytajate vahel v\u00e4lja \u00fche tasuta \u00f6\u00f6bimise!","og_url":"https:\/\/scandiumliving.ee\/tinymarienholm\/jaga-kaunist-puhkust-tagi-ja-voida\/","og_site_name":"Tiny Marienholm","og_image":[{"width":2560,"height":1435,"url":"https:\/\/scandiumliving.ee\/tinymarienholm\/wp-content\/uploads\/2025\/12\/tiny-marienholm-nr6-4-scaled.png","type":"image\/png"}],"twitter_card":"summary_large_image","twitter_misc":{"Est. reading time":"2 minutit"},"schema":{"@context":"https:\/\/schema.org","@graph":[{"@type":"WebPage","@id":"https:\/\/scandiumliving.ee\/tinymarienholm\/jaga-kaunist-puhkust-tagi-ja-voida\/","url":"https:\/\/scandiumliving.ee\/tinymarienholm\/jaga-kaunist-puhkust-tagi-ja-voida\/","name":"Jaga kaunist puhkust, tagi ja v\u00f5ida! - Tiny Marienholm","isPartOf":{"@id":"https:\/\/scandiumliving.ee\/tinymarienholm\/#website"},"primaryImageOfPage":{"@id":"https:\/\/scandiumliving.ee\/tinymarienholm\/jaga-kaunist-puhkust-tagi-ja-voida\/#primaryimage"},"image":{"@id":"https:\/\/scandiumliving.ee\/tinymarienholm\/jaga-kaunist-puhkust-tagi-ja-voida\/#primaryimage"},"thumbnailUrl":"https:\/\/scandiumliving.ee\/tinymarienholm\/wp-content\/uploads\/2025\/12\/tiny-marienholm-nr6-4-1024x574.png","datePublished":"2026-03-24T12:03:59+00:00","breadcrumb":{"@id":"https:\/\/scandiumliving.ee\/tinymarienholm\/jaga-kaunist-puhkust-tagi-ja-voida\/#breadcrumb"},"inLanguage":"et","potentialAction":[{"@type":"ReadAction","target":["https:\/\/scandiumliving.ee\/tinymarienholm\/jaga-kaunist-puhkust-tagi-ja-voida\/"]}]},{"@type":"ImageObject","inLanguage":"et","@id":"https:\/\/scandiumliving.ee\/tinymarienholm\/jaga-kaunist-puhkust-tagi-ja-voida\/#primaryimage","url":"https:\/\/scandiumliving.ee\/tinymarienholm\/wp-content\/uploads\/2025\/12\/tiny-marienholm-nr6-4-scaled.png","contentUrl":"https:\/\/scandiumliving.ee\/tinymarienholm\/wp-content\/uploads\/2025\/12\/tiny-marienholm-nr6-4-scaled.png","width":2560,"height":1435},{"@type":"BreadcrumbList","@id":"https:\/\/scandiumliving.ee\/tinymarienholm\/jaga-kaunist-puhkust-tagi-ja-voida\/#breadcrumb","itemListElement":[{"@type":"ListItem","position":1,"name":"Home","item":"https:\/\/scandiumliving.ee\/tinymarienholm\/"},{"@type":"ListItem","position":2,"name":"Jaga kaunist puhkust, tagi ja v\u00f5ida!"}]},{"@type":"WebSite","@id":"https:\/\/scandiumliving.ee\/tinymarienholm\/#website","url":"https:\/\/scandiumliving.ee\/tinymarienholm\/","name":"Tiny Marienholm","description":"Minivillad Haapsalus","potentialAction":[{"@type":"SearchAction","target":{"@type":"EntryPoint","urlTemplate":"https:\/\/scandiumliving.ee\/tinymarienholm\/?s={search_term_string}"},"query-input":{"@type":"PropertyValueSpecification","valueRequired":true,"valueName":"search_term_string"}}],"inLanguage":"et"}]}},"_links":{"self":[{"href":"https:\/\/scandiumliving.ee\/tinymarienholm\/wp-json\/wp\/v2\/pages\/2954","targetHints":{"allow":["GET"]}}],"collection":[{"href":"https:\/\/scandiumliving.ee\/tinymarienholm\/wp-json\/wp\/v2\/pages"}],"about":[{"href":"https:\/\/scandiumliving.ee\/tinymarienholm\/wp-json\/wp\/v2\/types\/page"}],"author":[{"embeddable":true,"href":"https:\/\/scandiumliving.ee\/tinymarienholm\/wp-json\/wp\/v2\/users\/8"}],"replies":[{"embeddable":true,"href":"https:\/\/scandiumliving.ee\/tinymarienholm\/wp-json\/wp\/v2\/comments?post=2954"}],"version-history":[{"count":1,"href":"https:\/\/scandiumliving.ee\/tinymarienholm\/wp-json\/wp\/v2\/pages\/2954\/revisions"}],"predecessor-version":[{"id":2966,"href":"https:\/\/scandiumliving.ee\/tinymarienholm\/wp-json\/wp\/v2\/pages\/2954\/revisions\/2966"}],"wp:attachment":[{"href":"https:\/\/scandiumliving.ee\/tinymarienholm\/wp-json\/wp\/v2\/media?parent=2954"}],"curies":[{"name":"wp","href":"https:\/\/api.w.org\/{rel}","templated":true}]}}