{"id":815,"date":"2023-04-25T12:36:34","date_gmt":"2023-04-25T12:36:34","guid":{"rendered":"https:\/\/scandiumliving.ee\/tinymarienholm\/?page_id=815"},"modified":"2026-03-23T09:37:28","modified_gmt":"2026-03-23T09:37:28","slug":"korduma-kippuvad-kusimused","status":"publish","type":"page","link":"https:\/\/scandiumliving.ee\/tinymarienholm\/korduma-kippuvad-kusimused\/","title":{"rendered":"Korduma kippuvad k\u00fcsimused"},"content":{"rendered":"\n<div class=\"wp-block-cover alignfull is-light\" style=\"min-height:428px;aspect-ratio:unset;\"><img loading=\"lazy\" decoding=\"async\" width=\"2560\" height=\"1705\" class=\"wp-block-cover__image-background wp-image-1299\" alt=\"\" src=\"https:\/\/scandiumliving.ee\/tinymarienholm\/wp-content\/uploads\/2023\/07\/tiny-marienholm-minimajad-scandium-living-13-scaled.jpg\" data-object-fit=\"cover\" srcset=\"https:\/\/scandiumliving.ee\/tinymarienholm\/wp-content\/uploads\/2023\/07\/tiny-marienholm-minimajad-scandium-living-13-scaled.jpg 2560w, https:\/\/scandiumliving.ee\/tinymarienholm\/wp-content\/uploads\/2023\/07\/tiny-marienholm-minimajad-scandium-living-13-300x200.jpg 300w, https:\/\/scandiumliving.ee\/tinymarienholm\/wp-content\/uploads\/2023\/07\/tiny-marienholm-minimajad-scandium-living-13-1024x682.jpg 1024w, https:\/\/scandiumliving.ee\/tinymarienholm\/wp-content\/uploads\/2023\/07\/tiny-marienholm-minimajad-scandium-living-13-768x512.jpg 768w, https:\/\/scandiumliving.ee\/tinymarienholm\/wp-content\/uploads\/2023\/07\/tiny-marienholm-minimajad-scandium-living-13-1536x1023.jpg 1536w, https:\/\/scandiumliving.ee\/tinymarienholm\/wp-content\/uploads\/2023\/07\/tiny-marienholm-minimajad-scandium-living-13-2048x1364.jpg 2048w, https:\/\/scandiumliving.ee\/tinymarienholm\/wp-content\/uploads\/2023\/07\/tiny-marienholm-minimajad-scandium-living-13-1568x1045.jpg 1568w\" sizes=\"auto, (max-width: 2560px) 100vw, 2560px\" \/><span aria-hidden=\"true\" class=\"wp-block-cover__background has-background-dim-0 has-background-dim\" style=\"background-color:#979892\"><\/span><div class=\"wp-block-cover__inner-container is-layout-flow wp-block-cover-is-layout-flow\">\n<p class=\"has-text-align-center has-large-font-size\"><\/p>\n<\/div><\/div>\n\n\n\n<h1 class=\"wp-block-heading has-text-align-center has-large-font-size\" style=\"font-style:normal;font-weight:300;letter-spacing:1px\">KKK Tiny Marienholm<\/h1>\n\n\n\n<div class=\"wp-block-edhotels-edhotels-accordions accordion right\">\n<div class=\"acc_h\"><h3>Kus Tiny Marienholm minivillad asuvad?<\/h3><\/div><div class=\"acc_txt\">\n<p>Tiny Marienholm minivillad asuvad Haapsalus, aadressil Uus-Sadama 25. Tegemist on poolsaarega Suure Viigi vasakul kaldal, majad asuvad kohe poolsaare alguses vasakut k\u00e4tt.<\/p>\n<\/div>\n\n\n\n<div class=\"acc_h\"><h3>Kui l\u00e4hedale p\u00e4\u00e4seb autoga ning kas parkla on olemas?<\/h3><\/div><div class=\"acc_txt\">\n<p>Autoga saab kohe p\u00e4ris majade juurde, parkla asub ca 20m majast, olenevalt teie majanumbrist.<\/p>\n<\/div>\n\n\n\n<div class=\"acc_h\"><h3>Millisel ajavahemikul toimub check-in?<\/h3><\/div><div class=\"acc_txt\">\n<p>Check-in on v\u00f5imalik alates 14:00. Uksed avanevad koodiga, seega v\u00f5ite ise valida, millal saabute. Saabumise ajast meid otseselt teavitama ei pea. Oluline on, et saabumisp\u00e4eva hommikuks oleks tehtud ametlik check-in l\u00e4bi broneerimiss\u00fcsteemi (info on teie broneeringu kinnituse meilis), muidu koodi ei v\u00e4ljastata.<\/p>\n<\/div>\n\n\n\n<div class=\"acc_h\"><h3>Mis kell on check-out?<\/h3><\/div><div class=\"acc_txt\">\n<p>Check-out on hiljemalt kell 12:00.<\/p>\n<\/div>\n\n\n\n<div class=\"acc_h\"><h3>Kas check-in tegemine on kohustuslik?<\/h3><\/div><div class=\"acc_txt\">\n<p>Jah, see on vastavalt Eesti Vabariigi seadustele kohustuslik ja kahjuks ei ole meil v\u00f5imalik ilma selleta teid majja lasta.<\/p>\n<\/div>\n\n\n\n<div class=\"acc_h\"><h3>Kuidas teha check-in?<\/h3><\/div><div class=\"acc_txt\">\n<p>Info ja link online check-in\u2019ile on teie broneeringu kinnituse meilis. Check in puhul peate sisestama vastavalt Eesti Vabariigi seadustele oma kontakt- ja dokumendi andmed. Kui check-in on tehtud, saate saabumisp\u00e4eval s\u00f5numiga oma maja numbri ja koodi. Kood hakkab kehtib vahemikus 16:00-12:00 j\u00e4rgmisel p\u00e4eval.<\/p>\n<\/div>\n\n\n\n<div class=\"acc_h\"><h3><undefined>Mis on wifi parool?<\/undefined><\/h3><\/div><div class=\"acc_txt\">\n<p>V\u00f5rgu nimi: TinyMarienholmX (x vastab teie maja numbrile)<br>Parool: ScandiumLiving&nbsp;<\/p>\n<\/div>\n\n\n\n<div class=\"acc_h\"><h3>Kas tegemist on \u00d6\u00d6D majade stiilis \u00f6\u00f6bimisega ehk&nbsp;kas satun privaatsesse metsatukka, kus v\u00f5\u00f5raid ei liigu?<\/h3><\/div><div class=\"acc_txt\">\n<p>Tegemist on v\u00e4ikese k\u00fcla-stiilis \u00f6\u00f6bimisega. Kokku asub siin 6 maja ja 2 sauna ning nad k\u00f5ik paiknevad \u00fcksteisele l\u00e4hestikku. Kuna poolsaar on huvitav nii l\u00e4hematele kui kaugematele k\u00fclalistele, siis m\u00e4rkate poolsaarel liikumas omajagu inimesi, kes k\u00f5ik vastavatud poolsaarest osa soovivad saada.<\/p>\n<\/div>\n\n\n\n<div class=\"acc_h\"><h3>Kas iga majaga tuleb kaasa sauna kasutus\u00f5igus?<\/h3><\/div><div class=\"acc_txt\">\n<p>Saunad on broneeritud eksklusiivselt majade klientidele, kes on spetsiaalselt premium maja (Lux minivilla) valinud. Saunad kuuluvad lahutamatult nende juurde, kuna asuvad antud majade k\u00f5rval.<\/p>\n<\/div>\n\n\n\n<div class=\"acc_h\"><h3>Kuidas juhtida \u00f5hksoojuspumpa?<\/h3><\/div><div class=\"acc_txt\">\n<p>\u00d5hksoojuspumpa saab juhtida puldist ning m\u00e4\u00e4rata soovitud temperatuur, mis majas v\u00f5iks valitseda. \u00d5hksoojuspumba s\u00e4ravat ekraani saab soovi korral v\u00e4lja l\u00fclitada puldist.<\/p>\n<\/div>\n\n\n\n<div class=\"acc_h\"><h3>Kas lemmikloomad on lubatud?<\/h3><\/div><div class=\"acc_txt\">\n<p>Lemmikloomad on meie juures oodatud. Lemmikloomaga tulles palume sellest kindlasti m\u00e4rku anda, soetades <strong>lisateenusena lemmikloomapaketi<\/strong>. Lemmikud meie majades voodi peale lubatud ei ole \ud83d\ude42<\/p>\n<\/div>\n\n\n\n<div class=\"acc_h\"><h3>Kes maju haldab?<\/h3><\/div><div class=\"acc_txt\">\n<p>Majad kuuluvad Scandium Kinnisvarale ning ametlik haldur on Scandium Living. Kohapeal on v\u00e4ga tublid puhastusinglid ja haldurid, kes teie parima siinoleku eest hea seisavad.<\/p>\n<\/div>\n\n\n\n<div class=\"acc_h\"><h3>Kus saan murede korral abi?<\/h3><\/div><div class=\"acc_txt\">\n<p>Maja reeglid ja \u00f5petused leiate meilist, mille saite enne saabumist. Kui j\u00e4\u00e4te aga kohapeal siiski millegagi h\u00e4tta, helistage kiirete k\u00fcsimuste korral +372 5568 0676.<\/p>\n<\/div>\n\n\n\n<div class=\"acc_h\"><h3>Kus end Tiny Marienholmi tegemistega kursis hoida?<\/h3><\/div><div class=\"acc_txt\">\n<p>Tulge avastage meie Instagrami <strong><a href=\"https:\/\/www.instagram.com\/tinymarienholm\/\" target=\"_blank\" rel=\"noreferrer noopener\">@tinymarienholm<\/a><\/strong>! Siit j\u00f5uab teieni k\u00f5ige operatiivsem info pakkumiste kohta.<\/p>\n<\/div>\n\n\n\n<div class=\"acc_h\"><h3>Mis poolsaar see on, kuhu sattunud olen?<\/h3><\/div><div class=\"acc_txt\">\n<p>Tegemist on ajaloolise nimega Marienholmi poolsaarega (ametlikult tuntud veel kui Krimmi holm). Siin asus 1830-1890 aktiivne sadam, kuhu maabusid nii m\u00f5nedki k\u00f5rged riigipead ja tsaariperekonna liikmed, et veeta kosutavad suvekuud Haapsalu kuurortlinnas. N\u00f5ukogude ajal asus siin suur kalatsehh, mis 2000ndate algul l\u00f5plikult uksed sulges ja seej\u00e4rel vaikselt lagunema hakkas.<\/p>\n\n\n\n<p>2022. aastal ostis ala Scandium Kinnisvara, lammutas lagunevad hooned ja alustas siia uue elukeskkonna arendamist. 2023. aastal algasid siin ehitust\u00f6\u00f6d uute suvitusliku arhitektuuriga madalate kortermajade loomiseks. L\u00e4hema 10 aasta perspektiivis luuakse siia kuni 150 korterit, jalutuspromenaadid ja vabaaja veetmise alad, v\u00e4ike sadam, sadamakaid ning loodetavasti ka moodne SPA-hotell, mida Haapsalu on kaua oodanud.<\/p>\n<\/div>\n<\/div>\n\n\n\n<div style=\"height:25px\" aria-hidden=\"true\" class=\"wp-block-spacer\"><\/div>\n","protected":false},"excerpt":{"rendered":"<p>KKK Tiny Marienholm<\/p>\n","protected":false},"author":3,"featured_media":0,"parent":0,"menu_order":0,"comment_status":"closed","ping_status":"closed","template":"","meta":{"inline_featured_image":false,"footnotes":""},"class_list":["post-815","page","type-page","status-publish","hentry"],"yoast_head":"<!-- This site is optimized with the Yoast SEO plugin v26.7 - https:\/\/yoast.com\/wordpress\/plugins\/seo\/ -->\n<title>Tiny Marienholm KKK<\/title>\n<meta name=\"description\" content=\"Siit leiate vastused \u00f6\u00f6bima tulles tekkivatele k\u00fcsimustele. Check-in on 16.00. Vaba maja saadavusel saab broneerida ka samaks \u00f5htuks.\" \/>\n<meta name=\"robots\" content=\"index, follow, max-snippet:-1, max-image-preview:large, max-video-preview:-1\" \/>\n<link rel=\"canonical\" href=\"https:\/\/scandiumliving.ee\/tinymarienholm\/korduma-kippuvad-kusimused\/\" \/>\n<meta property=\"og:locale\" content=\"et_EE\" \/>\n<meta property=\"og:type\" content=\"article\" \/>\n<meta property=\"og:title\" content=\"Tiny Marienholm KKK\" \/>\n<meta property=\"og:description\" content=\"Siit leiate vastused \u00f6\u00f6bima tulles tekkivatele k\u00fcsimustele. Check-in on 16.00. Vaba maja saadavusel saab broneerida ka samaks \u00f5htuks.\" \/>\n<meta property=\"og:url\" content=\"https:\/\/scandiumliving.ee\/tinymarienholm\/korduma-kippuvad-kusimused\/\" \/>\n<meta property=\"og:site_name\" content=\"Tiny Marienholm\" \/>\n<meta property=\"article:modified_time\" content=\"2026-03-23T09:37:28+00:00\" \/>\n<meta property=\"og:image\" content=\"https:\/\/scandiumliving.ee\/tinymarienholm\/wp-content\/uploads\/2023\/07\/tiny-marienholm-minimajad-scandium-living-13-scaled.jpg\" \/>\n\t<meta property=\"og:image:width\" content=\"2560\" \/>\n\t<meta property=\"og:image:height\" content=\"1705\" \/>\n\t<meta property=\"og:image:type\" content=\"image\/jpeg\" \/>\n<meta name=\"twitter:card\" content=\"summary_large_image\" \/>\n<meta name=\"twitter:label1\" content=\"Est. reading time\" \/>\n\t<meta name=\"twitter:data1\" content=\"4 minutit\" \/>\n<script type=\"application\/ld+json\" class=\"yoast-schema-graph\">{\"@context\":\"https:\/\/schema.org\",\"@graph\":[{\"@type\":\"WebPage\",\"@id\":\"https:\/\/scandiumliving.ee\/tinymarienholm\/korduma-kippuvad-kusimused\/\",\"url\":\"https:\/\/scandiumliving.ee\/tinymarienholm\/korduma-kippuvad-kusimused\/\",\"name\":\"Tiny Marienholm KKK\",\"isPartOf\":{\"@id\":\"https:\/\/scandiumliving.ee\/tinymarienholm\/#website\"},\"primaryImageOfPage\":{\"@id\":\"https:\/\/scandiumliving.ee\/tinymarienholm\/korduma-kippuvad-kusimused\/#primaryimage\"},\"image\":{\"@id\":\"https:\/\/scandiumliving.ee\/tinymarienholm\/korduma-kippuvad-kusimused\/#primaryimage\"},\"thumbnailUrl\":\"https:\/\/scandiumliving.ee\/tinymarienholm\/wp-content\/uploads\/2023\/07\/tiny-marienholm-minimajad-scandium-living-13-scaled.jpg\",\"datePublished\":\"2023-04-25T12:36:34+00:00\",\"dateModified\":\"2026-03-23T09:37:28+00:00\",\"description\":\"Siit leiate vastused \u00f6\u00f6bima tulles tekkivatele k\u00fcsimustele. Check-in on 16.00. Vaba maja saadavusel saab broneerida ka samaks \u00f5htuks.\",\"breadcrumb\":{\"@id\":\"https:\/\/scandiumliving.ee\/tinymarienholm\/korduma-kippuvad-kusimused\/#breadcrumb\"},\"inLanguage\":\"et\",\"potentialAction\":[{\"@type\":\"ReadAction\",\"target\":[\"https:\/\/scandiumliving.ee\/tinymarienholm\/korduma-kippuvad-kusimused\/\"]}]},{\"@type\":\"ImageObject\",\"inLanguage\":\"et\",\"@id\":\"https:\/\/scandiumliving.ee\/tinymarienholm\/korduma-kippuvad-kusimused\/#primaryimage\",\"url\":\"https:\/\/scandiumliving.ee\/tinymarienholm\/wp-content\/uploads\/2023\/07\/tiny-marienholm-minimajad-scandium-living-13-scaled.jpg\",\"contentUrl\":\"https:\/\/scandiumliving.ee\/tinymarienholm\/wp-content\/uploads\/2023\/07\/tiny-marienholm-minimajad-scandium-living-13-scaled.jpg\",\"width\":2560,\"height\":1705},{\"@type\":\"BreadcrumbList\",\"@id\":\"https:\/\/scandiumliving.ee\/tinymarienholm\/korduma-kippuvad-kusimused\/#breadcrumb\",\"itemListElement\":[{\"@type\":\"ListItem\",\"position\":1,\"name\":\"Home\",\"item\":\"https:\/\/scandiumliving.ee\/tinymarienholm\/\"},{\"@type\":\"ListItem\",\"position\":2,\"name\":\"Korduma kippuvad k\u00fcsimused\"}]},{\"@type\":\"WebSite\",\"@id\":\"https:\/\/scandiumliving.ee\/tinymarienholm\/#website\",\"url\":\"https:\/\/scandiumliving.ee\/tinymarienholm\/\",\"name\":\"Tiny Marienholm\",\"description\":\"Minivillad Haapsalus\",\"potentialAction\":[{\"@type\":\"SearchAction\",\"target\":{\"@type\":\"EntryPoint\",\"urlTemplate\":\"https:\/\/scandiumliving.ee\/tinymarienholm\/?s={search_term_string}\"},\"query-input\":{\"@type\":\"PropertyValueSpecification\",\"valueRequired\":true,\"valueName\":\"search_term_string\"}}],\"inLanguage\":\"et\"}]}<\/script>\n<!-- \/ Yoast SEO plugin. -->","yoast_head_json":{"title":"Tiny Marienholm KKK","description":"Siit leiate vastused \u00f6\u00f6bima tulles tekkivatele k\u00fcsimustele. Check-in on 16.00. Vaba maja saadavusel saab broneerida ka samaks \u00f5htuks.","robots":{"index":"index","follow":"follow","max-snippet":"max-snippet:-1","max-image-preview":"max-image-preview:large","max-video-preview":"max-video-preview:-1"},"canonical":"https:\/\/scandiumliving.ee\/tinymarienholm\/korduma-kippuvad-kusimused\/","og_locale":"et_EE","og_type":"article","og_title":"Tiny Marienholm KKK","og_description":"Siit leiate vastused \u00f6\u00f6bima tulles tekkivatele k\u00fcsimustele. Check-in on 16.00. Vaba maja saadavusel saab broneerida ka samaks \u00f5htuks.","og_url":"https:\/\/scandiumliving.ee\/tinymarienholm\/korduma-kippuvad-kusimused\/","og_site_name":"Tiny Marienholm","article_modified_time":"2026-03-23T09:37:28+00:00","og_image":[{"width":2560,"height":1705,"url":"https:\/\/scandiumliving.ee\/tinymarienholm\/wp-content\/uploads\/2023\/07\/tiny-marienholm-minimajad-scandium-living-13-scaled.jpg","type":"image\/jpeg"}],"twitter_card":"summary_large_image","twitter_misc":{"Est. reading time":"4 minutit"},"schema":{"@context":"https:\/\/schema.org","@graph":[{"@type":"WebPage","@id":"https:\/\/scandiumliving.ee\/tinymarienholm\/korduma-kippuvad-kusimused\/","url":"https:\/\/scandiumliving.ee\/tinymarienholm\/korduma-kippuvad-kusimused\/","name":"Tiny Marienholm KKK","isPartOf":{"@id":"https:\/\/scandiumliving.ee\/tinymarienholm\/#website"},"primaryImageOfPage":{"@id":"https:\/\/scandiumliving.ee\/tinymarienholm\/korduma-kippuvad-kusimused\/#primaryimage"},"image":{"@id":"https:\/\/scandiumliving.ee\/tinymarienholm\/korduma-kippuvad-kusimused\/#primaryimage"},"thumbnailUrl":"https:\/\/scandiumliving.ee\/tinymarienholm\/wp-content\/uploads\/2023\/07\/tiny-marienholm-minimajad-scandium-living-13-scaled.jpg","datePublished":"2023-04-25T12:36:34+00:00","dateModified":"2026-03-23T09:37:28+00:00","description":"Siit leiate vastused \u00f6\u00f6bima tulles tekkivatele k\u00fcsimustele. Check-in on 16.00. Vaba maja saadavusel saab broneerida ka samaks \u00f5htuks.","breadcrumb":{"@id":"https:\/\/scandiumliving.ee\/tinymarienholm\/korduma-kippuvad-kusimused\/#breadcrumb"},"inLanguage":"et","potentialAction":[{"@type":"ReadAction","target":["https:\/\/scandiumliving.ee\/tinymarienholm\/korduma-kippuvad-kusimused\/"]}]},{"@type":"ImageObject","inLanguage":"et","@id":"https:\/\/scandiumliving.ee\/tinymarienholm\/korduma-kippuvad-kusimused\/#primaryimage","url":"https:\/\/scandiumliving.ee\/tinymarienholm\/wp-content\/uploads\/2023\/07\/tiny-marienholm-minimajad-scandium-living-13-scaled.jpg","contentUrl":"https:\/\/scandiumliving.ee\/tinymarienholm\/wp-content\/uploads\/2023\/07\/tiny-marienholm-minimajad-scandium-living-13-scaled.jpg","width":2560,"height":1705},{"@type":"BreadcrumbList","@id":"https:\/\/scandiumliving.ee\/tinymarienholm\/korduma-kippuvad-kusimused\/#breadcrumb","itemListElement":[{"@type":"ListItem","position":1,"name":"Home","item":"https:\/\/scandiumliving.ee\/tinymarienholm\/"},{"@type":"ListItem","position":2,"name":"Korduma kippuvad k\u00fcsimused"}]},{"@type":"WebSite","@id":"https:\/\/scandiumliving.ee\/tinymarienholm\/#website","url":"https:\/\/scandiumliving.ee\/tinymarienholm\/","name":"Tiny Marienholm","description":"Minivillad Haapsalus","potentialAction":[{"@type":"SearchAction","target":{"@type":"EntryPoint","urlTemplate":"https:\/\/scandiumliving.ee\/tinymarienholm\/?s={search_term_string}"},"query-input":{"@type":"PropertyValueSpecification","valueRequired":true,"valueName":"search_term_string"}}],"inLanguage":"et"}]}},"_links":{"self":[{"href":"https:\/\/scandiumliving.ee\/tinymarienholm\/wp-json\/wp\/v2\/pages\/815","targetHints":{"allow":["GET"]}}],"collection":[{"href":"https:\/\/scandiumliving.ee\/tinymarienholm\/wp-json\/wp\/v2\/pages"}],"about":[{"href":"https:\/\/scandiumliving.ee\/tinymarienholm\/wp-json\/wp\/v2\/types\/page"}],"author":[{"embeddable":true,"href":"https:\/\/scandiumliving.ee\/tinymarienholm\/wp-json\/wp\/v2\/users\/3"}],"replies":[{"embeddable":true,"href":"https:\/\/scandiumliving.ee\/tinymarienholm\/wp-json\/wp\/v2\/comments?post=815"}],"version-history":[{"count":23,"href":"https:\/\/scandiumliving.ee\/tinymarienholm\/wp-json\/wp\/v2\/pages\/815\/revisions"}],"predecessor-version":[{"id":2914,"href":"https:\/\/scandiumliving.ee\/tinymarienholm\/wp-json\/wp\/v2\/pages\/815\/revisions\/2914"}],"wp:attachment":[{"href":"https:\/\/scandiumliving.ee\/tinymarienholm\/wp-json\/wp\/v2\/media?parent=815"}],"curies":[{"name":"wp","href":"https:\/\/api.w.org\/{rel}","templated":true}]}}